{"id":241,"date":"2021-11-06T18:32:13","date_gmt":"2021-11-06T18:32:13","guid":{"rendered":"http:\/\/searasportscom.codeorange.codeorange.host\/?page_id=241"},"modified":"2021-11-22T15:27:23","modified_gmt":"2021-11-22T15:27:23","slug":"commercial-fitness","status":"publish","type":"page","link":"https:\/\/searasports.zestdevelopment.com\/vi\/solutions\/commercial-fitness\/","title":{"rendered":"Th\u1ec3 Thao Chuy\u00ean Nghi\u1ec7p"},"content":{"rendered":"<div data-elementor-type=\"wp-page\" data-elementor-id=\"241\" class=\"elementor elementor-241\" data-elementor-post-type=\"page\">\n\t\t\t\t\t\t<section class=\"elementor-section elementor-top-section elementor-element elementor-element-4723dea1 elementor-section-height-min-height elementor-section-boxed elementor-section-height-default elementor-section-items-middle\" data-id=\"4723dea1\" data-element_type=\"section\" data-e-type=\"section\" data-settings=\"{&quot;background_background&quot;:&quot;classic&quot;}\">\n\t\t\t\t\t\t<div class=\"elementor-container elementor-column-gap-default\">\n\t\t\t\t\t<div class=\"elementor-column elementor-col-100 elementor-top-column elementor-element elementor-element-652a154\" data-id=\"652a154\" data-element_type=\"column\" data-e-type=\"column\">\n\t\t\t<div class=\"elementor-widget-wrap elementor-element-populated\">\n\t\t\t\t\t\t<div class=\"elementor-element elementor-element-3f3b85bf elementor-widget elementor-widget-heading\" data-id=\"3f3b85bf\" data-element_type=\"widget\" data-e-type=\"widget\" data-widget_type=\"heading.default\">\n\t\t\t\t<div class=\"elementor-widget-container\">\n\t\t\t\t\t<h2 class=\"elementor-heading-title elementor-size-default\">Th\u1ec3 Thao Chuy\u00ean Nghi\u1ec7p<\/h2>\t\t\t\t<\/div>\n\t\t\t\t<\/div>\n\t\t\t\t\t<\/div>\n\t\t<\/div>\n\t\t\t\t\t<\/div>\n\t\t<\/section>\n\t\t\t\t<section class=\"elementor-section elementor-top-section elementor-element elementor-element-7688ef95 elementor-section-boxed elementor-section-height-default elementor-section-height-default\" data-id=\"7688ef95\" data-element_type=\"section\" data-e-type=\"section\">\n\t\t\t\t\t\t<div class=\"elementor-container elementor-column-gap-default\">\n\t\t\t\t\t<div class=\"elementor-column elementor-col-33 elementor-top-column elementor-element elementor-element-28598bed\" data-id=\"28598bed\" data-element_type=\"column\" data-e-type=\"column\">\n\t\t\t<div class=\"elementor-widget-wrap elementor-element-populated\">\n\t\t\t\t\t\t<div class=\"elementor-element elementor-element-77582fb2 elementor-widget elementor-widget-heading\" data-id=\"77582fb2\" data-element_type=\"widget\" data-e-type=\"widget\" data-widget_type=\"heading.default\">\n\t\t\t\t<div class=\"elementor-widget-container\">\n\t\t\t\t\t<h3 class=\"elementor-heading-title elementor-size-default\">T\u00e0i s\u1ea3n ch\u1ea5t l\u01b0\u1ee3ng v\u00e0 Trung t\u00e2m sinh l\u1ee3i<\/h3>\t\t\t\t<\/div>\n\t\t\t\t<\/div>\n\t\t\t\t<div class=\"elementor-element elementor-element-29ac23f5 elementor-widget-divider--view-line elementor-widget elementor-widget-divider\" data-id=\"29ac23f5\" data-element_type=\"widget\" data-e-type=\"widget\" data-widget_type=\"divider.default\">\n\t\t\t\t<div class=\"elementor-widget-container\">\n\t\t\t\t\t\t\t<div class=\"elementor-divider\">\n\t\t\t<span class=\"elementor-divider-separator\">\n\t\t\t\t\t\t<\/span>\n\t\t<\/div>\n\t\t\t\t\t\t<\/div>\n\t\t\t\t<\/div>\n\t\t\t\t\t<\/div>\n\t\t<\/div>\n\t\t\t\t<div class=\"elementor-column elementor-col-66 elementor-top-column elementor-element elementor-element-59a985db\" data-id=\"59a985db\" data-element_type=\"column\" data-e-type=\"column\">\n\t\t\t<div class=\"elementor-widget-wrap elementor-element-populated\">\n\t\t\t\t\t\t<div class=\"elementor-element elementor-element-2ac42d52 elementor-widget elementor-widget-text-editor\" data-id=\"2ac42d52\" data-element_type=\"widget\" data-e-type=\"widget\" data-widget_type=\"text-editor.default\">\n\t\t\t\t<div class=\"elementor-widget-container\">\n\t\t\t\t\t\t\t\t\t<p>Seara d\u1eabn \u0111\u1ea7u th\u1ecb tr\u01b0\u1eddng cung c\u1ea5p c\u00e1c thi\u1ebft b\u1ecb th\u1ec3 thao chuy\u00ean nghi\u1ec7p ch\u1ea5t l\u01b0\u1ee3ng \u0111\u1ea1t ti\u00eau chu\u1ea9n qu\u1ed1c t\u1ebf. Trong s\u1ed1 nhi\u1ec1u th\u01b0\u01a1ng hi\u1ec7u ch\u1ea5t l\u01b0\u1ee3ng do Seara \u0111\u1ea1i di\u1ec7n tr\u00ean th\u1ecb tr\u01b0\u1eddng khu v\u1ef1c, Life Fitness l\u00e0 th\u01b0\u01a1ng hi\u1ec7u Qu\u1ed1c t\u1ebf h\u00e0ng \u0111\u1ea7u trong ng\u00e0nh n\u00e0y. Seara l\u00e0 nh\u00e0 ph\u00e2n ph\u1ed1i l\u00e2u \u0111\u1eddi nh\u1ea5t c\u1ee7a Life Fitness \u1edf khu v\u1ef1c Ch\u00e2u \u00c1 Th\u00e1i B\u00ecnh D\u01b0\u01a1ng, \u0111\u1ea1i di\u1ec7n cho th\u01b0\u01a1ng hi\u1ec7u n\u00e0y t\u1eeb n\u0103m 1991. Life Fitness x\u00e2y d\u1ef1ng n\u1ec1n t\u1ea3ng t\u1eeb vi\u1ec7c ph\u00e1t minh ra chi\u1ebfc xe \u0111\u1ea1p t\u1eadp th\u1ec3 d\u1ee5c \u0111\u1ea7u ti\u00ean tr\u00ean th\u1ebf gi\u1edbi, Lifecycle, v\u00e0o n\u0103m 1968. Ng\u00e0y nay, Life Fitness l\u00e0 c\u00f4ng ty thi\u1ebft b\u1ecb th\u1ec3 d\u1ee5c l\u1edbn nh\u1ea5t th\u1ebf gi\u1edbi v\u1edbi h\u01a1n 1.700 nh\u00e2n vi\u00ean v\u00e0 m\u01b0\u1eddi hai c\u01a1 s\u1edf s\u1ea3n xu\u1ea5t tr\u00ean kh\u1eafp th\u1ebf gi\u1edbi.<\/p><p>Seara ho\u00e0n to\u00e0n c\u00f3 th\u1ec3 t\u1ef1 h\u00e0o v\u1ec1 kh\u1ea3 n\u0103ng h\u1ed7 tr\u1ee3 kh\u00e1ch h\u00e0ng l\u1eadp k\u1ebf ho\u1ea1ch cho t\u1eebng d\u1ef1 \u00e1n theo m\u1ee5c ti\u00eau c\u1ea1nh tranh c\u0169ng nh\u01b0 m\u1ee5c ti\u00eau v\u1ec1 v\u1ecb tr\u00ed th\u1ecb tr\u01b0\u1eddng c\u1ee7a h\u1ecd. Seara kh\u00f4ng ch\u1ec9 l\u00e0 m\u1ed9t c\u00f4ng ty th\u01b0\u01a1ng m\u1ea1i \u0111\u1ea1i di\u1ec7n cho m\u1ed9t th\u01b0\u01a1ng hi\u1ec7u l\u1edbn duy nh\u1ea5t; ch\u00fang t\u00f4i cho r\u1eb1ng kh\u00f4ng m\u1ed9t th\u01b0\u01a1ng hi\u1ec7u \u0111\u01a1n l\u1ebb n\u00e0o c\u00f3 th\u1ec3 cung c\u1ea5p c\u00e1c s\u1ea3n ph\u1ea9m t\u1ed1t nh\u1ea5t v\u00e0 s\u00e1ng t\u1ea1o nh\u1ea5t trong ng\u00e0nh thi\u1ebft b\u1ecb th\u1ec3 d\u1ee5c v\u00e0 s\u1ee9c kh\u1ecfe kh\u00f4ng ng\u1eebng thay \u0111\u1ed5i nh\u01b0 hi\u1ec7n nay. C\u00e1c s\u1ea3n ph\u1ea9m m\u00e0 Seara \u0111\u1ea1i di\u1ec7n l\u00e0 nh\u1eefng s\u1ea3n ph\u1ea9m m\u00e0 ch\u00ednh ch\u00fang t\u00f4i s\u1ebd \u0111\u1ea7u t\u01b0 n\u1ebfu ch\u00fang t\u00f4i l\u00e0 nh\u00e0 \u0111i\u1ec1u h\u00e0nh \u0111ang n\u1ed7 l\u1ef1c d\u1eabn \u0111\u1ea7u th\u1ecb tr\u01b0\u1eddng c\u1ee7a m\u00ecnh. Seara s\u1ebd kh\u00f4ng b\u00e1n nh\u1eefng thi\u1ebft b\u1ecb m\u00e0 ch\u00fang t\u00f4i kh\u00f4ng th\u1ec3 cung c\u1ea5p d\u1ecbch v\u1ee5 b\u1ea3o d\u01b0\u1ee1ng to\u00e0n b\u1ed9. \u0110\u00e2y l\u00e0 s\u1ef1 \u0111\u1ea3m b\u1ea3o c\u1ee7a ch\u00fang t\u00f4i v\u1edbi kh\u00e1ch h\u00e0ng \u0111\u1ec3 duy tr\u00ec c\u00e1c t\u00e0i s\u1ea3n m\u00e0 h\u1ecd \u0111\u1ea7u t\u01b0 lu\u00f4n \u1edf t\u00ecnh tr\u1ea1ng t\u1ed1t nh\u1ea5t, nh\u1eb1m t\u0103ng tu\u1ed5i th\u1ecd v\u00e0 c\u1ea3 kh\u1ea3 n\u0103ng sinh l\u1ee3i.<\/p>\t\t\t\t\t\t\t\t<\/div>\n\t\t\t\t<\/div>\n\t\t\t\t\t<\/div>\n\t\t<\/div>\n\t\t\t\t\t<\/div>\n\t\t<\/section>\n\t\t\t\t<section class=\"elementor-section elementor-top-section elementor-element elementor-element-112ac0bd elementor-section-boxed elementor-section-height-default elementor-section-height-default\" data-id=\"112ac0bd\" data-element_type=\"section\" data-e-type=\"section\">\n\t\t\t\t\t\t<div class=\"elementor-container elementor-column-gap-default\">\n\t\t\t\t\t<div class=\"elementor-column elementor-col-100 elementor-top-column elementor-element elementor-element-54aae36\" data-id=\"54aae36\" data-element_type=\"column\" data-e-type=\"column\">\n\t\t\t<div class=\"elementor-widget-wrap elementor-element-populated\">\n\t\t\t\t\t\t<div class=\"elementor-element elementor-element-2c1bc371 elementor-widget elementor-widget-heading\" data-id=\"2c1bc371\" data-element_type=\"widget\" data-e-type=\"widget\" data-widget_type=\"heading.default\">\n\t\t\t\t<div class=\"elementor-widget-container\">\n\t\t\t\t\t<h3 class=\"elementor-heading-title elementor-size-default\">Products and Services<\/h3>\t\t\t\t<\/div>\n\t\t\t\t<\/div>\n\t\t\t\t<div class=\"elementor-element elementor-element-295f8646 elementor-widget-divider--view-line elementor-widget elementor-widget-divider\" data-id=\"295f8646\" data-element_type=\"widget\" data-e-type=\"widget\" data-widget_type=\"divider.default\">\n\t\t\t\t<div class=\"elementor-widget-container\">\n\t\t\t\t\t\t\t<div class=\"elementor-divider\">\n\t\t\t<span class=\"elementor-divider-separator\">\n\t\t\t\t\t\t<\/span>\n\t\t<\/div>\n\t\t\t\t\t\t<\/div>\n\t\t\t\t<\/div>\n\t\t\t\t<div class=\"elementor-element elementor-element-425ff50 elementor-grid-3 elementor-grid-tablet-2 elementor-grid-mobile-1 elementor-widget elementor-widget-portfolio\" data-id=\"425ff50\" data-element_type=\"widget\" data-e-type=\"widget\" data-settings=\"{&quot;row_gap&quot;:{&quot;unit&quot;:&quot;px&quot;,&quot;size&quot;:30,&quot;sizes&quot;:[]},&quot;columns&quot;:&quot;3&quot;,&quot;columns_tablet&quot;:&quot;2&quot;,&quot;columns_mobile&quot;:&quot;1&quot;,&quot;item_ratio&quot;:{&quot;unit&quot;:&quot;px&quot;,&quot;size&quot;:0.66,&quot;sizes&quot;:[]},&quot;item_gap&quot;:{&quot;unit&quot;:&quot;px&quot;,&quot;size&quot;:&quot;&quot;,&quot;sizes&quot;:[]}}\" data-widget_type=\"portfolio.default\">\n\t\t\t\t<div class=\"elementor-widget-container\">\n\t\t\t\t\t\t\t<div class=\"elementor-portfolio elementor-grid elementor-posts-container\" role=\"list\">\r\n\t\t\t\t<article class=\"elementor-portfolio-item elementor-post  post-4082 products_services type-products_services status-publish has-post-thumbnail hentry\" role=\"listitem\">\r\n\t\t\t<a class=\"elementor-post__thumbnail__link\" href=\"https:\/\/searasports.zestdevelopment.com\/vi\/products_services\/active-rehabilitation\/\">\r\n\t\t\t\t<div class=\"elementor-portfolio-item__img elementor-post__thumbnail\">\r\n\t\t\t<img fetchpriority=\"high\" decoding=\"async\" width=\"300\" height=\"200\" src=\"https:\/\/searasports.zestdevelopment.com\/wp-content\/uploads\/2021\/11\/SciFit-Active-Rehabilitation-2-300x200.jpg\" class=\"attachment-medium size-medium wp-image-1672\" alt=\"SciFit Active Rehabilitation 2\" srcset=\"https:\/\/searasports.zestdevelopment.com\/wp-content\/uploads\/2021\/11\/SciFit-Active-Rehabilitation-2-300x200.jpg 300w, https:\/\/searasports.zestdevelopment.com\/wp-content\/uploads\/2021\/11\/SciFit-Active-Rehabilitation-2-1024x683.jpg 1024w, https:\/\/searasports.zestdevelopment.com\/wp-content\/uploads\/2021\/11\/SciFit-Active-Rehabilitation-2-768x512.jpg 768w, https:\/\/searasports.zestdevelopment.com\/wp-content\/uploads\/2021\/11\/SciFit-Active-Rehabilitation-2-18x12.jpg 18w, https:\/\/searasports.zestdevelopment.com\/wp-content\/uploads\/2021\/11\/SciFit-Active-Rehabilitation-2.jpg 1200w\" sizes=\"(max-width: 300px) 100vw, 300px\" \/>\t\t<\/div>\r\n\t\t\t\t<div class=\"elementor-portfolio-item__overlay\">\r\n\t\t\t\t<h4 class=\"elementor-portfolio-item__title\">\r\n\t\tT\u1eadp ph\u1ee5c h\u1ed3i ch\u1ee9c n\u0103ng ho\u1ea1t \u0111\u1ed9ng\t\t<\/h4>\r\n\t\t\t\t<\/div>\r\n\t\t\t\t<\/a>\r\n\t\t<\/article>\r\n\t\t\t\t<article class=\"elementor-portfolio-item elementor-post  post-4023 products_services type-products_services status-publish has-post-thumbnail hentry\" role=\"listitem\">\r\n\t\t\t<a class=\"elementor-post__thumbnail__link\" href=\"https:\/\/searasports.zestdevelopment.com\/vi\/products_services\/power-plate-vibratory-training\/\">\r\n\t\t\t\t<div class=\"elementor-portfolio-item__img elementor-post__thumbnail\">\r\n\t\t\t<img decoding=\"async\" width=\"300\" height=\"200\" src=\"https:\/\/searasports.zestdevelopment.com\/wp-content\/uploads\/2021\/11\/Power-Plate-Vibratory-Training-1-300x200.jpg\" class=\"attachment-medium size-medium wp-image-1656\" alt=\"Power Plate Vibratory Training 1\" srcset=\"https:\/\/searasports.zestdevelopment.com\/wp-content\/uploads\/2021\/11\/Power-Plate-Vibratory-Training-1-300x200.jpg 300w, https:\/\/searasports.zestdevelopment.com\/wp-content\/uploads\/2021\/11\/Power-Plate-Vibratory-Training-1-1024x683.jpg 1024w, https:\/\/searasports.zestdevelopment.com\/wp-content\/uploads\/2021\/11\/Power-Plate-Vibratory-Training-1-768x512.jpg 768w, https:\/\/searasports.zestdevelopment.com\/wp-content\/uploads\/2021\/11\/Power-Plate-Vibratory-Training-1-18x12.jpg 18w, https:\/\/searasports.zestdevelopment.com\/wp-content\/uploads\/2021\/11\/Power-Plate-Vibratory-Training-1.jpg 1200w\" sizes=\"(max-width: 300px) 100vw, 300px\" \/>\t\t<\/div>\r\n\t\t\t\t<div class=\"elementor-portfolio-item__overlay\">\r\n\t\t\t\t<h4 class=\"elementor-portfolio-item__title\">\r\n\t\tThi\u1ebft b\u1ecb t\u1eadp b\u1eb1ng m\u00e1y rung to\u00e0n th\u00e2n\t\t<\/h4>\r\n\t\t\t\t<\/div>\r\n\t\t\t\t<\/a>\r\n\t\t<\/article>\r\n\t\t\t\t<article class=\"elementor-portfolio-item elementor-post  post-3975 products_services type-products_services status-publish has-post-thumbnail hentry\" role=\"listitem\">\r\n\t\t\t<a class=\"elementor-post__thumbnail__link\" href=\"https:\/\/searasports.zestdevelopment.com\/vi\/products_services\/balanced-body-pilates\/\">\r\n\t\t\t\t<div class=\"elementor-portfolio-item__img elementor-post__thumbnail\">\r\n\t\t\t<img decoding=\"async\" width=\"300\" height=\"200\" src=\"https:\/\/searasports.zestdevelopment.com\/wp-content\/uploads\/2021\/11\/Balanced-Body-Pilates-1-300x200.jpg\" class=\"attachment-medium size-medium wp-image-1082\" alt=\"Balanced Body Pilates 1\" srcset=\"https:\/\/searasports.zestdevelopment.com\/wp-content\/uploads\/2021\/11\/Balanced-Body-Pilates-1-300x200.jpg 300w, https:\/\/searasports.zestdevelopment.com\/wp-content\/uploads\/2021\/11\/Balanced-Body-Pilates-1-1024x683.jpg 1024w, https:\/\/searasports.zestdevelopment.com\/wp-content\/uploads\/2021\/11\/Balanced-Body-Pilates-1-768x512.jpg 768w, https:\/\/searasports.zestdevelopment.com\/wp-content\/uploads\/2021\/11\/Balanced-Body-Pilates-1-18x12.jpg 18w, https:\/\/searasports.zestdevelopment.com\/wp-content\/uploads\/2021\/11\/Balanced-Body-Pilates-1.jpg 1200w\" sizes=\"(max-width: 300px) 100vw, 300px\" \/>\t\t<\/div>\r\n\t\t\t\t<div class=\"elementor-portfolio-item__overlay\">\r\n\t\t\t\t<h4 class=\"elementor-portfolio-item__title\">\r\n\t\tPilates c\u1ee7a Balanced Body\t\t<\/h4>\r\n\t\t\t\t<\/div>\r\n\t\t\t\t<\/a>\r\n\t\t<\/article>\r\n\t\t\t\t<article class=\"elementor-portfolio-item elementor-post  post-4081 products_services type-products_services status-publish has-post-thumbnail hentry\" role=\"listitem\">\r\n\t\t\t<a class=\"elementor-post__thumbnail__link\" href=\"https:\/\/searasports.zestdevelopment.com\/vi\/products_services\/functional-fitness\/\">\r\n\t\t\t\t<div class=\"elementor-portfolio-item__img elementor-post__thumbnail\">\r\n\t\t\t<img loading=\"lazy\" decoding=\"async\" width=\"300\" height=\"200\" src=\"https:\/\/searasports.zestdevelopment.com\/wp-content\/uploads\/2021\/11\/Functional-Fitness-1-300x200.jpg\" class=\"attachment-medium size-medium wp-image-2130\" alt=\"Functional Fitness 1\" srcset=\"https:\/\/searasports.zestdevelopment.com\/wp-content\/uploads\/2021\/11\/Functional-Fitness-1-300x200.jpg 300w, https:\/\/searasports.zestdevelopment.com\/wp-content\/uploads\/2021\/11\/Functional-Fitness-1-1024x683.jpg 1024w, https:\/\/searasports.zestdevelopment.com\/wp-content\/uploads\/2021\/11\/Functional-Fitness-1-768x512.jpg 768w, https:\/\/searasports.zestdevelopment.com\/wp-content\/uploads\/2021\/11\/Functional-Fitness-1-18x12.jpg 18w, https:\/\/searasports.zestdevelopment.com\/wp-content\/uploads\/2021\/11\/Functional-Fitness-1.jpg 1200w\" sizes=\"(max-width: 300px) 100vw, 300px\" \/>\t\t<\/div>\r\n\t\t\t\t<div class=\"elementor-portfolio-item__overlay\">\r\n\t\t\t\t<h4 class=\"elementor-portfolio-item__title\">\r\n\t\tM\u00e1y t\u1eadp Functional Fitness\t\t<\/h4>\r\n\t\t\t\t<\/div>\r\n\t\t\t\t<\/a>\r\n\t\t<\/article>\r\n\t\t\t\t<article class=\"elementor-portfolio-item elementor-post  post-4079 products_services type-products_services status-publish has-post-thumbnail hentry\" role=\"listitem\">\r\n\t\t\t<a class=\"elementor-post__thumbnail__link\" href=\"https:\/\/searasports.zestdevelopment.com\/vi\/products_services\/cardiovascular-training-equipment\/\">\r\n\t\t\t\t<div class=\"elementor-portfolio-item__img elementor-post__thumbnail\">\r\n\t\t\t<img loading=\"lazy\" decoding=\"async\" width=\"300\" height=\"200\" src=\"https:\/\/searasports.zestdevelopment.com\/wp-content\/uploads\/2021\/11\/Cardiovascular-Training-Equipment-1-300x200.jpg\" class=\"attachment-medium size-medium wp-image-2101\" alt=\"Cardiovascular Training Equipment 1\" srcset=\"https:\/\/searasports.zestdevelopment.com\/wp-content\/uploads\/2021\/11\/Cardiovascular-Training-Equipment-1-300x200.jpg 300w, https:\/\/searasports.zestdevelopment.com\/wp-content\/uploads\/2021\/11\/Cardiovascular-Training-Equipment-1-1024x683.jpg 1024w, https:\/\/searasports.zestdevelopment.com\/wp-content\/uploads\/2021\/11\/Cardiovascular-Training-Equipment-1-768x512.jpg 768w, https:\/\/searasports.zestdevelopment.com\/wp-content\/uploads\/2021\/11\/Cardiovascular-Training-Equipment-1-18x12.jpg 18w, https:\/\/searasports.zestdevelopment.com\/wp-content\/uploads\/2021\/11\/Cardiovascular-Training-Equipment-1.jpg 1200w\" sizes=\"(max-width: 300px) 100vw, 300px\" \/>\t\t<\/div>\r\n\t\t\t\t<div class=\"elementor-portfolio-item__overlay\">\r\n\t\t\t\t<h4 class=\"elementor-portfolio-item__title\">\r\n\t\tThi\u1ebft B\u1ecb T\u1eadp Tim M\u1ea1ch\t\t<\/h4>\r\n\t\t\t\t<\/div>\r\n\t\t\t\t<\/a>\r\n\t\t<\/article>\r\n\t\t\t\t<article class=\"elementor-portfolio-item elementor-post  post-4080 products_services type-products_services status-publish has-post-thumbnail hentry\" role=\"listitem\">\r\n\t\t\t<a class=\"elementor-post__thumbnail__link\" href=\"https:\/\/searasports.zestdevelopment.com\/vi\/products_services\/strength-training-equipment\/\">\r\n\t\t\t\t<div class=\"elementor-portfolio-item__img elementor-post__thumbnail\">\r\n\t\t\t<img loading=\"lazy\" decoding=\"async\" width=\"300\" height=\"200\" src=\"https:\/\/searasports.zestdevelopment.com\/wp-content\/uploads\/2021\/11\/Strength-Training-Equipment-1-300x200.jpg\" class=\"attachment-medium size-medium wp-image-2119\" alt=\"Strength Training Equipment 1\" srcset=\"https:\/\/searasports.zestdevelopment.com\/wp-content\/uploads\/2021\/11\/Strength-Training-Equipment-1-300x200.jpg 300w, https:\/\/searasports.zestdevelopment.com\/wp-content\/uploads\/2021\/11\/Strength-Training-Equipment-1-1024x683.jpg 1024w, https:\/\/searasports.zestdevelopment.com\/wp-content\/uploads\/2021\/11\/Strength-Training-Equipment-1-768x512.jpg 768w, https:\/\/searasports.zestdevelopment.com\/wp-content\/uploads\/2021\/11\/Strength-Training-Equipment-1-18x12.jpg 18w, https:\/\/searasports.zestdevelopment.com\/wp-content\/uploads\/2021\/11\/Strength-Training-Equipment-1.jpg 1200w\" sizes=\"(max-width: 300px) 100vw, 300px\" \/>\t\t<\/div>\r\n\t\t\t\t<div class=\"elementor-portfolio-item__overlay\">\r\n\t\t\t\t<h4 class=\"elementor-portfolio-item__title\">\r\n\t\tThi\u1ebft B\u1ecb T\u1eadp S\u1ee9c B\u1ec1n\t\t<\/h4>\r\n\t\t\t\t<\/div>\r\n\t\t\t\t<\/a>\r\n\t\t<\/article>\r\n\t\t\t\t<\/div>\r\n\t\t\t\t\t\t<\/div>\n\t\t\t\t<\/div>\n\t\t\t\t\t<\/div>\n\t\t<\/div>\n\t\t\t\t\t<\/div>\n\t\t<\/section>\n\t\t\t\t<\/div>","protected":false},"excerpt":{"rendered":"<p>Quality Assets And Profit Centers Seara is the market leader in supplying quality world standard commercial fitness equipment. Among many quality brands represented by Seara in the regional market, Life Fitness is the premier International brand in this industry. Seara is the oldest distributor for life Fitness in the Asia Pacific region having represented this [&hellip;]<\/p>","protected":false},"author":1,"featured_media":200,"parent":198,"menu_order":0,"comment_status":"closed","ping_status":"closed","template":"","meta":{"footnotes":""},"class_list":["post-241","page","type-page","status-publish","has-post-thumbnail","hentry"],"_links":{"self":[{"href":"https:\/\/searasports.zestdevelopment.com\/vi\/wp-json\/wp\/v2\/pages\/241","targetHints":{"allow":["GET"]}}],"collection":[{"href":"https:\/\/searasports.zestdevelopment.com\/vi\/wp-json\/wp\/v2\/pages"}],"about":[{"href":"https:\/\/searasports.zestdevelopment.com\/vi\/wp-json\/wp\/v2\/types\/page"}],"author":[{"embeddable":true,"href":"https:\/\/searasports.zestdevelopment.com\/vi\/wp-json\/wp\/v2\/users\/1"}],"replies":[{"embeddable":true,"href":"https:\/\/searasports.zestdevelopment.com\/vi\/wp-json\/wp\/v2\/comments?post=241"}],"version-history":[{"count":0,"href":"https:\/\/searasports.zestdevelopment.com\/vi\/wp-json\/wp\/v2\/pages\/241\/revisions"}],"up":[{"embeddable":true,"href":"https:\/\/searasports.zestdevelopment.com\/vi\/wp-json\/wp\/v2\/pages\/198"}],"wp:featuredmedia":[{"embeddable":true,"href":"https:\/\/searasports.zestdevelopment.com\/vi\/wp-json\/wp\/v2\/media\/200"}],"wp:attachment":[{"href":"https:\/\/searasports.zestdevelopment.com\/vi\/wp-json\/wp\/v2\/media?parent=241"}],"curies":[{"name":"wp","href":"https:\/\/api.w.org\/{rel}","templated":true}]}}