{"id":244,"date":"2021-11-06T18:33:02","date_gmt":"2021-11-06T11:33:02","guid":{"rendered":"http:\/\/searasportscom.codeorange.codeorange.host\/?page_id=244"},"modified":"2021-12-22T15:16:47","modified_gmt":"2021-12-22T08:16:47","slug":"home-fitness-2","status":"publish","type":"page","link":"https:\/\/searasports.zestdevelopment.com\/vi\/solutions\/home-fitness-2\/","title":{"rendered":"Ph\u00f2ng T\u1eadp Th\u1ec3 D\u1ee5c T\u1ea1i Nh\u00e0"},"content":{"rendered":"<div data-elementor-type=\"wp-page\" data-elementor-id=\"244\" class=\"elementor elementor-244\" data-elementor-post-type=\"page\">\n\t\t\t\t\t\t<section class=\"elementor-section elementor-top-section elementor-element elementor-element-4723dea1 elementor-section-height-min-height elementor-section-boxed elementor-section-height-default elementor-section-items-middle\" data-id=\"4723dea1\" data-element_type=\"section\" data-e-type=\"section\" data-settings=\"{&quot;background_background&quot;:&quot;classic&quot;}\">\n\t\t\t\t\t\t<div class=\"elementor-container elementor-column-gap-default\">\n\t\t\t\t\t<div class=\"elementor-column elementor-col-100 elementor-top-column elementor-element elementor-element-652a154\" data-id=\"652a154\" data-element_type=\"column\" data-e-type=\"column\">\n\t\t\t<div class=\"elementor-widget-wrap elementor-element-populated\">\n\t\t\t\t\t\t<div class=\"elementor-element elementor-element-3f3b85bf elementor-widget elementor-widget-heading\" data-id=\"3f3b85bf\" data-element_type=\"widget\" data-e-type=\"widget\" data-widget_type=\"heading.default\">\n\t\t\t\t<div class=\"elementor-widget-container\">\n\t\t\t\t\t<h2 class=\"elementor-heading-title elementor-size-default\">Ph\u00f2ng T\u1eadp Th\u1ec3 D\u1ee5c T\u1ea1i Nh\u00e0<\/h2>\t\t\t\t<\/div>\n\t\t\t\t<\/div>\n\t\t\t\t\t<\/div>\n\t\t<\/div>\n\t\t\t\t\t<\/div>\n\t\t<\/section>\n\t\t\t\t<section class=\"elementor-section elementor-top-section elementor-element elementor-element-7688ef95 elementor-section-boxed elementor-section-height-default elementor-section-height-default\" data-id=\"7688ef95\" data-element_type=\"section\" data-e-type=\"section\">\n\t\t\t\t\t\t<div class=\"elementor-container elementor-column-gap-default\">\n\t\t\t\t\t<div class=\"elementor-column elementor-col-33 elementor-top-column elementor-element elementor-element-28598bed\" data-id=\"28598bed\" data-element_type=\"column\" data-e-type=\"column\">\n\t\t\t<div class=\"elementor-widget-wrap elementor-element-populated\">\n\t\t\t\t\t\t<div class=\"elementor-element elementor-element-77582fb2 elementor-widget elementor-widget-heading\" data-id=\"77582fb2\" data-element_type=\"widget\" data-e-type=\"widget\" data-widget_type=\"heading.default\">\n\t\t\t\t<div class=\"elementor-widget-container\">\n\t\t\t\t\t<h3 class=\"elementor-heading-title elementor-size-default\">Cho d\u00f9 \u1edf nh\u00e0, \u1edf n\u01a1i l\u00e0m vi\u1ec7c hay \u1edf khu vui ch\u01a1i, Seara lu\u00f4n h\u1ed7 tr\u1ee3 phong c\u00e1ch s\u1ed1ng n\u0103ng \u0111\u1ed9ng<\/h3>\t\t\t\t<\/div>\n\t\t\t\t<\/div>\n\t\t\t\t<div class=\"elementor-element elementor-element-29ac23f5 elementor-widget-divider--view-line elementor-widget elementor-widget-divider\" data-id=\"29ac23f5\" data-element_type=\"widget\" data-e-type=\"widget\" data-widget_type=\"divider.default\">\n\t\t\t\t<div class=\"elementor-widget-container\">\n\t\t\t\t\t\t\t<div class=\"elementor-divider\">\n\t\t\t<span class=\"elementor-divider-separator\">\n\t\t\t\t\t\t<\/span>\n\t\t<\/div>\n\t\t\t\t\t\t<\/div>\n\t\t\t\t<\/div>\n\t\t\t\t\t<\/div>\n\t\t<\/div>\n\t\t\t\t<div class=\"elementor-column elementor-col-66 elementor-top-column elementor-element elementor-element-59a985db\" data-id=\"59a985db\" data-element_type=\"column\" data-e-type=\"column\">\n\t\t\t<div class=\"elementor-widget-wrap elementor-element-populated\">\n\t\t\t\t\t\t<div class=\"elementor-element elementor-element-2ac42d52 elementor-widget elementor-widget-text-editor\" data-id=\"2ac42d52\" data-element_type=\"widget\" data-e-type=\"widget\" data-widget_type=\"text-editor.default\">\n\t\t\t\t<div class=\"elementor-widget-container\">\n\t\t\t\t\t\t\t\t\t<p>Sports Engineering And Recreation Asia Ltd (Seara) c\u00f3 h\u1ec7 th\u1ed1ng c\u1eeda h\u00e0ng b\u00e1n l\u1ebb r\u1ed9ng kh\u1eafp \u1edf \u0110\u00f4ng D\u01b0\u01a1ng v\u00e0 \u0110\u00f4ng \u00c1. G\u1ea7n nh\u01b0 t\u1ea5t c\u1ea3 c\u00e1c v\u0103n ph\u00f2ng th\u01b0\u01a1ng m\u1ea1i \u0111\u1ec1u c\u00f3 c\u00e1c c\u1eeda h\u00e0ng tr\u01b0ng b\u00e0y c\u00e1c s\u1ea3n ph\u1ea9m t\u1eadp th\u1ec3 d\u1ee5c t\u1ea1i nh\u00e0 cao c\u1ea5p \u0111\u1ebfn t\u1eeb c\u00e1c th\u01b0\u01a1ng hi\u1ec7u gi\u1ed1ng nh\u01b0 th\u01b0\u01a1ng hi\u1ec7u ch\u00fang ta th\u01b0\u1eddng th\u1ea5y t\u1ea1i c\u00e1c c\u01a1 s\u1edf t\u1eadp th\u1ec3 d\u1ee5c th\u01b0\u01a1ng m\u1ea1i h\u00e0ng \u0111\u1ea7u. Seara \u0111\u1ea3m b\u1ea3o r\u1eb1ng c\u00e1c c\u1eeda h\u00e0ng c\u1ee7a m\u00ecnh kh\u00f4ng ph\u1ea3i l\u00e0 nh\u00e0 b\u00e1n l\u1ebb \u0111\u1ea1i tr\u00e0 tr\u00ean th\u1ecb tr\u01b0\u1eddng, thay v\u00e0o \u0111\u00f3 ng\u01b0\u1eddi ti\u00eau d\u00f9ng c\u00f3 c\u01a1 h\u1ed9i mua c\u00e1c s\u1ea3n ph\u1ea9m ch\u1ea5t l\u01b0\u1ee3ng cao h\u01a1n tr\u1ef1c ti\u1ebfp t\u1eeb Seara t\u1ea1i c\u00e1c c\u1eeda h\u00e0ng v\u1edbi t\u01b0 c\u00e1ch l\u00e0 nh\u00e0 ph\u00e2n ph\u1ed1i v\u00e0 nh\u00e0 nh\u1eadp kh\u1ea9u \u0111\u01b0\u1ee3c \u1ee7y quy\u1ec1n. Kh\u00f4ng t\u1ed3n t\u1ea1i \u0111\u1ea1i l\u00fd trung gian n\u00e0o khi\u1ebfn cho s\u1ea3n ph\u1ea9m t\u0103ng gi\u00e1. Seara s\u1ebd kh\u00f4ng b\u00e1n nh\u1eefng thi\u1ebft b\u1ecb m\u00e0 \u0111\u1ed9i ng\u0169 b\u1ea3o d\u01b0\u1ee1ng c\u1ee7a ch\u00fang t\u00f4i kh\u00f4ng th\u1ec3 s\u1eeda ch\u1eefa \u0111\u01b0\u1ee3c. M\u1ed7i th\u01b0\u01a1ng hi\u1ec7u ch\u00fang t\u00f4i \u0111\u1ea1i di\u1ec7n l\u00e0 m\u1ed9t \u0111\u1ed1i t\u00e1c \u0111\u00e1ng tin c\u1eady l\u00e2u n\u0103m. V\u00ed d\u1ee5, Seara l\u00e0 nh\u00e0 ph\u00e2n ph\u1ed1i l\u00e2u \u0111\u1eddi nh\u1ea5t c\u1ee7a Life Fitness t\u1ea1i khu v\u1ef1c Ch\u00e2u \u00c1 - Th\u00e1i B\u00ecnh D\u01b0\u01a1ng. Khi b\u1ea1n mua m\u1ed9t thi\u1ebft b\u1ecb t\u1eadp th\u1ec3 d\u1ee5c t\u1ea1i nh\u00e0 t\u1eeb Seara, b\u1ea1n c\u00f3 th\u1ec3 n\u00e2ng c\u1ea5p ho\u1eb7c \u0111\u1ed5i thi\u1ebft b\u1ecb b\u1ea5t c\u1ee9 l\u00fac n\u00e0o v\u00ec ch\u00fang t\u00f4i \u0111\u1ea3m b\u1ea3o trao \u0111\u00f4\u0309i v\u00e0 mua l\u1ea1i. D\u1ecbch v\u1ee5 \u01b0u vi\u1ec7t n\u00e0y l\u00e0 l\u00fd do khi\u1ebfn nhi\u1ec1u ng\u01b0\u1eddi ti\u00eau d\u00f9ng \u0111\u1ebfn v\u1edbi Seara \u0111\u1ec3 mua thi\u1ebft b\u1ecb t\u1ea1i nh\u00e0 ho\u1eb7c th\u01b0\u01a1ng m\u1ea1i \u0111\u00e3 t\u1eebng \u0111\u01b0\u1ee3c s\u1edf h\u1eefu tr\u01b0\u1edbc \u0111\u00e2y. B\u1ea1n kh\u00f4ng th\u1ec3 c\u00f3 \u0111\u01b0\u1ee3c \u0111i\u1ec1u n\u00e0y t\u1eeb c\u00e1c c\u1eeda h\u00e0ng b\u00e1ch h\u00f3a ho\u1eb7c ng\u01b0\u1eddi b\u00e1n tr\u1ef1c tuy\u1ebfn c\u00e1c thi\u1ebft b\u1ecb d\u00e0nh cho ng\u01b0\u1eddi m\u1edbi t\u1eadp luy\u1ec7n.<\/p>\t\t\t\t\t\t\t\t<\/div>\n\t\t\t\t<\/div>\n\t\t\t\t\t<\/div>\n\t\t<\/div>\n\t\t\t\t\t<\/div>\n\t\t<\/section>\n\t\t\t\t<section class=\"elementor-section elementor-top-section elementor-element elementor-element-112ac0bd elementor-section-boxed elementor-section-height-default elementor-section-height-default\" data-id=\"112ac0bd\" data-element_type=\"section\" data-e-type=\"section\">\n\t\t\t\t\t\t<div class=\"elementor-container elementor-column-gap-default\">\n\t\t\t\t\t<div class=\"elementor-column elementor-col-100 elementor-top-column elementor-element elementor-element-54aae36\" data-id=\"54aae36\" data-element_type=\"column\" data-e-type=\"column\">\n\t\t\t<div class=\"elementor-widget-wrap elementor-element-populated\">\n\t\t\t\t\t\t<div class=\"elementor-element elementor-element-2c1bc371 elementor-widget elementor-widget-heading\" data-id=\"2c1bc371\" data-element_type=\"widget\" data-e-type=\"widget\" data-widget_type=\"heading.default\">\n\t\t\t\t<div class=\"elementor-widget-container\">\n\t\t\t\t\t<h3 class=\"elementor-heading-title elementor-size-default\">Products and Services<\/h3>\t\t\t\t<\/div>\n\t\t\t\t<\/div>\n\t\t\t\t<div class=\"elementor-element elementor-element-295f8646 elementor-widget-divider--view-line elementor-widget elementor-widget-divider\" data-id=\"295f8646\" data-element_type=\"widget\" data-e-type=\"widget\" data-widget_type=\"divider.default\">\n\t\t\t\t<div class=\"elementor-widget-container\">\n\t\t\t\t\t\t\t<div class=\"elementor-divider\">\n\t\t\t<span class=\"elementor-divider-separator\">\n\t\t\t\t\t\t<\/span>\n\t\t<\/div>\n\t\t\t\t\t\t<\/div>\n\t\t\t\t<\/div>\n\t\t\t\t<div class=\"elementor-element elementor-element-e63d7e2 elementor-grid-3 elementor-grid-tablet-2 elementor-grid-mobile-1 elementor-widget elementor-widget-portfolio\" data-id=\"e63d7e2\" data-element_type=\"widget\" data-e-type=\"widget\" data-settings=\"{&quot;row_gap&quot;:{&quot;unit&quot;:&quot;px&quot;,&quot;size&quot;:30,&quot;sizes&quot;:[]},&quot;columns&quot;:&quot;3&quot;,&quot;columns_tablet&quot;:&quot;2&quot;,&quot;columns_mobile&quot;:&quot;1&quot;,&quot;item_ratio&quot;:{&quot;unit&quot;:&quot;px&quot;,&quot;size&quot;:0.66,&quot;sizes&quot;:[]},&quot;item_gap&quot;:{&quot;unit&quot;:&quot;px&quot;,&quot;size&quot;:&quot;&quot;,&quot;sizes&quot;:[]}}\" data-widget_type=\"portfolio.default\">\n\t\t\t\t<div class=\"elementor-widget-container\">\n\t\t\t\t\t\t\t<div class=\"elementor-portfolio elementor-grid elementor-posts-container\" role=\"list\">\r\n\t\t\t\t<article class=\"elementor-portfolio-item elementor-post  post-3975 products_services type-products_services status-publish has-post-thumbnail hentry\" role=\"listitem\">\r\n\t\t\t<a class=\"elementor-post__thumbnail__link\" href=\"https:\/\/searasports.zestdevelopment.com\/vi\/products_services\/balanced-body-pilates\/\">\r\n\t\t\t\t<div class=\"elementor-portfolio-item__img elementor-post__thumbnail\">\r\n\t\t\t<img fetchpriority=\"high\" decoding=\"async\" width=\"300\" height=\"200\" src=\"https:\/\/searasports.zestdevelopment.com\/wp-content\/uploads\/2021\/11\/Balanced-Body-Pilates-1-300x200.jpg\" class=\"attachment-medium size-medium wp-image-1082\" alt=\"Balanced Body Pilates 1\" srcset=\"https:\/\/searasports.zestdevelopment.com\/wp-content\/uploads\/2021\/11\/Balanced-Body-Pilates-1-300x200.jpg 300w, https:\/\/searasports.zestdevelopment.com\/wp-content\/uploads\/2021\/11\/Balanced-Body-Pilates-1-1024x683.jpg 1024w, https:\/\/searasports.zestdevelopment.com\/wp-content\/uploads\/2021\/11\/Balanced-Body-Pilates-1-768x512.jpg 768w, https:\/\/searasports.zestdevelopment.com\/wp-content\/uploads\/2021\/11\/Balanced-Body-Pilates-1-18x12.jpg 18w, https:\/\/searasports.zestdevelopment.com\/wp-content\/uploads\/2021\/11\/Balanced-Body-Pilates-1.jpg 1200w\" sizes=\"(max-width: 300px) 100vw, 300px\" \/>\t\t<\/div>\r\n\t\t\t\t<div class=\"elementor-portfolio-item__overlay\">\r\n\t\t\t\t<h4 class=\"elementor-portfolio-item__title\">\r\n\t\tPilates c\u1ee7a Balanced Body\t\t<\/h4>\r\n\t\t\t\t<\/div>\r\n\t\t\t\t<\/a>\r\n\t\t<\/article>\r\n\t\t\t\t<article class=\"elementor-portfolio-item elementor-post  post-4087 products_services type-products_services status-publish has-post-thumbnail hentry\" role=\"listitem\">\r\n\t\t\t<a class=\"elementor-post__thumbnail__link\" href=\"https:\/\/searasports.zestdevelopment.com\/vi\/products_services\/multigym-systems\/\">\r\n\t\t\t\t<div class=\"elementor-portfolio-item__img elementor-post__thumbnail\">\r\n\t\t\t<img decoding=\"async\" width=\"300\" height=\"200\" src=\"https:\/\/searasports.zestdevelopment.com\/wp-content\/uploads\/2021\/11\/Multigym-Systems-1-300x200.jpg\" class=\"attachment-medium size-medium wp-image-2223\" alt=\"Multigym Systems 1\" srcset=\"https:\/\/searasports.zestdevelopment.com\/wp-content\/uploads\/2021\/11\/Multigym-Systems-1-300x200.jpg 300w, https:\/\/searasports.zestdevelopment.com\/wp-content\/uploads\/2021\/11\/Multigym-Systems-1-1024x683.jpg 1024w, https:\/\/searasports.zestdevelopment.com\/wp-content\/uploads\/2021\/11\/Multigym-Systems-1-768x512.jpg 768w, https:\/\/searasports.zestdevelopment.com\/wp-content\/uploads\/2021\/11\/Multigym-Systems-1-18x12.jpg 18w, https:\/\/searasports.zestdevelopment.com\/wp-content\/uploads\/2021\/11\/Multigym-Systems-1.jpg 1200w\" sizes=\"(max-width: 300px) 100vw, 300px\" \/>\t\t<\/div>\r\n\t\t\t\t<div class=\"elementor-portfolio-item__overlay\">\r\n\t\t\t\t<h4 class=\"elementor-portfolio-item__title\">\r\n\t\tH\u1ec7 th\u1ed1ng t\u1eadp \u0111a thi\u1ebft b\u1ecb\t\t<\/h4>\r\n\t\t\t\t<\/div>\r\n\t\t\t\t<\/a>\r\n\t\t<\/article>\r\n\t\t\t\t<article class=\"elementor-portfolio-item elementor-post  post-4088 products_services type-products_services status-publish has-post-thumbnail hentry\" role=\"listitem\">\r\n\t\t\t<a class=\"elementor-post__thumbnail__link\" href=\"https:\/\/searasports.zestdevelopment.com\/vi\/products_services\/rowers\/\">\r\n\t\t\t\t<div class=\"elementor-portfolio-item__img elementor-post__thumbnail\">\r\n\t\t\t<img decoding=\"async\" width=\"300\" height=\"200\" src=\"https:\/\/searasports.zestdevelopment.com\/wp-content\/uploads\/2021\/11\/Rowers-1-300x200.jpg\" class=\"attachment-medium size-medium wp-image-2236\" alt=\"Rowers 1\" srcset=\"https:\/\/searasports.zestdevelopment.com\/wp-content\/uploads\/2021\/11\/Rowers-1-300x200.jpg 300w, https:\/\/searasports.zestdevelopment.com\/wp-content\/uploads\/2021\/11\/Rowers-1-1024x683.jpg 1024w, https:\/\/searasports.zestdevelopment.com\/wp-content\/uploads\/2021\/11\/Rowers-1-768x512.jpg 768w, https:\/\/searasports.zestdevelopment.com\/wp-content\/uploads\/2021\/11\/Rowers-1-18x12.jpg 18w, https:\/\/searasports.zestdevelopment.com\/wp-content\/uploads\/2021\/11\/Rowers-1.jpg 1200w\" sizes=\"(max-width: 300px) 100vw, 300px\" \/>\t\t<\/div>\r\n\t\t\t\t<div class=\"elementor-portfolio-item__overlay\">\r\n\t\t\t\t<h4 class=\"elementor-portfolio-item__title\">\r\n\t\tM\u00e1y t\u1eadp ch\u00e8o thuy\u1ec1n\t\t<\/h4>\r\n\t\t\t\t<\/div>\r\n\t\t\t\t<\/a>\r\n\t\t<\/article>\r\n\t\t\t\t<article class=\"elementor-portfolio-item elementor-post  post-4085 products_services type-products_services status-publish has-post-thumbnail hentry\" role=\"listitem\">\r\n\t\t\t<a class=\"elementor-post__thumbnail__link\" href=\"https:\/\/searasports.zestdevelopment.com\/vi\/products_services\/free-weights-and-benches\/\">\r\n\t\t\t\t<div class=\"elementor-portfolio-item__img elementor-post__thumbnail\">\r\n\t\t\t<img loading=\"lazy\" decoding=\"async\" width=\"300\" height=\"200\" src=\"https:\/\/searasports.zestdevelopment.com\/wp-content\/uploads\/2021\/11\/Free-Weights-and-Benches-1-300x200.jpg\" class=\"attachment-medium size-medium wp-image-2190\" alt=\"Free Weights and Benches 1\" srcset=\"https:\/\/searasports.zestdevelopment.com\/wp-content\/uploads\/2021\/11\/Free-Weights-and-Benches-1-300x200.jpg 300w, https:\/\/searasports.zestdevelopment.com\/wp-content\/uploads\/2021\/11\/Free-Weights-and-Benches-1-1024x683.jpg 1024w, https:\/\/searasports.zestdevelopment.com\/wp-content\/uploads\/2021\/11\/Free-Weights-and-Benches-1-768x512.jpg 768w, https:\/\/searasports.zestdevelopment.com\/wp-content\/uploads\/2021\/11\/Free-Weights-and-Benches-1-18x12.jpg 18w, https:\/\/searasports.zestdevelopment.com\/wp-content\/uploads\/2021\/11\/Free-Weights-and-Benches-1.jpg 1200w\" sizes=\"(max-width: 300px) 100vw, 300px\" \/>\t\t<\/div>\r\n\t\t\t\t<div class=\"elementor-portfolio-item__overlay\">\r\n\t\t\t\t<h4 class=\"elementor-portfolio-item__title\">\r\n\t\tT\u1ea1 v\u00e0 Gh\u1ebf\t\t<\/h4>\r\n\t\t\t\t<\/div>\r\n\t\t\t\t<\/a>\r\n\t\t<\/article>\r\n\t\t\t\t<article class=\"elementor-portfolio-item elementor-post  post-4086 products_services type-products_services status-publish has-post-thumbnail hentry\" role=\"listitem\">\r\n\t\t\t<a class=\"elementor-post__thumbnail__link\" href=\"https:\/\/searasports.zestdevelopment.com\/vi\/products_services\/premium-home-fitness\/\">\r\n\t\t\t\t<div class=\"elementor-portfolio-item__img elementor-post__thumbnail\">\r\n\t\t\t<img loading=\"lazy\" decoding=\"async\" width=\"300\" height=\"200\" src=\"https:\/\/searasports.zestdevelopment.com\/wp-content\/uploads\/2021\/11\/Premium-Home-Fitness-1-300x200.jpg\" class=\"attachment-medium size-medium wp-image-2204\" alt=\"Premium Home Fitness\" srcset=\"https:\/\/searasports.zestdevelopment.com\/wp-content\/uploads\/2021\/11\/Premium-Home-Fitness-1-300x200.jpg 300w, https:\/\/searasports.zestdevelopment.com\/wp-content\/uploads\/2021\/11\/Premium-Home-Fitness-1-1024x683.jpg 1024w, https:\/\/searasports.zestdevelopment.com\/wp-content\/uploads\/2021\/11\/Premium-Home-Fitness-1-768x512.jpg 768w, https:\/\/searasports.zestdevelopment.com\/wp-content\/uploads\/2021\/11\/Premium-Home-Fitness-1-18x12.jpg 18w, https:\/\/searasports.zestdevelopment.com\/wp-content\/uploads\/2021\/11\/Premium-Home-Fitness-1.jpg 1200w\" sizes=\"(max-width: 300px) 100vw, 300px\" \/>\t\t<\/div>\r\n\t\t\t\t<div class=\"elementor-portfolio-item__overlay\">\r\n\t\t\t\t<h4 class=\"elementor-portfolio-item__title\">\r\n\t\tM\u00e1y t\u1eadp cao c\u1ea5p t\u1ea1i nh\u00e0\t\t<\/h4>\r\n\t\t\t\t<\/div>\r\n\t\t\t\t<\/a>\r\n\t\t<\/article>\r\n\t\t\t\t<article class=\"elementor-portfolio-item elementor-post  post-4084 products_services type-products_services status-publish has-post-thumbnail hentry\" role=\"listitem\">\r\n\t\t\t<a class=\"elementor-post__thumbnail__link\" href=\"https:\/\/searasports.zestdevelopment.com\/vi\/products_services\/treadmills\/\">\r\n\t\t\t\t<div class=\"elementor-portfolio-item__img elementor-post__thumbnail\">\r\n\t\t\t<img loading=\"lazy\" decoding=\"async\" width=\"300\" height=\"200\" src=\"https:\/\/searasports.zestdevelopment.com\/wp-content\/uploads\/2021\/11\/Treadmills-1-300x200.jpg\" class=\"attachment-medium size-medium wp-image-2171\" alt=\"Treadmills 1\" srcset=\"https:\/\/searasports.zestdevelopment.com\/wp-content\/uploads\/2021\/11\/Treadmills-1-300x200.jpg 300w, https:\/\/searasports.zestdevelopment.com\/wp-content\/uploads\/2021\/11\/Treadmills-1-1024x683.jpg 1024w, https:\/\/searasports.zestdevelopment.com\/wp-content\/uploads\/2021\/11\/Treadmills-1-768x512.jpg 768w, https:\/\/searasports.zestdevelopment.com\/wp-content\/uploads\/2021\/11\/Treadmills-1-18x12.jpg 18w, https:\/\/searasports.zestdevelopment.com\/wp-content\/uploads\/2021\/11\/Treadmills-1.jpg 1200w\" sizes=\"(max-width: 300px) 100vw, 300px\" \/>\t\t<\/div>\r\n\t\t\t\t<div class=\"elementor-portfolio-item__overlay\">\r\n\t\t\t\t<h4 class=\"elementor-portfolio-item__title\">\r\n\t\tM\u00e1y ch\u1ea1y b\u1ed9\t\t<\/h4>\r\n\t\t\t\t<\/div>\r\n\t\t\t\t<\/a>\r\n\t\t<\/article>\r\n\t\t\t\t<\/div>\r\n\t\t\t\t\t\t<\/div>\n\t\t\t\t<\/div>\n\t\t\t\t\t<\/div>\n\t\t<\/div>\n\t\t\t\t\t<\/div>\n\t\t<\/section>\n\t\t\t\t<\/div>","protected":false},"excerpt":{"rendered":"<p>At Home, At Work, At Play, Seara Supports Active Lifestyles Sports Engineering And Recreation Asia Ltd (Seara) has an extensive boutique retail presence through out Indochina and East Asia. Nearly all commercial offices have boutique showrooms offering premium home fitness products from the same brands seen in the top commercial fitness facilities. Seara makes sure [&hellip;]<\/p>","protected":false},"author":1,"featured_media":268,"parent":198,"menu_order":0,"comment_status":"closed","ping_status":"closed","template":"","meta":{"footnotes":""},"class_list":["post-244","page","type-page","status-publish","has-post-thumbnail","hentry"],"_links":{"self":[{"href":"https:\/\/searasports.zestdevelopment.com\/vi\/wp-json\/wp\/v2\/pages\/244","targetHints":{"allow":["GET"]}}],"collection":[{"href":"https:\/\/searasports.zestdevelopment.com\/vi\/wp-json\/wp\/v2\/pages"}],"about":[{"href":"https:\/\/searasports.zestdevelopment.com\/vi\/wp-json\/wp\/v2\/types\/page"}],"author":[{"embeddable":true,"href":"https:\/\/searasports.zestdevelopment.com\/vi\/wp-json\/wp\/v2\/users\/1"}],"replies":[{"embeddable":true,"href":"https:\/\/searasports.zestdevelopment.com\/vi\/wp-json\/wp\/v2\/comments?post=244"}],"version-history":[{"count":0,"href":"https:\/\/searasports.zestdevelopment.com\/vi\/wp-json\/wp\/v2\/pages\/244\/revisions"}],"up":[{"embeddable":true,"href":"https:\/\/searasports.zestdevelopment.com\/vi\/wp-json\/wp\/v2\/pages\/198"}],"wp:featuredmedia":[{"embeddable":true,"href":"https:\/\/searasports.zestdevelopment.com\/vi\/wp-json\/wp\/v2\/media\/268"}],"wp:attachment":[{"href":"https:\/\/searasports.zestdevelopment.com\/vi\/wp-json\/wp\/v2\/media?parent=244"}],"curies":[{"name":"wp","href":"https:\/\/api.w.org\/{rel}","templated":true}]}}