{"id":246,"date":"2021-11-06T18:33:17","date_gmt":"2021-11-06T18:33:17","guid":{"rendered":"http:\/\/searasportscom.codeorange.codeorange.host\/?page_id=246"},"modified":"2021-11-22T15:23:49","modified_gmt":"2021-11-22T15:23:49","slug":"sports-construction","status":"publish","type":"page","link":"https:\/\/searasports.zestdevelopment.com\/vi\/solutions\/sports-construction\/","title":{"rendered":"X\u00e2y D\u1ef1ng Trung T\u00e2m Th\u1ec3 Thao"},"content":{"rendered":"<div data-elementor-type=\"wp-page\" data-elementor-id=\"246\" class=\"elementor elementor-246\" data-elementor-post-type=\"page\">\n\t\t\t\t\t\t<section class=\"elementor-section elementor-top-section elementor-element elementor-element-4723dea1 elementor-section-height-min-height elementor-section-boxed elementor-section-height-default elementor-section-items-middle\" data-id=\"4723dea1\" data-element_type=\"section\" data-e-type=\"section\" data-settings=\"{&quot;background_background&quot;:&quot;classic&quot;}\">\n\t\t\t\t\t\t<div class=\"elementor-container elementor-column-gap-default\">\n\t\t\t\t\t<div class=\"elementor-column elementor-col-100 elementor-top-column elementor-element elementor-element-652a154\" data-id=\"652a154\" data-element_type=\"column\" data-e-type=\"column\">\n\t\t\t<div class=\"elementor-widget-wrap elementor-element-populated\">\n\t\t\t\t\t\t<div class=\"elementor-element elementor-element-3f3b85bf elementor-widget elementor-widget-heading\" data-id=\"3f3b85bf\" data-element_type=\"widget\" data-e-type=\"widget\" data-widget_type=\"heading.default\">\n\t\t\t\t<div class=\"elementor-widget-container\">\n\t\t\t\t\t<h2 class=\"elementor-heading-title elementor-size-default\">X\u00e2y D\u1ef1ng Trung T\u00e2m Th\u1ec3 Thao<\/h2>\t\t\t\t<\/div>\n\t\t\t\t<\/div>\n\t\t\t\t\t<\/div>\n\t\t<\/div>\n\t\t\t\t\t<\/div>\n\t\t<\/section>\n\t\t\t\t<section class=\"elementor-section elementor-top-section elementor-element elementor-element-7688ef95 elementor-section-boxed elementor-section-height-default elementor-section-height-default\" data-id=\"7688ef95\" data-element_type=\"section\" data-e-type=\"section\">\n\t\t\t\t\t\t<div class=\"elementor-container elementor-column-gap-default\">\n\t\t\t\t\t<div class=\"elementor-column elementor-col-33 elementor-top-column elementor-element elementor-element-28598bed\" data-id=\"28598bed\" data-element_type=\"column\" data-e-type=\"column\">\n\t\t\t<div class=\"elementor-widget-wrap elementor-element-populated\">\n\t\t\t\t\t\t<div class=\"elementor-element elementor-element-77582fb2 elementor-widget elementor-widget-heading\" data-id=\"77582fb2\" data-element_type=\"widget\" data-e-type=\"widget\" data-widget_type=\"heading.default\">\n\t\t\t\t<div class=\"elementor-widget-container\">\n\t\t\t\t\t<h3 class=\"elementor-heading-title elementor-size-default\">T\u1ea1o c\u1ea3m h\u1ee9ng cho chi\u1ebfn d\u1ecbch ti\u1ebfp th\u1ecb l\u00f2ng trung th\u00e0nh th\u00f4ng qua c\u01a1 s\u1edf v\u1eadt ch\u1ea5t \nch\u1ea5t l\u01b0\u1ee3ng<\/h3>\t\t\t\t<\/div>\n\t\t\t\t<\/div>\n\t\t\t\t<div class=\"elementor-element elementor-element-29ac23f5 elementor-widget-divider--view-line elementor-widget elementor-widget-divider\" data-id=\"29ac23f5\" data-element_type=\"widget\" data-e-type=\"widget\" data-widget_type=\"divider.default\">\n\t\t\t\t<div class=\"elementor-widget-container\">\n\t\t\t\t\t\t\t<div class=\"elementor-divider\">\n\t\t\t<span class=\"elementor-divider-separator\">\n\t\t\t\t\t\t<\/span>\n\t\t<\/div>\n\t\t\t\t\t\t<\/div>\n\t\t\t\t<\/div>\n\t\t\t\t\t<\/div>\n\t\t<\/div>\n\t\t\t\t<div class=\"elementor-column elementor-col-66 elementor-top-column elementor-element elementor-element-59a985db\" data-id=\"59a985db\" data-element_type=\"column\" data-e-type=\"column\">\n\t\t\t<div class=\"elementor-widget-wrap elementor-element-populated\">\n\t\t\t\t\t\t<div class=\"elementor-element elementor-element-2ac42d52 elementor-widget elementor-widget-text-editor\" data-id=\"2ac42d52\" data-element_type=\"widget\" data-e-type=\"widget\" data-widget_type=\"text-editor.default\">\n\t\t\t\t<div class=\"elementor-widget-container\">\n\t\t\t\t\t\t\t\t\t<p>Sports Engineering And Recreation Asia Ltd (Seara) l\u00e0 nh\u00e0 th\u1ea7u chuy\u00ean nghi\u1ec7p h\u00e0ng \u0111\u1ea7u chuy\u00ean x\u00e2y d\u1ef1ng c\u00e1c trung t\u00e2m th\u1ec3 thao, \u0111i\u1ec1n kinh v\u00e0 gi\u1ea3i tr\u00ed ti\u00eau chu\u1ea9n qu\u1ed1c t\u1ebf. Seara h\u1ee3p t\u00e1c, b\u00e0n b\u1ea1c v\u1edbi ch\u1ee7 s\u1edf h\u1eefu, ki\u1ebfn tr\u00fac s\u01b0, nh\u00e0 qu\u1ea3n l\u00fd d\u1ef1 \u00e1n v\u00e0 nh\u00e0 t\u01b0 v\u1ea5n v\u1ec1 vi\u1ec7c l\u1eadp k\u1ebf ho\u1ea1ch, thi\u1ebft k\u1ebf, t\u1eadn d\u1ee5ng kh\u00f4ng gian, y\u00eau c\u1ea7u \u0111\u1ed1i v\u1edbi s\u1ea3n ph\u1ea9m, ng\u00e2n s\u00e1ch, b\u1ea3o tr\u00ec v\u00e0 s\u1ee9c h\u1ea5p d\u1eabn c\u1ee7a th\u1ecb tr\u01b0\u1eddng. Seara \u0111\u1ea1i di\u1ec7n cho nhi\u1ec1u nh\u00e0 cung c\u1ea5p h\u00e0ng \u0111\u1ea7u c\u00f3 s\u1ea3n ph\u1ea9m \u0111\u01b0\u1ee3c c\u00f4ng nh\u1eadn v\u00e0 th\u01b0\u1eddng \u0111\u01b0\u1ee3c \u01b0a chu\u1ed9ng b\u1edfi c\u00e1c hi\u1ec7p h\u1ed9i ngh\u1ec1 nghi\u1ec7p \u0111\u1eb7t ra c\u00e1c ti\u00eau chu\u1ea9n cho m\u00f4n th\u1ec3 thao c\u1ee7a h\u1ecd. \u0110\u1ed9i ng\u0169 thi\u1ebft k\u1ebf, l\u1eafp \u0111\u1eb7t v\u00e0 x\u00e2y d\u1ef1ng c\u1ee7a Seara c\u00f3 nhi\u1ec1u n\u0103m kinh nghi\u1ec7m trong vi\u1ec7c thi c\u00f4ng s\u00e2n c\u1ee9ng ph\u1ee7 acrylic, s\u00e2n tennis c\u1ecf v\u00e0 \u0111\u1ea5t n\u1ec7n, s\u00e2n b\u00f3ng \u0111\u00e1 v\u00e0 futsal, s\u00e2n \u0111i\u1ec1n kinh, h\u1ed9i tr\u01b0\u1eddng \u0111a n\u0103ng trong nh\u00e0, h\u1ec7 th\u1ed1ng s\u00e0n t\u1eadp th\u1ec3 d\u1ee5c chuy\u00ean d\u1ee5ng v\u00e0 thi\u1ebft k\u1ebf t\u00f9y ch\u1ec9nh, s\u00e2n \u0111a n\u0103ng ngo\u00e0i tr\u1eddi, c\u0169ng nh\u01b0 thi c\u00f4ng c\u1ea3nh quan b\u1eb1ng c\u1ecf nh\u00e2n t\u1ea1o.<\/p>\t\t\t\t\t\t\t\t<\/div>\n\t\t\t\t<\/div>\n\t\t\t\t\t<\/div>\n\t\t<\/div>\n\t\t\t\t\t<\/div>\n\t\t<\/section>\n\t\t\t\t<section class=\"elementor-section elementor-top-section elementor-element elementor-element-112ac0bd elementor-section-boxed elementor-section-height-default elementor-section-height-default\" data-id=\"112ac0bd\" data-element_type=\"section\" data-e-type=\"section\">\n\t\t\t\t\t\t<div class=\"elementor-container elementor-column-gap-default\">\n\t\t\t\t\t<div class=\"elementor-column elementor-col-100 elementor-top-column elementor-element elementor-element-54aae36\" data-id=\"54aae36\" data-element_type=\"column\" data-e-type=\"column\">\n\t\t\t<div class=\"elementor-widget-wrap elementor-element-populated\">\n\t\t\t\t\t\t<div class=\"elementor-element elementor-element-2c1bc371 elementor-widget elementor-widget-heading\" data-id=\"2c1bc371\" data-element_type=\"widget\" data-e-type=\"widget\" data-widget_type=\"heading.default\">\n\t\t\t\t<div class=\"elementor-widget-container\">\n\t\t\t\t\t<h3 class=\"elementor-heading-title elementor-size-default\">Products and Services<\/h3>\t\t\t\t<\/div>\n\t\t\t\t<\/div>\n\t\t\t\t<div class=\"elementor-element elementor-element-295f8646 elementor-widget-divider--view-line elementor-widget elementor-widget-divider\" data-id=\"295f8646\" data-element_type=\"widget\" data-e-type=\"widget\" data-widget_type=\"divider.default\">\n\t\t\t\t<div class=\"elementor-widget-container\">\n\t\t\t\t\t\t\t<div class=\"elementor-divider\">\n\t\t\t<span class=\"elementor-divider-separator\">\n\t\t\t\t\t\t<\/span>\n\t\t<\/div>\n\t\t\t\t\t\t<\/div>\n\t\t\t\t<\/div>\n\t\t\t\t<div class=\"elementor-element elementor-element-fd91196 elementor-grid-3 elementor-grid-tablet-2 elementor-grid-mobile-1 elementor-widget elementor-widget-portfolio\" data-id=\"fd91196\" data-element_type=\"widget\" data-e-type=\"widget\" data-settings=\"{&quot;row_gap&quot;:{&quot;unit&quot;:&quot;px&quot;,&quot;size&quot;:30,&quot;sizes&quot;:[]},&quot;columns&quot;:&quot;3&quot;,&quot;columns_tablet&quot;:&quot;2&quot;,&quot;columns_mobile&quot;:&quot;1&quot;,&quot;item_ratio&quot;:{&quot;unit&quot;:&quot;px&quot;,&quot;size&quot;:0.66,&quot;sizes&quot;:[]},&quot;item_gap&quot;:{&quot;unit&quot;:&quot;px&quot;,&quot;size&quot;:&quot;&quot;,&quot;sizes&quot;:[]}}\" data-widget_type=\"portfolio.default\">\n\t\t\t\t<div class=\"elementor-widget-container\">\n\t\t\t\t\t\t\t<div class=\"elementor-portfolio elementor-grid elementor-posts-container\" role=\"list\">\r\n\t\t\t\t<article class=\"elementor-portfolio-item elementor-post  post-4033 products_services type-products_services status-publish has-post-thumbnail hentry\" role=\"listitem\">\r\n\t\t\t<a class=\"elementor-post__thumbnail__link\" href=\"https:\/\/searasports.zestdevelopment.com\/vi\/products_services\/landscape-golf-hockey-lawn-bowls-and-pool-surrounds\/\">\r\n\t\t\t\t<div class=\"elementor-portfolio-item__img elementor-post__thumbnail\">\r\n\t\t\t<img fetchpriority=\"high\" decoding=\"async\" width=\"300\" height=\"200\" src=\"https:\/\/searasports.zestdevelopment.com\/wp-content\/uploads\/2021\/11\/Landscape-Golf-Hockey-Lawn-Bowls-and-Pool-Surrounds-1-300x200.jpg\" class=\"attachment-medium size-medium wp-image-1748\" alt=\"Landscape Golf Hockey Lawn Bowls and Pool Surrounds 1\" srcset=\"https:\/\/searasports.zestdevelopment.com\/wp-content\/uploads\/2021\/11\/Landscape-Golf-Hockey-Lawn-Bowls-and-Pool-Surrounds-1-300x200.jpg 300w, https:\/\/searasports.zestdevelopment.com\/wp-content\/uploads\/2021\/11\/Landscape-Golf-Hockey-Lawn-Bowls-and-Pool-Surrounds-1-1024x683.jpg 1024w, https:\/\/searasports.zestdevelopment.com\/wp-content\/uploads\/2021\/11\/Landscape-Golf-Hockey-Lawn-Bowls-and-Pool-Surrounds-1-768x512.jpg 768w, https:\/\/searasports.zestdevelopment.com\/wp-content\/uploads\/2021\/11\/Landscape-Golf-Hockey-Lawn-Bowls-and-Pool-Surrounds-1-18x12.jpg 18w, https:\/\/searasports.zestdevelopment.com\/wp-content\/uploads\/2021\/11\/Landscape-Golf-Hockey-Lawn-Bowls-and-Pool-Surrounds-1.jpg 1200w\" sizes=\"(max-width: 300px) 100vw, 300px\" \/>\t\t<\/div>\r\n\t\t\t\t<div class=\"elementor-portfolio-item__overlay\">\r\n\t\t\t\t<h4 class=\"elementor-portfolio-item__title\">\r\n\t\tC\u1ecf t\u1ed5ng h\u1ee3p cho C\u1ea3nh quan, G\u00f4n, Kh\u00fac c\u00f4n c\u1ea7u, B\u00f3ng n\u00e9m b\u00e3i c\u1ecf &amp; Xung quanh b\u1ec3 b\u01a1i\t\t<\/h4>\r\n\t\t\t\t<\/div>\r\n\t\t\t\t<\/a>\r\n\t\t<\/article>\r\n\t\t\t\t<article class=\"elementor-portfolio-item elementor-post  post-4035 products_services type-products_services status-publish has-post-thumbnail hentry\" role=\"listitem\">\r\n\t\t\t<a class=\"elementor-post__thumbnail__link\" href=\"https:\/\/searasports.zestdevelopment.com\/vi\/products_services\/squash\/\">\r\n\t\t\t\t<div class=\"elementor-portfolio-item__img elementor-post__thumbnail\">\r\n\t\t\t<img decoding=\"async\" width=\"300\" height=\"200\" src=\"https:\/\/searasports.zestdevelopment.com\/wp-content\/uploads\/2021\/11\/Squash-1-300x200.jpg\" class=\"attachment-medium size-medium wp-image-1772\" alt=\"Squash 1\" srcset=\"https:\/\/searasports.zestdevelopment.com\/wp-content\/uploads\/2021\/11\/Squash-1-300x200.jpg 300w, https:\/\/searasports.zestdevelopment.com\/wp-content\/uploads\/2021\/11\/Squash-1-1024x683.jpg 1024w, https:\/\/searasports.zestdevelopment.com\/wp-content\/uploads\/2021\/11\/Squash-1-768x512.jpg 768w, https:\/\/searasports.zestdevelopment.com\/wp-content\/uploads\/2021\/11\/Squash-1-18x12.jpg 18w, https:\/\/searasports.zestdevelopment.com\/wp-content\/uploads\/2021\/11\/Squash-1.jpg 1200w\" sizes=\"(max-width: 300px) 100vw, 300px\" \/>\t\t<\/div>\r\n\t\t\t\t<div class=\"elementor-portfolio-item__overlay\">\r\n\t\t\t\t<h4 class=\"elementor-portfolio-item__title\">\r\n\t\tB\u00f3ng qu\u1ea7n\t\t<\/h4>\r\n\t\t\t\t<\/div>\r\n\t\t\t\t<\/a>\r\n\t\t<\/article>\r\n\t\t\t\t<article class=\"elementor-portfolio-item elementor-post  post-4039 products_services type-products_services status-publish has-post-thumbnail hentry\" role=\"listitem\">\r\n\t\t\t<a class=\"elementor-post__thumbnail__link\" href=\"https:\/\/searasports.zestdevelopment.com\/vi\/products_services\/boxing-and-martial-arts-studios-and-boutiques\/\">\r\n\t\t\t\t<div class=\"elementor-portfolio-item__img elementor-post__thumbnail\">\r\n\t\t\t<img decoding=\"async\" width=\"300\" height=\"200\" src=\"https:\/\/searasports.zestdevelopment.com\/wp-content\/uploads\/2021\/11\/Boxing-and-Martial-Arts-Studios-and-Boutiques-1-300x200.jpg\" class=\"attachment-medium size-medium wp-image-1823\" alt=\"Boxing and Martial Arts Studios and Boutiques 1\" srcset=\"https:\/\/searasports.zestdevelopment.com\/wp-content\/uploads\/2021\/11\/Boxing-and-Martial-Arts-Studios-and-Boutiques-1-300x200.jpg 300w, https:\/\/searasports.zestdevelopment.com\/wp-content\/uploads\/2021\/11\/Boxing-and-Martial-Arts-Studios-and-Boutiques-1-1024x683.jpg 1024w, https:\/\/searasports.zestdevelopment.com\/wp-content\/uploads\/2021\/11\/Boxing-and-Martial-Arts-Studios-and-Boutiques-1-768x512.jpg 768w, https:\/\/searasports.zestdevelopment.com\/wp-content\/uploads\/2021\/11\/Boxing-and-Martial-Arts-Studios-and-Boutiques-1-18x12.jpg 18w, https:\/\/searasports.zestdevelopment.com\/wp-content\/uploads\/2021\/11\/Boxing-and-Martial-Arts-Studios-and-Boutiques-1.jpg 1200w\" sizes=\"(max-width: 300px) 100vw, 300px\" \/>\t\t<\/div>\r\n\t\t\t\t<div class=\"elementor-portfolio-item__overlay\">\r\n\t\t\t\t<h4 class=\"elementor-portfolio-item__title\">\r\n\t\tQuy\u1ec1n Anh (Boxing) v\u00e0 v\u00f5 thu\u1eadt: Ph\u00f2ng t\u1eadp ki\u1ec3u Studio &amp; Boutique\t\t<\/h4>\r\n\t\t\t\t<\/div>\r\n\t\t\t\t<\/a>\r\n\t\t<\/article>\r\n\t\t\t\t<article class=\"elementor-portfolio-item elementor-post  post-4040 products_services type-products_services status-publish has-post-thumbnail hentry\" role=\"listitem\">\r\n\t\t\t<a class=\"elementor-post__thumbnail__link\" href=\"https:\/\/searasports.zestdevelopment.com\/vi\/products_services\/outdoor-wellness-play-systems\/\">\r\n\t\t\t\t<div class=\"elementor-portfolio-item__img elementor-post__thumbnail\">\r\n\t\t\t<img loading=\"lazy\" decoding=\"async\" width=\"300\" height=\"200\" src=\"https:\/\/searasports.zestdevelopment.com\/wp-content\/uploads\/2021\/11\/Outdoor-Wellness-Play-Systems-1-300x200.jpg\" class=\"attachment-medium size-medium wp-image-1827\" alt=\"Outdoor Wellness Play Systems 1\" srcset=\"https:\/\/searasports.zestdevelopment.com\/wp-content\/uploads\/2021\/11\/Outdoor-Wellness-Play-Systems-1-300x200.jpg 300w, https:\/\/searasports.zestdevelopment.com\/wp-content\/uploads\/2021\/11\/Outdoor-Wellness-Play-Systems-1-1024x683.jpg 1024w, https:\/\/searasports.zestdevelopment.com\/wp-content\/uploads\/2021\/11\/Outdoor-Wellness-Play-Systems-1-768x512.jpg 768w, https:\/\/searasports.zestdevelopment.com\/wp-content\/uploads\/2021\/11\/Outdoor-Wellness-Play-Systems-1-18x12.jpg 18w, https:\/\/searasports.zestdevelopment.com\/wp-content\/uploads\/2021\/11\/Outdoor-Wellness-Play-Systems-1.jpg 1200w\" sizes=\"(max-width: 300px) 100vw, 300px\" \/>\t\t<\/div>\r\n\t\t\t\t<div class=\"elementor-portfolio-item__overlay\">\r\n\t\t\t\t<h4 class=\"elementor-portfolio-item__title\">\r\n\t\tThi\u1ebft b\u1ecb th\u1ec3 thao &amp; khu vui ch\u01a1i ngo\u00e0i tr\u1eddi\t\t<\/h4>\r\n\t\t\t\t<\/div>\r\n\t\t\t\t<\/a>\r\n\t\t<\/article>\r\n\t\t\t\t<article class=\"elementor-portfolio-item elementor-post  post-4034 products_services type-products_services status-publish has-post-thumbnail hentry\" role=\"listitem\">\r\n\t\t\t<a class=\"elementor-post__thumbnail__link\" href=\"https:\/\/searasports.zestdevelopment.com\/vi\/products_services\/track-field-facilities\/\">\r\n\t\t\t\t<div class=\"elementor-portfolio-item__img elementor-post__thumbnail\">\r\n\t\t\t<img loading=\"lazy\" decoding=\"async\" width=\"300\" height=\"200\" src=\"https:\/\/searasports.zestdevelopment.com\/wp-content\/uploads\/2021\/11\/Track-Field-Facilities-1-300x200.jpg\" class=\"attachment-medium size-medium wp-image-1765\" alt=\"Track Field Facilities 1\" srcset=\"https:\/\/searasports.zestdevelopment.com\/wp-content\/uploads\/2021\/11\/Track-Field-Facilities-1-300x200.jpg 300w, https:\/\/searasports.zestdevelopment.com\/wp-content\/uploads\/2021\/11\/Track-Field-Facilities-1-1024x683.jpg 1024w, https:\/\/searasports.zestdevelopment.com\/wp-content\/uploads\/2021\/11\/Track-Field-Facilities-1-768x512.jpg 768w, https:\/\/searasports.zestdevelopment.com\/wp-content\/uploads\/2021\/11\/Track-Field-Facilities-1-18x12.jpg 18w, https:\/\/searasports.zestdevelopment.com\/wp-content\/uploads\/2021\/11\/Track-Field-Facilities-1.jpg 1200w\" sizes=\"(max-width: 300px) 100vw, 300px\" \/>\t\t<\/div>\r\n\t\t\t\t<div class=\"elementor-portfolio-item__overlay\">\r\n\t\t\t\t<h4 class=\"elementor-portfolio-item__title\">\r\n\t\tH\u1ec7 th\u1ed1ng s\u00e2n c\u00e1n ph\u1ee7 b\u1ec1 m\u1eb7t t\u1ea1i c\u00e1c C\u01a1 s\u1edf \u0111i\u1ec1n kinh\t\t<\/h4>\r\n\t\t\t\t<\/div>\r\n\t\t\t\t<\/a>\r\n\t\t<\/article>\r\n\t\t\t\t<article class=\"elementor-portfolio-item elementor-post  post-4036 products_services type-products_services status-publish has-post-thumbnail hentry\" role=\"listitem\">\r\n\t\t\t<a class=\"elementor-post__thumbnail__link\" href=\"https:\/\/searasports.zestdevelopment.com\/vi\/products_services\/indoor-multi-purpose-courts\/\">\r\n\t\t\t\t<div class=\"elementor-portfolio-item__img elementor-post__thumbnail\">\r\n\t\t\t<img loading=\"lazy\" decoding=\"async\" width=\"300\" height=\"200\" src=\"https:\/\/searasports.zestdevelopment.com\/wp-content\/uploads\/2021\/11\/Indoor-Multi-Purpose-Courts-1-300x200.jpg\" class=\"attachment-medium size-medium wp-image-1784\" alt=\"Indoor Multi Purpose Courts 1\" srcset=\"https:\/\/searasports.zestdevelopment.com\/wp-content\/uploads\/2021\/11\/Indoor-Multi-Purpose-Courts-1-300x200.jpg 300w, https:\/\/searasports.zestdevelopment.com\/wp-content\/uploads\/2021\/11\/Indoor-Multi-Purpose-Courts-1-1024x683.jpg 1024w, https:\/\/searasports.zestdevelopment.com\/wp-content\/uploads\/2021\/11\/Indoor-Multi-Purpose-Courts-1-768x512.jpg 768w, https:\/\/searasports.zestdevelopment.com\/wp-content\/uploads\/2021\/11\/Indoor-Multi-Purpose-Courts-1-18x12.jpg 18w, https:\/\/searasports.zestdevelopment.com\/wp-content\/uploads\/2021\/11\/Indoor-Multi-Purpose-Courts-1.jpg 1200w\" sizes=\"(max-width: 300px) 100vw, 300px\" \/>\t\t<\/div>\r\n\t\t\t\t<div class=\"elementor-portfolio-item__overlay\">\r\n\t\t\t\t<h4 class=\"elementor-portfolio-item__title\">\r\n\t\tS\u00e2n \u0111a n\u0103ng trong nh\u00e0\t\t<\/h4>\r\n\t\t\t\t<\/div>\r\n\t\t\t\t<\/a>\r\n\t\t<\/article>\r\n\t\t\t\t<article class=\"elementor-portfolio-item elementor-post  post-4031 products_services type-products_services status-publish has-post-thumbnail hentry\" role=\"listitem\">\r\n\t\t\t<a class=\"elementor-post__thumbnail__link\" href=\"https:\/\/searasports.zestdevelopment.com\/vi\/products_services\/tennis\/\">\r\n\t\t\t\t<div class=\"elementor-portfolio-item__img elementor-post__thumbnail\">\r\n\t\t\t<img loading=\"lazy\" decoding=\"async\" width=\"300\" height=\"200\" src=\"https:\/\/searasports.zestdevelopment.com\/wp-content\/uploads\/2021\/11\/Tennis-1-300x200.jpg\" class=\"attachment-medium size-medium wp-image-1718\" alt=\"Tennis 1\" srcset=\"https:\/\/searasports.zestdevelopment.com\/wp-content\/uploads\/2021\/11\/Tennis-1-300x200.jpg 300w, https:\/\/searasports.zestdevelopment.com\/wp-content\/uploads\/2021\/11\/Tennis-1-1024x683.jpg 1024w, https:\/\/searasports.zestdevelopment.com\/wp-content\/uploads\/2021\/11\/Tennis-1-768x512.jpg 768w, https:\/\/searasports.zestdevelopment.com\/wp-content\/uploads\/2021\/11\/Tennis-1-18x12.jpg 18w, https:\/\/searasports.zestdevelopment.com\/wp-content\/uploads\/2021\/11\/Tennis-1.jpg 1200w\" sizes=\"(max-width: 300px) 100vw, 300px\" \/>\t\t<\/div>\r\n\t\t\t\t<div class=\"elementor-portfolio-item__overlay\">\r\n\t\t\t\t<h4 class=\"elementor-portfolio-item__title\">\r\n\t\tTennis\t\t<\/h4>\r\n\t\t\t\t<\/div>\r\n\t\t\t\t<\/a>\r\n\t\t<\/article>\r\n\t\t\t\t<article class=\"elementor-portfolio-item elementor-post  post-4038 products_services type-products_services status-publish has-post-thumbnail hentry\" role=\"listitem\">\r\n\t\t\t<a class=\"elementor-post__thumbnail__link\" href=\"https:\/\/searasports.zestdevelopment.com\/vi\/products_services\/fitness-centers-aerobics-and-pilates\/\">\r\n\t\t\t\t<div class=\"elementor-portfolio-item__img elementor-post__thumbnail\">\r\n\t\t\t<img loading=\"lazy\" decoding=\"async\" width=\"300\" height=\"200\" src=\"https:\/\/searasports.zestdevelopment.com\/wp-content\/uploads\/2021\/11\/Fitness-Centers-Aerobics-and-Pilates-1-300x200.jpg\" class=\"attachment-medium size-medium wp-image-1805\" alt=\"Fitness Centers Aerobics and Pilates 1\" srcset=\"https:\/\/searasports.zestdevelopment.com\/wp-content\/uploads\/2021\/11\/Fitness-Centers-Aerobics-and-Pilates-1-300x200.jpg 300w, https:\/\/searasports.zestdevelopment.com\/wp-content\/uploads\/2021\/11\/Fitness-Centers-Aerobics-and-Pilates-1-1024x683.jpg 1024w, https:\/\/searasports.zestdevelopment.com\/wp-content\/uploads\/2021\/11\/Fitness-Centers-Aerobics-and-Pilates-1-768x512.jpg 768w, https:\/\/searasports.zestdevelopment.com\/wp-content\/uploads\/2021\/11\/Fitness-Centers-Aerobics-and-Pilates-1-18x12.jpg 18w, https:\/\/searasports.zestdevelopment.com\/wp-content\/uploads\/2021\/11\/Fitness-Centers-Aerobics-and-Pilates-1.jpg 1200w\" sizes=\"(max-width: 300px) 100vw, 300px\" \/>\t\t<\/div>\r\n\t\t\t\t<div class=\"elementor-portfolio-item__overlay\">\r\n\t\t\t\t<h4 class=\"elementor-portfolio-item__title\">\r\n\t\tFitness Centers, Aerobics and Pilates\t\t<\/h4>\r\n\t\t\t\t<\/div>\r\n\t\t\t\t<\/a>\r\n\t\t<\/article>\r\n\t\t\t\t<article class=\"elementor-portfolio-item elementor-post  post-4037 products_services type-products_services status-publish has-post-thumbnail hentry\" role=\"listitem\">\r\n\t\t\t<a class=\"elementor-post__thumbnail__link\" href=\"https:\/\/searasports.zestdevelopment.com\/vi\/products_services\/outdoor-multi-purpose-courts\/\">\r\n\t\t\t\t<div class=\"elementor-portfolio-item__img elementor-post__thumbnail\">\r\n\t\t\t<img loading=\"lazy\" decoding=\"async\" width=\"300\" height=\"200\" src=\"https:\/\/searasports.zestdevelopment.com\/wp-content\/uploads\/2021\/11\/Outdoor-Multi-Purpose-Courts-1-300x200.jpg\" class=\"attachment-medium size-medium wp-image-1798\" alt=\"Outdoor Multi Purpose Courts 1\" srcset=\"https:\/\/searasports.zestdevelopment.com\/wp-content\/uploads\/2021\/11\/Outdoor-Multi-Purpose-Courts-1-300x200.jpg 300w, https:\/\/searasports.zestdevelopment.com\/wp-content\/uploads\/2021\/11\/Outdoor-Multi-Purpose-Courts-1-1024x683.jpg 1024w, https:\/\/searasports.zestdevelopment.com\/wp-content\/uploads\/2021\/11\/Outdoor-Multi-Purpose-Courts-1-768x512.jpg 768w, https:\/\/searasports.zestdevelopment.com\/wp-content\/uploads\/2021\/11\/Outdoor-Multi-Purpose-Courts-1-18x12.jpg 18w, https:\/\/searasports.zestdevelopment.com\/wp-content\/uploads\/2021\/11\/Outdoor-Multi-Purpose-Courts-1.jpg 1200w\" sizes=\"(max-width: 300px) 100vw, 300px\" \/>\t\t<\/div>\r\n\t\t\t\t<div class=\"elementor-portfolio-item__overlay\">\r\n\t\t\t\t<h4 class=\"elementor-portfolio-item__title\">\r\n\t\tS\u00e2n \u0111a n\u0103ng ngo\u00e0i tr\u1eddi\t\t<\/h4>\r\n\t\t\t\t<\/div>\r\n\t\t\t\t<\/a>\r\n\t\t<\/article>\r\n\t\t\t\t<\/div>\r\n\t\t\t\t\t\t<\/div>\n\t\t\t\t<\/div>\n\t\t\t\t\t<\/div>\n\t\t<\/div>\n\t\t\t\t\t<\/div>\n\t\t<\/section>\n\t\t\t\t<\/div>","protected":false},"excerpt":{"rendered":"<p>Inspire Market Loyalty Through Quality Facilities Sports Engineering And Recreation Asia Ltd (Seara) is the premier specialist contractor building international standard sports, athletic, and recreational facilities. Seara works with owners, architects, project managers and consultants in planning, design, space utilization, product requirements, budgets, maintenance, and market appeal. Seara represents many of the premier suppliers who\u2019s [&hellip;]<\/p>","protected":false},"author":1,"featured_media":286,"parent":198,"menu_order":0,"comment_status":"closed","ping_status":"closed","template":"","meta":{"footnotes":""},"class_list":["post-246","page","type-page","status-publish","has-post-thumbnail","hentry"],"_links":{"self":[{"href":"https:\/\/searasports.zestdevelopment.com\/vi\/wp-json\/wp\/v2\/pages\/246","targetHints":{"allow":["GET"]}}],"collection":[{"href":"https:\/\/searasports.zestdevelopment.com\/vi\/wp-json\/wp\/v2\/pages"}],"about":[{"href":"https:\/\/searasports.zestdevelopment.com\/vi\/wp-json\/wp\/v2\/types\/page"}],"author":[{"embeddable":true,"href":"https:\/\/searasports.zestdevelopment.com\/vi\/wp-json\/wp\/v2\/users\/1"}],"replies":[{"embeddable":true,"href":"https:\/\/searasports.zestdevelopment.com\/vi\/wp-json\/wp\/v2\/comments?post=246"}],"version-history":[{"count":0,"href":"https:\/\/searasports.zestdevelopment.com\/vi\/wp-json\/wp\/v2\/pages\/246\/revisions"}],"up":[{"embeddable":true,"href":"https:\/\/searasports.zestdevelopment.com\/vi\/wp-json\/wp\/v2\/pages\/198"}],"wp:featuredmedia":[{"embeddable":true,"href":"https:\/\/searasports.zestdevelopment.com\/vi\/wp-json\/wp\/v2\/media\/286"}],"wp:attachment":[{"href":"https:\/\/searasports.zestdevelopment.com\/vi\/wp-json\/wp\/v2\/media?parent=246"}],"curies":[{"name":"wp","href":"https:\/\/api.w.org\/{rel}","templated":true}]}}