{"id":248,"date":"2021-11-06T18:33:26","date_gmt":"2021-11-06T18:33:26","guid":{"rendered":"http:\/\/searasportscom.codeorange.codeorange.host\/?page_id=248"},"modified":"2021-11-22T15:21:30","modified_gmt":"2021-11-22T15:21:30","slug":"active-recreation","status":"publish","type":"page","link":"https:\/\/searasports.zestdevelopment.com\/vi\/solutions\/active-recreation\/","title":{"rendered":"Trung T\u00e2m Gi\u1ea3i Tr\u00ed N\u0103ng \u0110\u1ed9ng"},"content":{"rendered":"<div data-elementor-type=\"wp-page\" data-elementor-id=\"248\" class=\"elementor elementor-248\" data-elementor-post-type=\"page\">\n\t\t\t\t\t\t<section class=\"elementor-section elementor-top-section elementor-element elementor-element-4723dea1 elementor-section-height-min-height elementor-section-boxed elementor-section-height-default elementor-section-items-middle\" data-id=\"4723dea1\" data-element_type=\"section\" data-e-type=\"section\" data-settings=\"{&quot;background_background&quot;:&quot;classic&quot;}\">\n\t\t\t\t\t\t<div class=\"elementor-container elementor-column-gap-default\">\n\t\t\t\t\t<div class=\"elementor-column elementor-col-100 elementor-top-column elementor-element elementor-element-652a154\" data-id=\"652a154\" data-element_type=\"column\" data-e-type=\"column\">\n\t\t\t<div class=\"elementor-widget-wrap elementor-element-populated\">\n\t\t\t\t\t\t<div class=\"elementor-element elementor-element-3f3b85bf elementor-widget elementor-widget-heading\" data-id=\"3f3b85bf\" data-element_type=\"widget\" data-e-type=\"widget\" data-widget_type=\"heading.default\">\n\t\t\t\t<div class=\"elementor-widget-container\">\n\t\t\t\t\t<h2 class=\"elementor-heading-title elementor-size-default\">Trung T\u00e2m Gi\u1ea3i Tr\u00ed N\u0103ng \u0110\u1ed9ng<\/h2>\t\t\t\t<\/div>\n\t\t\t\t<\/div>\n\t\t\t\t\t<\/div>\n\t\t<\/div>\n\t\t\t\t\t<\/div>\n\t\t<\/section>\n\t\t\t\t<section class=\"elementor-section elementor-top-section elementor-element elementor-element-7688ef95 elementor-section-boxed elementor-section-height-default elementor-section-height-default\" data-id=\"7688ef95\" data-element_type=\"section\" data-e-type=\"section\">\n\t\t\t\t\t\t<div class=\"elementor-container elementor-column-gap-default\">\n\t\t\t\t\t<div class=\"elementor-column elementor-col-33 elementor-top-column elementor-element elementor-element-28598bed\" data-id=\"28598bed\" data-element_type=\"column\" data-e-type=\"column\">\n\t\t\t<div class=\"elementor-widget-wrap elementor-element-populated\">\n\t\t\t\t\t\t<div class=\"elementor-element elementor-element-77582fb2 elementor-widget elementor-widget-heading\" data-id=\"77582fb2\" data-element_type=\"widget\" data-e-type=\"widget\" data-widget_type=\"heading.default\">\n\t\t\t\t<div class=\"elementor-widget-container\">\n\t\t\t\t\t<h3 class=\"elementor-heading-title elementor-size-default\">Tr\u1ea3i nghi\u1ec7m ch\u01a1i tr\u00ean b\u00e0n tr\u00f2 ch\u01a1i Brunswick l\u00e0 m\u1ed9t n\u00e9t V\u0103n h\u00f3a \u0111\u1ed9c \u0111\u00e1o<\/h3>\t\t\t\t<\/div>\n\t\t\t\t<\/div>\n\t\t\t\t<div class=\"elementor-element elementor-element-29ac23f5 elementor-widget-divider--view-line elementor-widget elementor-widget-divider\" data-id=\"29ac23f5\" data-element_type=\"widget\" data-e-type=\"widget\" data-widget_type=\"divider.default\">\n\t\t\t\t<div class=\"elementor-widget-container\">\n\t\t\t\t\t\t\t<div class=\"elementor-divider\">\n\t\t\t<span class=\"elementor-divider-separator\">\n\t\t\t\t\t\t<\/span>\n\t\t<\/div>\n\t\t\t\t\t\t<\/div>\n\t\t\t\t<\/div>\n\t\t\t\t\t<\/div>\n\t\t<\/div>\n\t\t\t\t<div class=\"elementor-column elementor-col-66 elementor-top-column elementor-element elementor-element-59a985db\" data-id=\"59a985db\" data-element_type=\"column\" data-e-type=\"column\">\n\t\t\t<div class=\"elementor-widget-wrap elementor-element-populated\">\n\t\t\t\t\t\t<div class=\"elementor-element elementor-element-2ac42d52 elementor-widget elementor-widget-text-editor\" data-id=\"2ac42d52\" data-element_type=\"widget\" data-e-type=\"widget\" data-widget_type=\"text-editor.default\">\n\t\t\t\t<div class=\"elementor-widget-container\">\n\t\t\t\t\t\t\t\t\t<p>B\u00e0n bida l\u1ed7 Brunswick \u0111\u00e1p \u1ee9ng ho\u1eb7c v\u01b0\u1ee3t c\u00e1c ti\u00eau chu\u1ea9n x\u00e2y d\u1ef1ng v\u00e0 \u0111\u1eb7c t\u00ednh h\u1ed7 tr\u1ee3 ng\u01b0\u1eddi ch\u01a1i c\u1ee7a Hi\u1ec7p h\u1ed9i Pool - Billiard Th\u1ebf gi\u1edbi v\u00e0 H\u1ed9i Ngh\u1ecb Bida Ch\u00e2u M\u1ef9. C\u00e1c s\u1ea3n ph\u1ea9m \u201cGi\u1ea3i tr\u00ed n\u0103ng \u0111\u1ed9ng\u201d Brunswick \u0111\u01b0\u1ee3c t\u00ecm th\u1ea5y trong c\u00e1c kh\u00e1ch s\u1ea1n v\u00e0 khu ngh\u1ec9 d\u01b0\u1ee1ng, nh\u00e0 c\u00e2u l\u1ea1c b\u1ed9 t\u01b0 nh\u00e2n, qu\u00e1n bar v\u00e0 nh\u00e0 h\u00e0ng \u0111\u1eb7c tr\u01b0ng, trung t\u00e2m ho\u1ea1t \u0111\u1ed9ng gia \u0111\u00ecnh v\u00e0 \u201ctrung t\u00e2m gi\u1ea3i tr\u00ed d\u00e0nh ri\u00eang cho qu\u00fd \u00f4ng\u201d tr\u00ean kh\u1eafp th\u1ebf gi\u1edbi. C\u00e1c ki\u1ebfn tr\u00fac s\u01b0, nh\u00e0 thi\u1ebft k\u1ebf n\u1ed9i th\u1ea5t, ch\u1ee7 s\u1edf h\u1eefu nh\u00e0 v\u00e0 nh\u00e0 \u0111i\u1ec1u h\u00e0nh kh\u00e1ch s\u1ea1n \u0111\u00e3 ch\u1ecdn ch\u1ea5t l\u01b0\u1ee3ng v\u00e0 thi\u1ebft k\u1ebf t\u1eeb l\u00e2u \u0111\u1eddi cho n\u1ed9i th\u1ea5t b\u00e0n bida Brunswick, b\u00e0n shuffleboard, bi l\u1eafc, kh\u00fac c\u00f4n c\u1ea7u tr\u00ean kh\u00f4ng v\u00e0 ph\u00f2ng tr\u00f2 ch\u01a1i \u0111\u1ec3 t\u00f4n l\u00ean kh\u00f4ng gian \u0111\u1ed9c \u0111\u00e1o m\u00e0 h\u1ecd \u0111ang t\u1ea1o ra. Ng\u01b0\u1eddi ch\u01a1i b\u1ecb thu h\u00fat b\u1edfi \u0111\u1ed9 ch\u00ednh x\u00e1c \u0111\u1eadp ngay v\u00e0o m\u1eaft v\u00e0 s\u1ef1 ho\u00e0n h\u1ea3o khi ch\u01a1i m\u00e0 ch\u1ec9 c\u00f3 \u1edf c\u00e1c b\u00e0n tr\u00f2 ch\u01a1i Brunswick.<\/p>\t\t\t\t\t\t\t\t<\/div>\n\t\t\t\t<\/div>\n\t\t\t\t\t<\/div>\n\t\t<\/div>\n\t\t\t\t\t<\/div>\n\t\t<\/section>\n\t\t\t\t<section class=\"elementor-section elementor-top-section elementor-element elementor-element-112ac0bd elementor-section-boxed elementor-section-height-default elementor-section-height-default\" data-id=\"112ac0bd\" data-element_type=\"section\" data-e-type=\"section\">\n\t\t\t\t\t\t<div class=\"elementor-container elementor-column-gap-default\">\n\t\t\t\t\t<div class=\"elementor-column elementor-col-100 elementor-top-column elementor-element elementor-element-54aae36\" data-id=\"54aae36\" data-element_type=\"column\" data-e-type=\"column\">\n\t\t\t<div class=\"elementor-widget-wrap elementor-element-populated\">\n\t\t\t\t\t\t<div class=\"elementor-element elementor-element-2c1bc371 elementor-widget elementor-widget-heading\" data-id=\"2c1bc371\" data-element_type=\"widget\" data-e-type=\"widget\" data-widget_type=\"heading.default\">\n\t\t\t\t<div class=\"elementor-widget-container\">\n\t\t\t\t\t<h3 class=\"elementor-heading-title elementor-size-default\">Products and Services<\/h3>\t\t\t\t<\/div>\n\t\t\t\t<\/div>\n\t\t\t\t<div class=\"elementor-element elementor-element-295f8646 elementor-widget-divider--view-line elementor-widget elementor-widget-divider\" data-id=\"295f8646\" data-element_type=\"widget\" data-e-type=\"widget\" data-widget_type=\"divider.default\">\n\t\t\t\t<div class=\"elementor-widget-container\">\n\t\t\t\t\t\t\t<div class=\"elementor-divider\">\n\t\t\t<span class=\"elementor-divider-separator\">\n\t\t\t\t\t\t<\/span>\n\t\t<\/div>\n\t\t\t\t\t\t<\/div>\n\t\t\t\t<\/div>\n\t\t\t\t<div class=\"elementor-element elementor-element-f5b65b6 elementor-grid-3 elementor-grid-tablet-2 elementor-grid-mobile-1 elementor-widget elementor-widget-portfolio\" data-id=\"f5b65b6\" data-element_type=\"widget\" data-e-type=\"widget\" data-settings=\"{&quot;row_gap&quot;:{&quot;unit&quot;:&quot;px&quot;,&quot;size&quot;:30,&quot;sizes&quot;:[]},&quot;columns&quot;:&quot;3&quot;,&quot;columns_tablet&quot;:&quot;2&quot;,&quot;columns_mobile&quot;:&quot;1&quot;,&quot;item_ratio&quot;:{&quot;unit&quot;:&quot;px&quot;,&quot;size&quot;:0.66,&quot;sizes&quot;:[]},&quot;item_gap&quot;:{&quot;unit&quot;:&quot;px&quot;,&quot;size&quot;:&quot;&quot;,&quot;sizes&quot;:[]}}\" data-widget_type=\"portfolio.default\">\n\t\t\t\t<div class=\"elementor-widget-container\">\n\t\t\t\t\t\t\t<div class=\"elementor-portfolio elementor-grid elementor-posts-container\" role=\"list\">\r\n\t\t\t\t<article class=\"elementor-portfolio-item elementor-post  post-4089 products_services type-products_services status-publish has-post-thumbnail hentry\" role=\"listitem\">\r\n\t\t\t<a class=\"elementor-post__thumbnail__link\" href=\"https:\/\/searasports.zestdevelopment.com\/vi\/products_services\/brunswick-furniture\/\">\r\n\t\t\t\t<div class=\"elementor-portfolio-item__img elementor-post__thumbnail\">\r\n\t\t\t<img fetchpriority=\"high\" decoding=\"async\" width=\"300\" height=\"200\" src=\"https:\/\/searasports.zestdevelopment.com\/wp-content\/uploads\/2021\/11\/Brunswick-Furniture-300x200.jpg\" class=\"attachment-medium size-medium wp-image-2252\" alt=\"Brunswick Furniture\" srcset=\"https:\/\/searasports.zestdevelopment.com\/wp-content\/uploads\/2021\/11\/Brunswick-Furniture-300x200.jpg 300w, https:\/\/searasports.zestdevelopment.com\/wp-content\/uploads\/2021\/11\/Brunswick-Furniture-1024x683.jpg 1024w, https:\/\/searasports.zestdevelopment.com\/wp-content\/uploads\/2021\/11\/Brunswick-Furniture-768x512.jpg 768w, https:\/\/searasports.zestdevelopment.com\/wp-content\/uploads\/2021\/11\/Brunswick-Furniture-18x12.jpg 18w, https:\/\/searasports.zestdevelopment.com\/wp-content\/uploads\/2021\/11\/Brunswick-Furniture.jpg 1200w\" sizes=\"(max-width: 300px) 100vw, 300px\" \/>\t\t<\/div>\r\n\t\t\t\t<div class=\"elementor-portfolio-item__overlay\">\r\n\t\t\t\t<h4 class=\"elementor-portfolio-item__title\">\r\n\t\tBrunswick Furniture\t\t<\/h4>\r\n\t\t\t\t<\/div>\r\n\t\t\t\t<\/a>\r\n\t\t<\/article>\r\n\t\t\t\t<article class=\"elementor-portfolio-item elementor-post  post-3979 products_services type-products_services status-publish has-post-thumbnail hentry\" role=\"listitem\">\r\n\t\t\t<a class=\"elementor-post__thumbnail__link\" href=\"https:\/\/searasports.zestdevelopment.com\/vi\/products_services\/brunswick-billiards-tables\/\">\r\n\t\t\t\t<div class=\"elementor-portfolio-item__img elementor-post__thumbnail\">\r\n\t\t\t<img decoding=\"async\" width=\"300\" height=\"200\" src=\"https:\/\/searasports.zestdevelopment.com\/wp-content\/uploads\/2021\/11\/Brunswick-Pool-Tables-1-300x200.jpg\" class=\"attachment-medium size-medium wp-image-1105\" alt=\"Brunswick Pool Tables 1\" srcset=\"https:\/\/searasports.zestdevelopment.com\/wp-content\/uploads\/2021\/11\/Brunswick-Pool-Tables-1-300x200.jpg 300w, https:\/\/searasports.zestdevelopment.com\/wp-content\/uploads\/2021\/11\/Brunswick-Pool-Tables-1-1024x683.jpg 1024w, https:\/\/searasports.zestdevelopment.com\/wp-content\/uploads\/2021\/11\/Brunswick-Pool-Tables-1-768x512.jpg 768w, https:\/\/searasports.zestdevelopment.com\/wp-content\/uploads\/2021\/11\/Brunswick-Pool-Tables-1-18x12.jpg 18w, https:\/\/searasports.zestdevelopment.com\/wp-content\/uploads\/2021\/11\/Brunswick-Pool-Tables-1.jpg 1200w\" sizes=\"(max-width: 300px) 100vw, 300px\" \/>\t\t<\/div>\r\n\t\t\t\t<div class=\"elementor-portfolio-item__overlay\">\r\n\t\t\t\t<h4 class=\"elementor-portfolio-item__title\">\r\n\t\tB\u00e0n bida Brunswick\t\t<\/h4>\r\n\t\t\t\t<\/div>\r\n\t\t\t\t<\/a>\r\n\t\t<\/article>\r\n\t\t\t\t<article class=\"elementor-portfolio-item elementor-post  post-3980 products_services type-products_services status-publish has-post-thumbnail hentry\" role=\"listitem\">\r\n\t\t\t<a class=\"elementor-post__thumbnail__link\" href=\"https:\/\/searasports.zestdevelopment.com\/vi\/products_services\/brunswick-shuffle-boards\/\">\r\n\t\t\t\t<div class=\"elementor-portfolio-item__img elementor-post__thumbnail\">\r\n\t\t\t<img decoding=\"async\" width=\"300\" height=\"200\" src=\"https:\/\/searasports.zestdevelopment.com\/wp-content\/uploads\/2021\/11\/Brunswick-Shuffle-Boards-1-300x200.jpg\" class=\"attachment-medium size-medium wp-image-1113\" alt=\"Brunswick Shuffle Boards 1\" srcset=\"https:\/\/searasports.zestdevelopment.com\/wp-content\/uploads\/2021\/11\/Brunswick-Shuffle-Boards-1-300x200.jpg 300w, https:\/\/searasports.zestdevelopment.com\/wp-content\/uploads\/2021\/11\/Brunswick-Shuffle-Boards-1-1024x683.jpg 1024w, https:\/\/searasports.zestdevelopment.com\/wp-content\/uploads\/2021\/11\/Brunswick-Shuffle-Boards-1-768x512.jpg 768w, https:\/\/searasports.zestdevelopment.com\/wp-content\/uploads\/2021\/11\/Brunswick-Shuffle-Boards-1-18x12.jpg 18w, https:\/\/searasports.zestdevelopment.com\/wp-content\/uploads\/2021\/11\/Brunswick-Shuffle-Boards-1.jpg 1200w\" sizes=\"(max-width: 300px) 100vw, 300px\" \/>\t\t<\/div>\r\n\t\t\t\t<div class=\"elementor-portfolio-item__overlay\">\r\n\t\t\t\t<h4 class=\"elementor-portfolio-item__title\">\r\n\t\tB\u00e0n Shuffleboard c\u1ee7a Brunswick\t\t<\/h4>\r\n\t\t\t\t<\/div>\r\n\t\t\t\t<\/a>\r\n\t\t<\/article>\r\n\t\t\t\t<article class=\"elementor-portfolio-item elementor-post  post-3978 products_services type-products_services status-publish has-post-thumbnail hentry\" role=\"listitem\">\r\n\t\t\t<a class=\"elementor-post__thumbnail__link\" href=\"https:\/\/searasports.zestdevelopment.com\/vi\/products_services\/brunswick-foosball\/\">\r\n\t\t\t\t<div class=\"elementor-portfolio-item__img elementor-post__thumbnail\">\r\n\t\t\t<img loading=\"lazy\" decoding=\"async\" width=\"300\" height=\"200\" src=\"https:\/\/searasports.zestdevelopment.com\/wp-content\/uploads\/2021\/11\/Brunswick-Foosball-1-300x200.jpg\" class=\"attachment-medium size-medium wp-image-1099\" alt=\"Brunswick Foosball 1\" srcset=\"https:\/\/searasports.zestdevelopment.com\/wp-content\/uploads\/2021\/11\/Brunswick-Foosball-1-300x200.jpg 300w, https:\/\/searasports.zestdevelopment.com\/wp-content\/uploads\/2021\/11\/Brunswick-Foosball-1-1024x683.jpg 1024w, https:\/\/searasports.zestdevelopment.com\/wp-content\/uploads\/2021\/11\/Brunswick-Foosball-1-768x512.jpg 768w, https:\/\/searasports.zestdevelopment.com\/wp-content\/uploads\/2021\/11\/Brunswick-Foosball-1-18x12.jpg 18w, https:\/\/searasports.zestdevelopment.com\/wp-content\/uploads\/2021\/11\/Brunswick-Foosball-1.jpg 1200w\" sizes=\"(max-width: 300px) 100vw, 300px\" \/>\t\t<\/div>\r\n\t\t\t\t<div class=\"elementor-portfolio-item__overlay\">\r\n\t\t\t\t<h4 class=\"elementor-portfolio-item__title\">\r\n\t\tBi l\u1eafc Brunswick\t\t<\/h4>\r\n\t\t\t\t<\/div>\r\n\t\t\t\t<\/a>\r\n\t\t<\/article>\r\n\t\t\t\t<article class=\"elementor-portfolio-item elementor-post  post-3977 products_services type-products_services status-publish has-post-thumbnail hentry\" role=\"listitem\">\r\n\t\t\t<a class=\"elementor-post__thumbnail__link\" href=\"https:\/\/searasports.zestdevelopment.com\/vi\/products_services\/brunswick-air-hockey\/\">\r\n\t\t\t\t<div class=\"elementor-portfolio-item__img elementor-post__thumbnail\">\r\n\t\t\t<img loading=\"lazy\" decoding=\"async\" width=\"300\" height=\"200\" src=\"https:\/\/searasports.zestdevelopment.com\/wp-content\/uploads\/2021\/11\/Brunswick-Air-Hockey-1-300x200.jpg\" class=\"attachment-medium size-medium wp-image-1096\" alt=\"Brunswick Air Hockey 1\" srcset=\"https:\/\/searasports.zestdevelopment.com\/wp-content\/uploads\/2021\/11\/Brunswick-Air-Hockey-1-300x200.jpg 300w, https:\/\/searasports.zestdevelopment.com\/wp-content\/uploads\/2021\/11\/Brunswick-Air-Hockey-1-1024x683.jpg 1024w, https:\/\/searasports.zestdevelopment.com\/wp-content\/uploads\/2021\/11\/Brunswick-Air-Hockey-1-768x512.jpg 768w, https:\/\/searasports.zestdevelopment.com\/wp-content\/uploads\/2021\/11\/Brunswick-Air-Hockey-1-18x12.jpg 18w, https:\/\/searasports.zestdevelopment.com\/wp-content\/uploads\/2021\/11\/Brunswick-Air-Hockey-1.jpg 1200w\" sizes=\"(max-width: 300px) 100vw, 300px\" \/>\t\t<\/div>\r\n\t\t\t\t<div class=\"elementor-portfolio-item__overlay\">\r\n\t\t\t\t<h4 class=\"elementor-portfolio-item__title\">\r\n\t\tKh\u00fac c\u00f4n c\u1ea7u tr\u00ean kh\u00f4ng Brunswick\t\t<\/h4>\r\n\t\t\t\t<\/div>\r\n\t\t\t\t<\/a>\r\n\t\t<\/article>\r\n\t\t\t\t<article class=\"elementor-portfolio-item elementor-post  post-3981 products_services type-products_services status-publish has-post-thumbnail hentry\" role=\"listitem\">\r\n\t\t\t<a class=\"elementor-post__thumbnail__link\" href=\"https:\/\/searasports.zestdevelopment.com\/vi\/products_services\/brunswick-table-tennis\/\">\r\n\t\t\t\t<div class=\"elementor-portfolio-item__img elementor-post__thumbnail\">\r\n\t\t\t<img loading=\"lazy\" decoding=\"async\" width=\"300\" height=\"200\" src=\"https:\/\/searasports.zestdevelopment.com\/wp-content\/uploads\/2021\/11\/Brunswick-Table-Tennis-1-300x200.jpg\" class=\"attachment-medium size-medium wp-image-1118\" alt=\"Brunswick Table Tennis 1\" srcset=\"https:\/\/searasports.zestdevelopment.com\/wp-content\/uploads\/2021\/11\/Brunswick-Table-Tennis-1-300x200.jpg 300w, https:\/\/searasports.zestdevelopment.com\/wp-content\/uploads\/2021\/11\/Brunswick-Table-Tennis-1-1024x683.jpg 1024w, https:\/\/searasports.zestdevelopment.com\/wp-content\/uploads\/2021\/11\/Brunswick-Table-Tennis-1-768x512.jpg 768w, https:\/\/searasports.zestdevelopment.com\/wp-content\/uploads\/2021\/11\/Brunswick-Table-Tennis-1-18x12.jpg 18w, https:\/\/searasports.zestdevelopment.com\/wp-content\/uploads\/2021\/11\/Brunswick-Table-Tennis-1.jpg 1200w\" sizes=\"(max-width: 300px) 100vw, 300px\" \/>\t\t<\/div>\r\n\t\t\t\t<div class=\"elementor-portfolio-item__overlay\">\r\n\t\t\t\t<h4 class=\"elementor-portfolio-item__title\">\r\n\t\tB\u00e0n tr\u00f2 ch\u01a1i b\u00f3ng b\u00e0n Brunswick\t\t<\/h4>\r\n\t\t\t\t<\/div>\r\n\t\t\t\t<\/a>\r\n\t\t<\/article>\r\n\t\t\t\t<\/div>\r\n\t\t\t\t\t\t<\/div>\n\t\t\t\t<\/div>\n\t\t\t\t\t<\/div>\n\t\t<\/div>\n\t\t\t\t\t<\/div>\n\t\t<\/section>\n\t\t\t\t<\/div>","protected":false},"excerpt":{"rendered":"<p>The playing experience on a Brunswick is a culture all its own Brunswick pool tables meet or exceed the construction standards and playing characteristics of the World Pool \u2013 Billiards Association and the Billiard Congress of America. Brunswick \u201cActive Recreation\u201d products are found in hotels and resorts, private club houses, distinctive bars and restaurants, family [&hellip;]<\/p>","protected":false},"author":1,"featured_media":254,"parent":198,"menu_order":0,"comment_status":"closed","ping_status":"closed","template":"","meta":{"footnotes":""},"class_list":["post-248","page","type-page","status-publish","has-post-thumbnail","hentry"],"_links":{"self":[{"href":"https:\/\/searasports.zestdevelopment.com\/vi\/wp-json\/wp\/v2\/pages\/248","targetHints":{"allow":["GET"]}}],"collection":[{"href":"https:\/\/searasports.zestdevelopment.com\/vi\/wp-json\/wp\/v2\/pages"}],"about":[{"href":"https:\/\/searasports.zestdevelopment.com\/vi\/wp-json\/wp\/v2\/types\/page"}],"author":[{"embeddable":true,"href":"https:\/\/searasports.zestdevelopment.com\/vi\/wp-json\/wp\/v2\/users\/1"}],"replies":[{"embeddable":true,"href":"https:\/\/searasports.zestdevelopment.com\/vi\/wp-json\/wp\/v2\/comments?post=248"}],"version-history":[{"count":0,"href":"https:\/\/searasports.zestdevelopment.com\/vi\/wp-json\/wp\/v2\/pages\/248\/revisions"}],"up":[{"embeddable":true,"href":"https:\/\/searasports.zestdevelopment.com\/vi\/wp-json\/wp\/v2\/pages\/198"}],"wp:featuredmedia":[{"embeddable":true,"href":"https:\/\/searasports.zestdevelopment.com\/vi\/wp-json\/wp\/v2\/media\/254"}],"wp:attachment":[{"href":"https:\/\/searasports.zestdevelopment.com\/vi\/wp-json\/wp\/v2\/media?parent=248"}],"curies":[{"name":"wp","href":"https:\/\/api.w.org\/{rel}","templated":true}]}}