{"id":252,"date":"2021-11-06T18:33:48","date_gmt":"2021-11-06T18:33:48","guid":{"rendered":"http:\/\/searasportscom.codeorange.codeorange.host\/?page_id=252"},"modified":"2021-11-22T15:20:09","modified_gmt":"2021-11-22T15:20:09","slug":"fitness-technology","status":"publish","type":"page","link":"https:\/\/searasports.zestdevelopment.com\/vi\/solutions\/fitness-technology\/","title":{"rendered":"C\u00f4ng Ngh\u1ec7 Trong T\u1eadp Th\u1ec3 D\u1ee5c"},"content":{"rendered":"<div data-elementor-type=\"wp-page\" data-elementor-id=\"252\" class=\"elementor elementor-252\" data-elementor-post-type=\"page\">\n\t\t\t\t\t\t<section class=\"elementor-section elementor-top-section elementor-element elementor-element-4723dea1 elementor-section-height-min-height elementor-section-boxed elementor-section-height-default elementor-section-items-middle\" data-id=\"4723dea1\" data-element_type=\"section\" data-e-type=\"section\" data-settings=\"{&quot;background_background&quot;:&quot;classic&quot;}\">\n\t\t\t\t\t\t<div class=\"elementor-container elementor-column-gap-default\">\n\t\t\t\t\t<div class=\"elementor-column elementor-col-100 elementor-top-column elementor-element elementor-element-652a154\" data-id=\"652a154\" data-element_type=\"column\" data-e-type=\"column\">\n\t\t\t<div class=\"elementor-widget-wrap elementor-element-populated\">\n\t\t\t\t\t\t<div class=\"elementor-element elementor-element-3f3b85bf elementor-widget elementor-widget-heading\" data-id=\"3f3b85bf\" data-element_type=\"widget\" data-e-type=\"widget\" data-widget_type=\"heading.default\">\n\t\t\t\t<div class=\"elementor-widget-container\">\n\t\t\t\t\t<h2 class=\"elementor-heading-title elementor-size-default\">C\u00f4ng Ngh\u1ec7 Trong T\u1eadp Th\u1ec3 D\u1ee5c<\/h2>\t\t\t\t<\/div>\n\t\t\t\t<\/div>\n\t\t\t\t\t<\/div>\n\t\t<\/div>\n\t\t\t\t\t<\/div>\n\t\t<\/section>\n\t\t\t\t<section class=\"elementor-section elementor-top-section elementor-element elementor-element-7688ef95 elementor-section-boxed elementor-section-height-default elementor-section-height-default\" data-id=\"7688ef95\" data-element_type=\"section\" data-e-type=\"section\">\n\t\t\t\t\t\t<div class=\"elementor-container elementor-column-gap-default\">\n\t\t\t\t\t<div class=\"elementor-column elementor-col-33 elementor-top-column elementor-element elementor-element-28598bed\" data-id=\"28598bed\" data-element_type=\"column\" data-e-type=\"column\">\n\t\t\t<div class=\"elementor-widget-wrap elementor-element-populated\">\n\t\t\t\t\t\t<div class=\"elementor-element elementor-element-77582fb2 elementor-widget elementor-widget-heading\" data-id=\"77582fb2\" data-element_type=\"widget\" data-e-type=\"widget\" data-widget_type=\"heading.default\">\n\t\t\t\t<div class=\"elementor-widget-container\">\n\t\t\t\t\t<h3 class=\"elementor-heading-title elementor-size-default\">Game h\u00f3a vi\u1ec7c t\u1eadp th\u1ec3 d\u1ee5c<\/h3>\t\t\t\t<\/div>\n\t\t\t\t<\/div>\n\t\t\t\t<div class=\"elementor-element elementor-element-29ac23f5 elementor-widget-divider--view-line elementor-widget elementor-widget-divider\" data-id=\"29ac23f5\" data-element_type=\"widget\" data-e-type=\"widget\" data-widget_type=\"divider.default\">\n\t\t\t\t<div class=\"elementor-widget-container\">\n\t\t\t\t\t\t\t<div class=\"elementor-divider\">\n\t\t\t<span class=\"elementor-divider-separator\">\n\t\t\t\t\t\t<\/span>\n\t\t<\/div>\n\t\t\t\t\t\t<\/div>\n\t\t\t\t<\/div>\n\t\t\t\t\t<\/div>\n\t\t<\/div>\n\t\t\t\t<div class=\"elementor-column elementor-col-66 elementor-top-column elementor-element elementor-element-59a985db\" data-id=\"59a985db\" data-element_type=\"column\" data-e-type=\"column\">\n\t\t\t<div class=\"elementor-widget-wrap elementor-element-populated\">\n\t\t\t\t\t\t<div class=\"elementor-element elementor-element-2ac42d52 elementor-widget elementor-widget-text-editor\" data-id=\"2ac42d52\" data-element_type=\"widget\" data-e-type=\"widget\" data-widget_type=\"text-editor.default\">\n\t\t\t\t<div class=\"elementor-widget-container\">\n\t\t\t\t\t\t\t\t\t<p>Icaros l\u00e0 c\u00f4ng ngh\u1ec7 t\u1ed1i t\u00e2n trong game h\u00f3a vi\u1ec7c t\u1eadp th\u1ec3 d\u1ee5c. K\u1ebft h\u1ee3p th\u1ef1c t\u1ebf \u1ea3o v\u1edbi c\u00e1c b\u00e0i t\u1eadp c\u1ed1t l\u00f5i c\u00f3 l\u1ee3i cho s\u1ee9c kh\u1ecfe theo c\u00e1ch v\u1eeba gi\u1ea3i tr\u00ed v\u1eeba t\u1ea1o \u0111i\u1ec1u ki\u1ec7n cho c\u01a1 th\u1ec3 t\u1eadp m\u1ed9t lo\u1ea1t c\u00e1c t\u01b0 th\u1ebf gi\u00fap s\u0103n ch\u1eafc c\u01a1 l\u00f5i, l\u01b0ng, ch\u00e2n v\u00e0 c\u00e1nh tay \u0111\u1ed3ng th\u1eddi th\u00fac \u0111\u1ea9y s\u1ef1 tham gia c\u1ee7a c\u00e1c ch\u1ee9c n\u0103ng th\u1ea7n kinh nh\u1eb1m t\u0103ng kh\u1ea3 n\u0103ng ph\u1ed1i h\u1ee3p. \u0110\u1eb7c bi\u1ec7t, hai s\u1ea3n ph\u1ea9m sau th\u00edch h\u1ee3p cho gia \u0111\u00ecnh, ph\u00f2ng t\u1eadp ki\u1ec3u studio ho\u1eb7c gym. Icaros Home k\u1ebft h\u1ee3p gi\u1eefa th\u1ec3 d\u1ee5c v\u00e0 th\u1ef1c t\u1ebf \u1ea3o bu\u1ed9c ng\u01b0\u1eddi d\u00f9ng ph\u1ea3i \u1edf t\u01b0 th\u1ebf plank \u0111\u1ec3 bay ho\u1eb7c b\u1ed5 nh\u00e0o xu\u1ed1ng xuy\u00ean qua c\u00e1c th\u1ebf gi\u1edbi \u1ea3o h\u1ea5p d\u1eabn \u0111\u00e1ng kinh ng\u1ea1c nh\u01b0 th\u1ec3 h\u1ecd l\u00e0 phi c\u00f4ng l\u00e1i m\u00e1y bay c\u1ee7a ri\u00eang h\u1ecd. Icaros Cloud l\u00e0 m\u1ed9t thi\u1ebft b\u1ecb luy\u1ec7n t\u1eadp c\u00f3 th\u1ec3 ph\u1ed3ng l\u00ean, \u0111\u01b0\u1ee3c k\u1ebft n\u1ed1i k\u1ef9 thu\u1eadt s\u1ed1 \u0111\u1ec3 t\u1eadp luy\u1ec7n to\u00e0n th\u00e2n nh\u1eb1m ph\u00e1t tri\u1ec3n c\u00e1c c\u01a1 c\u1ed1t l\u00f5i, s\u1ef1 ph\u1ed1i h\u1ee3p v\u00e0 c\u00e2n b\u1eb1ng th\u00f4ng qua c\u00e1c b\u00e0i t\u1eadp b\u1ea5t \u1ed5n \u0111\u1ecbnh tr\u00ean \u0111\u00e1m m\u00e2y Icaros. Icaros Cloud s\u1eed d\u1ee5ng \u1ee8ng d\u1ee5ng mi\u1ec5n ph\u00ed ho\u1eb7c \u1ee8ng d\u1ee5ng Pro \u0111\u1ec3 mang \u0111\u1ebfn c\u00e1c b\u00e0i t\u1eadp t\u01b0\u01a1ng t\u00e1c \u0111\u01b0\u1ee3c s\u00e1ng ch\u1ebf b\u1edfi c\u00e1c nh\u00e0 khoa h\u1ecdc th\u1ec3 thao v\u00e0 hu\u1ea5n luy\u1ec7n vi\u00ean chuy\u00ean nghi\u1ec7p c\u0169ng nh\u01b0 c\u00e1c b\u00e0i t\u1eadp l\u1ea5y c\u1ea3m h\u1ee9ng t\u1eeb yoga v\u00e0 Pilates.<\/p><p><strong>T\u1eadp th\u1ec3 d\u1ee5c \u0111\u01b0\u1ee3c k\u1ebft n\u1ed1i - N\u00e2ng cao m\u1ee9c \u0111\u1ed9 tham gia c\u1ee7a ng\u01b0\u1eddi d\u00f9ng theo h\u00ecnh th\u1ee9c Tr\u1ef1c tuy\u1ebfn, On-Cloud (Tr\u00ean \u0111\u00e1m m\u00e2y), On-App (Tr\u00ean \u1ee9ng d\u1ee5ng)<\/strong><\/p><p>Seara d\u1eabn \u0111\u1ea7u ng\u00e0nh trong cung c\u1ea5p c\u00e1c gi\u1ea3i ph\u00e1p v\u00e0 s\u1ea3n ph\u1ea9m cho c\u00e1c trung t\u00e2m th\u1ec3 d\u1ee5c th\u01b0\u01a1ng m\u1ea1i ho\u1ea1t \u0111\u1ed9ng, c\u00e1c c\u01a1 s\u1edf kh\u00f4ng ho\u1ea1t \u0111\u1ed9ng ho\u1eb7c th\u1ee5 \u0111\u1ed9ng, trung t\u00e2m ch\u0103m s\u00f3c s\u1ee9c kh\u1ecfe v\u00e0 ng\u01b0\u1eddi d\u00f9ng t\u1ea1i nh\u00e0 mong mu\u1ed1n s\u1eed d\u1ee5ng c\u00f4ng ngh\u1ec7 k\u1ebft n\u1ed1i k\u1ef9 thu\u1eadt s\u1ed1 m\u1edbi nh\u1ea5t \u0111\u1ec3 n\u00e2ng c\u1ea5p c\u00e1c ch\u01b0\u01a1ng tr\u00ecnh c\u0169ng nh\u01b0 c\u1ea3i thi\u1ec7n tr\u1ea3i nghi\u1ec7m c\u1ee7a h\u1ecd. Hi\u1ec7n c\u00f3 nhi\u1ec1u gi\u1ea3i ph\u00e1p c\u00f4ng khai v\u00e0 \u0111\u1ed9c quy\u1ec1n \u0111\u1ec3 \u0111o l\u01b0\u1eddng hi\u1ec7u qu\u1ea3, theo d\u00f5i hi\u1ec7u su\u1ea5t, ph\u00e2n t\u00edch d\u1eef li\u1ec7u v\u00e0 k\u1ebft qu\u1ea3 c\u1eadp nh\u1eadt nh\u1ea5t, \u0111a d\u1ea1ng h\u00f3a c\u00e1c ch\u01b0\u01a1ng tr\u00ecnh t\u1eadp luy\u1ec7n c\u00e1 nh\u00e2n ho\u1eb7c tham gia v\u00e0 t\u1eadn h\u01b0\u1edfng c\u00e1c b\u00e0i t\u1eadp c\u00f9ng v\u1edbi c\u00e1c bu\u1ed5i t\u1eadp kh\u00e1c theo nh\u00f3m. \u0110\u1ed1i v\u1edbi c\u00e1c b\u00e0i t\u1eadp tim m\u1ea1ch v\u00e0 s\u1ee9c kh\u1ecfe, c\u0169ng tu\u00e2n theo c\u00e1c b\u01b0\u1edbc t\u01b0\u01a1ng t\u1ef1 nh\u01b0 tr\u00ean: t\u1ea1o ra b\u00e0i t\u1eadp, \u0111\u0103ng nh\u1eadp v\u00e0o thi\u1ebft b\u1ecb, nh\u1eadn ph\u1ea3n h\u1ed3i t\u1eadp luy\u1ec7n t\u1eeb thi\u1ebft b\u1ecb v\u00e0 tr\u00ean m\u1ed9t \u1ee9ng d\u1ee5ng, \u0111\u1ed3ng th\u1eddi h\u1ecdc theo v\u00e0 theo d\u00f5i c\u00e1c n\u1ed9i dung t\u00f3m t\u1eaft b\u00e0i t\u1eadp theo th\u1eddi gian.<\/p><p>\u0110i\u1ec1u quan tr\u1ecdng trong s\u1eed d\u1ee5ng b\u00e0i th\u1ec3 d\u1ee5c \u0111\u01b0\u1ee3c k\u1ebft n\u1ed1i l\u00e0 bi\u1ebfn t\u1ea5t c\u1ea3 c\u00e1c k\u1ebft qu\u1ea3 \u0111o, d\u1eef li\u1ec7u, c\u00e1c ch\u01b0\u01a1ng tr\u00ecnh tr\u1ea3i nghi\u1ec7m c\u00e1 nh\u00e2n v\u00e0 ch\u01b0\u01a1ng tr\u00ecnh tr\u1ea3i nghi\u1ec7m trong nh\u00f3m th\u00e0nh ngu\u1ed3n c\u1ea3m h\u1ee9ng \u0111\u1ec3 d\u1ea7n chuy\u1ec3n \u0111\u1ed5i s\u1ef1 tham gia th\u00e0nh m\u1ed9t l\u1ed1i s\u1ed1ng v\u00ec m\u1ed9t cu\u1ed9c s\u1ed1ng kh\u1ecfe m\u1ea1nh. Seara c\u00f3 th\u1ec3 gi\u00fap b\u1ea1n v\u1edbi c\u00e1c s\u1ea3n ph\u1ea9m, gi\u1ea3i ph\u00e1p \u0111\u1eb3ng c\u1ea5p th\u1ebf gi\u1edbi v\u00e0 \u0111\u01b0a ra l\u1eddi gi\u1ea3i \u0111\u00e1p cho c\u00e1c c\u00e2u h\u1ecfi c\u1ee7a b\u1ea1n \u0111\u1ec3 b\u1ea1n c\u00f3 th\u1ec3 thi\u1ebft l\u1eadp m\u1ee9c \u0111\u1ed9 tham gia c\u1ee7a ri\u00eang m\u00ecnh cho t\u1ed5 ch\u1ee9c c\u1ee7a b\u1ea1n ho\u1eb7c cho ch\u00ednh b\u1ea1n.<\/p>\t\t\t\t\t\t\t\t<\/div>\n\t\t\t\t<\/div>\n\t\t\t\t\t<\/div>\n\t\t<\/div>\n\t\t\t\t\t<\/div>\n\t\t<\/section>\n\t\t\t\t<section class=\"elementor-section elementor-top-section elementor-element elementor-element-112ac0bd elementor-section-boxed elementor-section-height-default elementor-section-height-default\" data-id=\"112ac0bd\" data-element_type=\"section\" data-e-type=\"section\">\n\t\t\t\t\t\t<div class=\"elementor-container elementor-column-gap-default\">\n\t\t\t\t\t<div class=\"elementor-column elementor-col-100 elementor-top-column elementor-element elementor-element-54aae36\" data-id=\"54aae36\" data-element_type=\"column\" data-e-type=\"column\">\n\t\t\t<div class=\"elementor-widget-wrap elementor-element-populated\">\n\t\t\t\t\t\t<div class=\"elementor-element elementor-element-2c1bc371 elementor-widget elementor-widget-heading\" data-id=\"2c1bc371\" data-element_type=\"widget\" data-e-type=\"widget\" data-widget_type=\"heading.default\">\n\t\t\t\t<div class=\"elementor-widget-container\">\n\t\t\t\t\t<h3 class=\"elementor-heading-title elementor-size-default\">Products and Services<\/h3>\t\t\t\t<\/div>\n\t\t\t\t<\/div>\n\t\t\t\t<div class=\"elementor-element elementor-element-295f8646 elementor-widget-divider--view-line elementor-widget elementor-widget-divider\" data-id=\"295f8646\" data-element_type=\"widget\" data-e-type=\"widget\" data-widget_type=\"divider.default\">\n\t\t\t\t<div class=\"elementor-widget-container\">\n\t\t\t\t\t\t\t<div class=\"elementor-divider\">\n\t\t\t<span class=\"elementor-divider-separator\">\n\t\t\t\t\t\t<\/span>\n\t\t<\/div>\n\t\t\t\t\t\t<\/div>\n\t\t\t\t<\/div>\n\t\t\t\t<div class=\"elementor-element elementor-element-6b6f278 elementor-grid-3 elementor-grid-tablet-2 elementor-grid-mobile-1 elementor-widget elementor-widget-portfolio\" data-id=\"6b6f278\" data-element_type=\"widget\" data-e-type=\"widget\" data-settings=\"{&quot;row_gap&quot;:{&quot;unit&quot;:&quot;px&quot;,&quot;size&quot;:30,&quot;sizes&quot;:[]},&quot;columns&quot;:&quot;3&quot;,&quot;columns_tablet&quot;:&quot;2&quot;,&quot;columns_mobile&quot;:&quot;1&quot;,&quot;item_ratio&quot;:{&quot;unit&quot;:&quot;px&quot;,&quot;size&quot;:0.66,&quot;sizes&quot;:[]},&quot;item_gap&quot;:{&quot;unit&quot;:&quot;px&quot;,&quot;size&quot;:&quot;&quot;,&quot;sizes&quot;:[]}}\" data-widget_type=\"portfolio.default\">\n\t\t\t\t<div class=\"elementor-widget-container\">\n\t\t\t\t\t\t\t<div class=\"elementor-portfolio elementor-grid elementor-posts-container\" role=\"list\">\r\n\t\t\t\t<article class=\"elementor-portfolio-item elementor-post  post-3964 products_services type-products_services status-publish has-post-thumbnail hentry sectors-fitness-centers solution-fitness-technology\" role=\"listitem\">\r\n\t\t\t<a class=\"elementor-post__thumbnail__link\" href=\"https:\/\/searasports.zestdevelopment.com\/vi\/products_services\/acti-motive-performance-tracking\/\">\r\n\t\t\t\t<div class=\"elementor-portfolio-item__img elementor-post__thumbnail\">\r\n\t\t\t<img fetchpriority=\"high\" decoding=\"async\" width=\"300\" height=\"200\" src=\"https:\/\/searasports.zestdevelopment.com\/wp-content\/uploads\/2021\/11\/Acti-Motive-Performance-Tracking-1-300x200.jpg\" class=\"attachment-medium size-medium wp-image-1005\" alt=\"Acti Motive Performance Tracking 1\" srcset=\"https:\/\/searasports.zestdevelopment.com\/wp-content\/uploads\/2021\/11\/Acti-Motive-Performance-Tracking-1-300x200.jpg 300w, https:\/\/searasports.zestdevelopment.com\/wp-content\/uploads\/2021\/11\/Acti-Motive-Performance-Tracking-1-1024x683.jpg 1024w, https:\/\/searasports.zestdevelopment.com\/wp-content\/uploads\/2021\/11\/Acti-Motive-Performance-Tracking-1-768x512.jpg 768w, https:\/\/searasports.zestdevelopment.com\/wp-content\/uploads\/2021\/11\/Acti-Motive-Performance-Tracking-1-18x12.jpg 18w, https:\/\/searasports.zestdevelopment.com\/wp-content\/uploads\/2021\/11\/Acti-Motive-Performance-Tracking-1.jpg 1200w\" sizes=\"(max-width: 300px) 100vw, 300px\" \/>\t\t<\/div>\r\n\t\t\t\t<div class=\"elementor-portfolio-item__overlay\">\r\n\t\t\t\t<h4 class=\"elementor-portfolio-item__title\">\r\n\t\tTheo d\u00f5i hi\u1ec7u qu\u1ea3 s\u1eed d\u1ee5ng b\u1eb1ng Acti-Motive\t\t<\/h4>\r\n\t\t\t\t<\/div>\r\n\t\t\t\t<\/a>\r\n\t\t<\/article>\r\n\t\t\t\t<article class=\"elementor-portfolio-item elementor-post  post-3987 products_services type-products_services status-publish has-post-thumbnail hentry\" role=\"listitem\">\r\n\t\t\t<a class=\"elementor-post__thumbnail__link\" href=\"https:\/\/searasports.zestdevelopment.com\/vi\/products_services\/evolt-360-body-composition-analysis\/\">\r\n\t\t\t\t<div class=\"elementor-portfolio-item__img elementor-post__thumbnail\">\r\n\t\t\t<img decoding=\"async\" width=\"300\" height=\"200\" src=\"https:\/\/searasports.zestdevelopment.com\/wp-content\/uploads\/2021\/11\/Evolt-360-Body-Composition-Analysis-1-300x200.jpg\" class=\"attachment-medium size-medium wp-image-1162\" alt=\"Evolt 360 Body Composition Analysis 1\" srcset=\"https:\/\/searasports.zestdevelopment.com\/wp-content\/uploads\/2021\/11\/Evolt-360-Body-Composition-Analysis-1-300x200.jpg 300w, https:\/\/searasports.zestdevelopment.com\/wp-content\/uploads\/2021\/11\/Evolt-360-Body-Composition-Analysis-1-1024x683.jpg 1024w, https:\/\/searasports.zestdevelopment.com\/wp-content\/uploads\/2021\/11\/Evolt-360-Body-Composition-Analysis-1-768x512.jpg 768w, https:\/\/searasports.zestdevelopment.com\/wp-content\/uploads\/2021\/11\/Evolt-360-Body-Composition-Analysis-1-18x12.jpg 18w, https:\/\/searasports.zestdevelopment.com\/wp-content\/uploads\/2021\/11\/Evolt-360-Body-Composition-Analysis-1.jpg 1200w\" sizes=\"(max-width: 300px) 100vw, 300px\" \/>\t\t<\/div>\r\n\t\t\t\t<div class=\"elementor-portfolio-item__overlay\">\r\n\t\t\t\t<h4 class=\"elementor-portfolio-item__title\">\r\n\t\tPh\u00e2n t\u00edch th\u00e0nh ph\u1ea7n c\u01a1 th\u1ec3 Evolt 360\t\t<\/h4>\r\n\t\t\t\t<\/div>\r\n\t\t\t\t<\/a>\r\n\t\t<\/article>\r\n\t\t\t\t<article class=\"elementor-portfolio-item elementor-post  post-3963 products_services type-products_services status-publish has-post-thumbnail hentry sectors-fitness-centers solution-fitness-technology\" role=\"listitem\">\r\n\t\t\t<a class=\"elementor-post__thumbnail__link\" href=\"https:\/\/searasports.zestdevelopment.com\/vi\/products_services\/acti-motive-bio-interactive-color-zone\/\">\r\n\t\t\t\t<div class=\"elementor-portfolio-item__img elementor-post__thumbnail\">\r\n\t\t\t<img decoding=\"async\" width=\"300\" height=\"200\" src=\"https:\/\/searasports.zestdevelopment.com\/wp-content\/uploads\/2021\/11\/Acti-Motive-Bio-Interactive-Color-Zone-1-300x200.jpg\" class=\"attachment-medium size-medium wp-image-1001\" alt=\"Acti Motive Bio Interactive Color Zone 1\" srcset=\"https:\/\/searasports.zestdevelopment.com\/wp-content\/uploads\/2021\/11\/Acti-Motive-Bio-Interactive-Color-Zone-1-300x200.jpg 300w, https:\/\/searasports.zestdevelopment.com\/wp-content\/uploads\/2021\/11\/Acti-Motive-Bio-Interactive-Color-Zone-1-1024x683.jpg 1024w, https:\/\/searasports.zestdevelopment.com\/wp-content\/uploads\/2021\/11\/Acti-Motive-Bio-Interactive-Color-Zone-1-768x512.jpg 768w, https:\/\/searasports.zestdevelopment.com\/wp-content\/uploads\/2021\/11\/Acti-Motive-Bio-Interactive-Color-Zone-1-18x12.jpg 18w, https:\/\/searasports.zestdevelopment.com\/wp-content\/uploads\/2021\/11\/Acti-Motive-Bio-Interactive-Color-Zone-1.jpg 1200w\" sizes=\"(max-width: 300px) 100vw, 300px\" \/>\t\t<\/div>\r\n\t\t\t\t<div class=\"elementor-portfolio-item__overlay\">\r\n\t\t\t\t<h4 class=\"elementor-portfolio-item__title\">\r\n\t\t\u00c1nh s\u00e1ng t\u01b0\u01a1ng t\u00e1c Acti-Motive\t\t<\/h4>\r\n\t\t\t\t<\/div>\r\n\t\t\t\t<\/a>\r\n\t\t<\/article>\r\n\t\t\t\t<article class=\"elementor-portfolio-item elementor-post  post-3962 products_services type-products_services status-publish has-post-thumbnail hentry\" role=\"listitem\">\r\n\t\t\t<a class=\"elementor-post__thumbnail__link\" href=\"https:\/\/searasports.zestdevelopment.com\/vi\/products_services\/acti-motive-fitness-technology\/\">\r\n\t\t\t\t<div class=\"elementor-portfolio-item__img elementor-post__thumbnail\">\r\n\t\t\t<img loading=\"lazy\" decoding=\"async\" width=\"300\" height=\"200\" src=\"https:\/\/searasports.zestdevelopment.com\/wp-content\/uploads\/2021\/11\/Acti-Motive-Fitness-Technology-4-300x200.jpg\" class=\"attachment-medium size-medium wp-image-996\" alt=\"Acti Motive Fitness Technology 4\" srcset=\"https:\/\/searasports.zestdevelopment.com\/wp-content\/uploads\/2021\/11\/Acti-Motive-Fitness-Technology-4-300x200.jpg 300w, https:\/\/searasports.zestdevelopment.com\/wp-content\/uploads\/2021\/11\/Acti-Motive-Fitness-Technology-4-1024x683.jpg 1024w, https:\/\/searasports.zestdevelopment.com\/wp-content\/uploads\/2021\/11\/Acti-Motive-Fitness-Technology-4-768x512.jpg 768w, https:\/\/searasports.zestdevelopment.com\/wp-content\/uploads\/2021\/11\/Acti-Motive-Fitness-Technology-4-18x12.jpg 18w, https:\/\/searasports.zestdevelopment.com\/wp-content\/uploads\/2021\/11\/Acti-Motive-Fitness-Technology-4.jpg 1200w\" sizes=\"(max-width: 300px) 100vw, 300px\" \/>\t\t<\/div>\r\n\t\t\t\t<div class=\"elementor-portfolio-item__overlay\">\r\n\t\t\t\t<h4 class=\"elementor-portfolio-item__title\">\r\n\t\tC\u00f4ng ngh\u1ec7 t\u1eadp th\u1ec3 d\u1ee5c Acti-Motive\t\t<\/h4>\r\n\t\t\t\t<\/div>\r\n\t\t\t\t<\/a>\r\n\t\t<\/article>\r\n\t\t\t\t<article class=\"elementor-portfolio-item elementor-post  post-3996 products_services type-products_services status-publish has-post-thumbnail hentry\" role=\"listitem\">\r\n\t\t\t<a class=\"elementor-post__thumbnail__link\" href=\"https:\/\/searasports.zestdevelopment.com\/vi\/products_services\/icaros-virtual-reality-fitness\/\">\r\n\t\t\t\t<div class=\"elementor-portfolio-item__img elementor-post__thumbnail\">\r\n\t\t\t<img loading=\"lazy\" decoding=\"async\" width=\"300\" height=\"200\" src=\"https:\/\/searasports.zestdevelopment.com\/wp-content\/uploads\/2021\/11\/Icaros-Virtual-Reality-Fitness-1-300x200.jpg\" class=\"attachment-medium size-medium wp-image-1339\" alt=\"Icaros Virtual Reality Fitness 1\" srcset=\"https:\/\/searasports.zestdevelopment.com\/wp-content\/uploads\/2021\/11\/Icaros-Virtual-Reality-Fitness-1-300x200.jpg 300w, https:\/\/searasports.zestdevelopment.com\/wp-content\/uploads\/2021\/11\/Icaros-Virtual-Reality-Fitness-1-1024x683.jpg 1024w, https:\/\/searasports.zestdevelopment.com\/wp-content\/uploads\/2021\/11\/Icaros-Virtual-Reality-Fitness-1-768x512.jpg 768w, https:\/\/searasports.zestdevelopment.com\/wp-content\/uploads\/2021\/11\/Icaros-Virtual-Reality-Fitness-1-18x12.jpg 18w, https:\/\/searasports.zestdevelopment.com\/wp-content\/uploads\/2021\/11\/Icaros-Virtual-Reality-Fitness-1.jpg 1200w\" sizes=\"(max-width: 300px) 100vw, 300px\" \/>\t\t<\/div>\r\n\t\t\t\t<div class=\"elementor-portfolio-item__overlay\">\r\n\t\t\t\t<h4 class=\"elementor-portfolio-item__title\">\r\n\t\tT\u1eadp th\u1ec3 d\u1ee5c v\u1edbi th\u1ef1c t\u1ebf \u1ea3o Icaros\t\t<\/h4>\r\n\t\t\t\t<\/div>\r\n\t\t\t\t<\/a>\r\n\t\t<\/article>\r\n\t\t\t\t<\/div>\r\n\t\t\t\t\t\t<\/div>\n\t\t\t\t<\/div>\n\t\t\t\t\t<\/div>\n\t\t<\/div>\n\t\t\t\t\t<\/div>\n\t\t<\/section>\n\t\t\t\t<\/div>","protected":false},"excerpt":{"rendered":"<p>The Gamification Of Wellness Icaros is the ultimate technology in the gamification of wellness. Merging virtual reality with beneficial core workouts in a way that both entertains and places the body through a series of positions that tone core, back, leg, and arm muscles while engaging neurological functions for increased coordination. Two products in particular [&hellip;]<\/p>","protected":false},"author":1,"featured_media":264,"parent":198,"menu_order":0,"comment_status":"closed","ping_status":"closed","template":"","meta":{"footnotes":""},"class_list":["post-252","page","type-page","status-publish","has-post-thumbnail","hentry"],"_links":{"self":[{"href":"https:\/\/searasports.zestdevelopment.com\/vi\/wp-json\/wp\/v2\/pages\/252","targetHints":{"allow":["GET"]}}],"collection":[{"href":"https:\/\/searasports.zestdevelopment.com\/vi\/wp-json\/wp\/v2\/pages"}],"about":[{"href":"https:\/\/searasports.zestdevelopment.com\/vi\/wp-json\/wp\/v2\/types\/page"}],"author":[{"embeddable":true,"href":"https:\/\/searasports.zestdevelopment.com\/vi\/wp-json\/wp\/v2\/users\/1"}],"replies":[{"embeddable":true,"href":"https:\/\/searasports.zestdevelopment.com\/vi\/wp-json\/wp\/v2\/comments?post=252"}],"version-history":[{"count":0,"href":"https:\/\/searasports.zestdevelopment.com\/vi\/wp-json\/wp\/v2\/pages\/252\/revisions"}],"up":[{"embeddable":true,"href":"https:\/\/searasports.zestdevelopment.com\/vi\/wp-json\/wp\/v2\/pages\/198"}],"wp:featuredmedia":[{"embeddable":true,"href":"https:\/\/searasports.zestdevelopment.com\/vi\/wp-json\/wp\/v2\/media\/264"}],"wp:attachment":[{"href":"https:\/\/searasports.zestdevelopment.com\/vi\/wp-json\/wp\/v2\/media?parent=252"}],"curies":[{"name":"wp","href":"https:\/\/api.w.org\/{rel}","templated":true}]}}