{"id":345,"date":"2021-11-06T19:27:20","date_gmt":"2021-11-06T19:27:20","guid":{"rendered":"http:\/\/searasportscom.codeorange.codeorange.host\/?page_id=345"},"modified":"2021-11-06T19:31:04","modified_gmt":"2021-11-06T19:31:04","slug":"design-planning","status":"publish","type":"page","link":"https:\/\/searasports.zestdevelopment.com\/vi\/design-planning\/","title":{"rendered":"L\u1eadp k\u1ebf ho\u1ea1ch v\u1ec1 trang thi\u1ebft b\u1ecb"},"content":{"rendered":"<div data-elementor-type=\"wp-page\" data-elementor-id=\"345\" class=\"elementor elementor-345\" data-elementor-post-type=\"page\">\n\t\t\t\t\t\t<section class=\"elementor-section elementor-top-section elementor-element elementor-element-493fd3ca elementor-section-height-min-height elementor-section-boxed elementor-section-height-default elementor-section-items-middle\" data-id=\"493fd3ca\" data-element_type=\"section\" data-e-type=\"section\" data-settings=\"{&quot;background_background&quot;:&quot;classic&quot;}\">\n\t\t\t\t\t\t<div class=\"elementor-container elementor-column-gap-default\">\n\t\t\t\t\t<div class=\"elementor-column elementor-col-100 elementor-top-column elementor-element elementor-element-3854817\" data-id=\"3854817\" data-element_type=\"column\" data-e-type=\"column\">\n\t\t\t<div class=\"elementor-widget-wrap elementor-element-populated\">\n\t\t\t\t\t\t<div class=\"elementor-element elementor-element-337e1f7e elementor-widget elementor-widget-heading\" data-id=\"337e1f7e\" data-element_type=\"widget\" data-e-type=\"widget\" data-widget_type=\"heading.default\">\n\t\t\t\t<div class=\"elementor-widget-container\">\n\t\t\t\t\t<h2 class=\"elementor-heading-title elementor-size-default\">L\u1eadp k\u1ebf ho\u1ea1ch v\u1ec1 trang thi\u1ebft b\u1ecb<\/h2>\t\t\t\t<\/div>\n\t\t\t\t<\/div>\n\t\t\t\t\t<\/div>\n\t\t<\/div>\n\t\t\t\t\t<\/div>\n\t\t<\/section>\n\t\t\t\t<section class=\"elementor-section elementor-top-section elementor-element elementor-element-7205b9d elementor-section-boxed elementor-section-height-default elementor-section-height-default\" data-id=\"7205b9d\" data-element_type=\"section\" data-e-type=\"section\">\n\t\t\t\t\t\t<div class=\"elementor-container elementor-column-gap-default\">\n\t\t\t\t\t<div class=\"elementor-column elementor-col-33 elementor-top-column elementor-element elementor-element-615c6c4e\" data-id=\"615c6c4e\" data-element_type=\"column\" data-e-type=\"column\">\n\t\t\t<div class=\"elementor-widget-wrap elementor-element-populated\">\n\t\t\t\t\t\t<div class=\"elementor-element elementor-element-2208e15e elementor-widget elementor-widget-heading\" data-id=\"2208e15e\" data-element_type=\"widget\" data-e-type=\"widget\" data-widget_type=\"heading.default\">\n\t\t\t\t<div class=\"elementor-widget-container\">\n\t\t\t\t\t<h3 class=\"elementor-heading-title elementor-size-default\">Design &amp; Planning<\/h3>\t\t\t\t<\/div>\n\t\t\t\t<\/div>\n\t\t\t\t<div class=\"elementor-element elementor-element-2d39808d elementor-widget-divider--view-line elementor-widget elementor-widget-divider\" data-id=\"2d39808d\" data-element_type=\"widget\" data-e-type=\"widget\" data-widget_type=\"divider.default\">\n\t\t\t\t<div class=\"elementor-widget-container\">\n\t\t\t\t\t\t\t<div class=\"elementor-divider\">\n\t\t\t<span class=\"elementor-divider-separator\">\n\t\t\t\t\t\t<\/span>\n\t\t<\/div>\n\t\t\t\t\t\t<\/div>\n\t\t\t\t<\/div>\n\t\t\t\t\t<\/div>\n\t\t<\/div>\n\t\t\t\t<div class=\"elementor-column elementor-col-66 elementor-top-column elementor-element elementor-element-4532d63e\" data-id=\"4532d63e\" data-element_type=\"column\" data-e-type=\"column\">\n\t\t\t<div class=\"elementor-widget-wrap elementor-element-populated\">\n\t\t\t\t\t\t<div class=\"elementor-element elementor-element-37ad6548 elementor-widget elementor-widget-text-editor\" data-id=\"37ad6548\" data-element_type=\"widget\" data-e-type=\"widget\" data-widget_type=\"text-editor.default\">\n\t\t\t\t<div class=\"elementor-widget-container\">\n\t\t\t\t\t\t\t\t\t<p><strong>Seara trao \u0111\u1ed5i v\u1edbi kh\u00e1ch h\u00e0ng, ki\u1ebfn tr\u00fac s\u01b0 v\u00e0 nh\u00e0 t\u01b0 v\u1ea5n d\u1ef1 \u00e1n ngay t\u1eeb giai \u0111o\u1ea1n l\u1eadp k\u1ebf ho\u1ea1ch v\u00e0 thi\u1ebft k\u1ebf \u0111\u1ec3 x\u00e1c nh\u1eadn di\u1ec7n t\u00edch s\u1eed d\u1ee5ng, c\u00e1c y\u00eau c\u1ea7u \u0111\u1ed1i v\u1edbi s\u1ea3n ph\u1ea9m, ng\u00e2n s\u00e1ch, b\u1ea3o tr\u00ec v\u00e0 s\u1ee9c h\u1ea5p d\u1eabn c\u1ee7a th\u1ecb tr\u01b0\u1eddng. Vi\u1ec7c l\u1eadp k\u1ebf ho\u1ea1ch to\u00e0n di\u1ec7n n\u00e0y v\u00e0 s\u1ef1 h\u1ed7 tr\u1ee3 k\u1ef9 thu\u1eadt, c\u00f9ng v\u1edbi h\u00e0ng ch\u1ee5c n\u0103m kinh nghi\u1ec7m c\u1ee7a Seara l\u00e0 nh\u1eefng y\u1ebfu t\u1ed1 t\u1ea1o n\u00ean s\u1ef1 kh\u00e1c bi\u1ec7t c\u1ee7a c\u00f4ng ty ch\u00fang t\u00f4i v\u1edbi c\u00e1c c\u00f4ng ty th\u01b0\u01a1ng m\u1ea1i trong ng\u00e0nh.<\/strong><\/p><p>Ngo\u00e0i c\u00e1c trung t\u00e2m y t\u1ebf v\u00e0 th\u1ec3 d\u1ee5c, c\u00e1c nh\u00e0 thi\u1ebft k\u1ebf nha\u0300 \u01a1\u0309, l\u1eafp \u0111\u1eb7t v\u00e0 \u0111\u1ed9i x\u00e2y d\u1ef1ng c\u1ee7a Seara c\u00f3 nhi\u1ec1u n\u0103m kinh nghi\u1ec7m trong vi\u1ec7c l\u1eadp k\u1ebf ho\u1ea1ch v\u00e0 l\u1eafp \u0111\u1eb7t s\u00e2n c\u1ee9ng ph\u1ee7 acrylic theo ti\u00eau chu\u1ea9n qu\u1ed1c t\u1ebf, s\u00e2n tennis c\u1ecf v\u00e0 s\u00e2n \u0111\u1ea5t n\u1ec7n, s\u00e2n b\u00f3ng \u0111\u00e1 v\u00e0 futsal, s\u00e2n \u0111i\u1ec1n kinh, h\u1ed9i tr\u01b0\u1eddng \u0111a n\u0103ng trong nh\u00e0, h\u1ec7 th\u1ed1ng s\u00e0n t\u1eadp th\u1ec3 d\u1ee5c chuy\u00ean d\u1ee5ng v\u00e0 thi\u1ebft k\u1ebf ri\u00eang, s\u00e2n \u0111a n\u0103ng ngo\u00e0i tr\u1eddi, v\u00e0 c\u1ea3nh quan b\u1eb1ng c\u1ecf nh\u00e2n t\u1ea1o.<\/p>\t\t\t\t\t\t\t\t<\/div>\n\t\t\t\t<\/div>\n\t\t\t\t\t<\/div>\n\t\t<\/div>\n\t\t\t\t\t<\/div>\n\t\t<\/section>\n\t\t\t\t<\/div>","protected":false},"excerpt":{"rendered":"<p>Design &#038; Planning Seara works with clients, architects, and project consultants at the planning and design stage to confirm space use, product requirements, budgets, maintenance, and market appeal. This full planning and technical support, coupled with decades of experienced, is what separates Seara from trading companies. In addition to health and fitness facilities Seara\u2019s in [&hellip;]<\/p>","protected":false},"author":1,"featured_media":347,"parent":0,"menu_order":0,"comment_status":"closed","ping_status":"closed","template":"","meta":{"footnotes":""},"class_list":["post-345","page","type-page","status-publish","has-post-thumbnail","hentry"],"_links":{"self":[{"href":"https:\/\/searasports.zestdevelopment.com\/vi\/wp-json\/wp\/v2\/pages\/345","targetHints":{"allow":["GET"]}}],"collection":[{"href":"https:\/\/searasports.zestdevelopment.com\/vi\/wp-json\/wp\/v2\/pages"}],"about":[{"href":"https:\/\/searasports.zestdevelopment.com\/vi\/wp-json\/wp\/v2\/types\/page"}],"author":[{"embeddable":true,"href":"https:\/\/searasports.zestdevelopment.com\/vi\/wp-json\/wp\/v2\/users\/1"}],"replies":[{"embeddable":true,"href":"https:\/\/searasports.zestdevelopment.com\/vi\/wp-json\/wp\/v2\/comments?post=345"}],"version-history":[{"count":0,"href":"https:\/\/searasports.zestdevelopment.com\/vi\/wp-json\/wp\/v2\/pages\/345\/revisions"}],"wp:featuredmedia":[{"embeddable":true,"href":"https:\/\/searasports.zestdevelopment.com\/vi\/wp-json\/wp\/v2\/media\/347"}],"wp:attachment":[{"href":"https:\/\/searasports.zestdevelopment.com\/vi\/wp-json\/wp\/v2\/media?parent=345"}],"curies":[{"name":"wp","href":"https:\/\/api.w.org\/{rel}","templated":true}]}}