{"id":359,"date":"2021-11-06T19:34:35","date_gmt":"2021-11-06T19:34:35","guid":{"rendered":"http:\/\/searasportscom.codeorange.codeorange.host\/?page_id=359"},"modified":"2021-12-06T16:50:35","modified_gmt":"2021-12-06T16:50:35","slug":"customer-service","status":"publish","type":"page","link":"https:\/\/searasports.zestdevelopment.com\/vi\/customer-service\/","title":{"rendered":"D\u1ecbch v\u1ee5 kh\u00e1ch h\u00e0ng"},"content":{"rendered":"<div data-elementor-type=\"wp-page\" data-elementor-id=\"359\" class=\"elementor elementor-359\" data-elementor-post-type=\"page\">\n\t\t\t\t\t\t<section class=\"elementor-section elementor-top-section elementor-element elementor-element-493fd3ca elementor-section-height-min-height elementor-section-boxed elementor-section-height-default elementor-section-items-middle\" data-id=\"493fd3ca\" data-element_type=\"section\" data-e-type=\"section\" data-settings=\"{&quot;background_background&quot;:&quot;classic&quot;}\">\n\t\t\t\t\t\t<div class=\"elementor-container elementor-column-gap-default\">\n\t\t\t\t\t<div class=\"elementor-column elementor-col-100 elementor-top-column elementor-element elementor-element-3854817\" data-id=\"3854817\" data-element_type=\"column\" data-e-type=\"column\">\n\t\t\t<div class=\"elementor-widget-wrap elementor-element-populated\">\n\t\t\t\t\t\t<div class=\"elementor-element elementor-element-337e1f7e elementor-widget elementor-widget-heading\" data-id=\"337e1f7e\" data-element_type=\"widget\" data-e-type=\"widget\" data-widget_type=\"heading.default\">\n\t\t\t\t<div class=\"elementor-widget-container\">\n\t\t\t\t\t<h2 class=\"elementor-heading-title elementor-size-default\">D\u1ecbch v\u1ee5 kh\u00e1ch h\u00e0ng<\/h2>\t\t\t\t<\/div>\n\t\t\t\t<\/div>\n\t\t\t\t\t<\/div>\n\t\t<\/div>\n\t\t\t\t\t<\/div>\n\t\t<\/section>\n\t\t\t\t<section class=\"elementor-section elementor-top-section elementor-element elementor-element-7205b9d elementor-section-boxed elementor-section-height-default elementor-section-height-default\" data-id=\"7205b9d\" data-element_type=\"section\" data-e-type=\"section\">\n\t\t\t\t\t\t<div class=\"elementor-container elementor-column-gap-default\">\n\t\t\t\t\t<div class=\"elementor-column elementor-col-33 elementor-top-column elementor-element elementor-element-615c6c4e\" data-id=\"615c6c4e\" data-element_type=\"column\" data-e-type=\"column\">\n\t\t\t<div class=\"elementor-widget-wrap elementor-element-populated\">\n\t\t\t\t\t\t<div class=\"elementor-element elementor-element-2208e15e elementor-widget elementor-widget-heading\" data-id=\"2208e15e\" data-element_type=\"widget\" data-e-type=\"widget\" data-widget_type=\"heading.default\">\n\t\t\t\t<div class=\"elementor-widget-container\">\n\t\t\t\t\t<h3 class=\"elementor-heading-title elementor-size-default\">D\u1ecbch v\u1ee5 kh\u00e1ch h\u00e0ng<\/h3>\t\t\t\t<\/div>\n\t\t\t\t<\/div>\n\t\t\t\t<div class=\"elementor-element elementor-element-2d39808d elementor-widget-divider--view-line elementor-widget elementor-widget-divider\" data-id=\"2d39808d\" data-element_type=\"widget\" data-e-type=\"widget\" data-widget_type=\"divider.default\">\n\t\t\t\t<div class=\"elementor-widget-container\">\n\t\t\t\t\t\t\t<div class=\"elementor-divider\">\n\t\t\t<span class=\"elementor-divider-separator\">\n\t\t\t\t\t\t<\/span>\n\t\t<\/div>\n\t\t\t\t\t\t<\/div>\n\t\t\t\t<\/div>\n\t\t\t\t\t<\/div>\n\t\t<\/div>\n\t\t\t\t<div class=\"elementor-column elementor-col-66 elementor-top-column elementor-element elementor-element-4532d63e\" data-id=\"4532d63e\" data-element_type=\"column\" data-e-type=\"column\">\n\t\t\t<div class=\"elementor-widget-wrap elementor-element-populated\">\n\t\t\t\t\t\t<div class=\"elementor-element elementor-element-37ad6548 elementor-widget elementor-widget-text-editor\" data-id=\"37ad6548\" data-element_type=\"widget\" data-e-type=\"widget\" data-widget_type=\"text-editor.default\">\n\t\t\t\t<div class=\"elementor-widget-container\">\n\t\t\t\t\t\t\t\t\t<p>D\u00f9 \u0111\u00f3 l\u00e0 trung t\u00e2m th\u01b0\u01a1ng m\u1ea1i l\u1edbn hay nh\u00e0 ri\u00eang, Seara \u0111\u1ec1u th\u1ea5u hi\u1ec3u gi\u00e1 tr\u1ecb c\u1ee7a vi\u1ec7c duy tr\u00ec t\u00e0i s\u1ea3n c\u1ee7a kh\u00e1ch h\u00e0ng m\u1ed9t c\u00e1ch hi\u1ec7u qu\u1ea3 v\u00e0 tr\u01a1n tru. Chi ph\u00ed s\u1edf h\u1eefu v\u00e0 th\u1eddi gian ph\u1ea3n h\u1ed3i t\u1ea1o n\u00ean nh\u1eefng kho\u1ea3nh kh\u1eafc k\u1ebft n\u1ed1i quan tr\u1ecdng gi\u1eefa ch\u00fang t\u00f4i v\u1edbi kh\u00e1ch h\u00e0ng. Seara l\u00e0 nh\u00e0 cung c\u1ea5p \u0111a th\u01b0\u01a1ng hi\u1ec7u. Do \u0111\u00f3, ch\u00fang t\u00f4i v\u00f4 c\u00f9ng th\u1eadn tr\u1ecdng \u0111\u1ec3 \u0111\u1ea3m b\u1ea3o r\u1eb1ng t\u1ea5t c\u1ea3 c\u00e1c th\u01b0\u01a1ng hi\u1ec7u m\u00e0 ch\u00fang t\u00f4i l\u00ean k\u1ebf ho\u1ea1ch v\u00e0 thi\u1ebft k\u1ebf c\u0169ng nh\u01b0 l\u1eafp \u0111\u1eb7t t\u1ea1i m\u1ed9t c\u01a1 s\u1edf \u0111\u1ec1u \u0111\u00e1p \u1ee9ng \u0111\u01b0\u1ee3c k\u1ef3 v\u1ecdng v\u1ec1 d\u1ecbch v\u1ee5 kh\u00e1ch h\u00e0ng. \u0110i\u1ec1u n\u00e0y t\u1ea1o n\u00ean n\u1ec1n t\u1ea3ng c\u1ee7a th\u01b0\u01a1ng hi\u1ec7u Seara v\u00e0 tr\u1ea3i nghi\u1ec7m c\u1ee7a kh\u00e1ch h\u00e0ng v\u1edbi th\u01b0\u01a1ng hi\u1ec7u \u0111\u00f3. N\u1ebfu ch\u00fang t\u00f4i gi\u1edbi thi\u1ec7u m\u1ed9t th\u01b0\u01a1ng hi\u1ec7u cho qu\u00fd v\u1ecb, ch\u00fang t\u00f4i s\u1ebd \u0111\u1ea3m b\u1ea3o qu\u00fd v\u1ecb h\u00e0i l\u00f2ng nh\u1ea5t.<\/p>\t\t\t\t\t\t\t\t<\/div>\n\t\t\t\t<\/div>\n\t\t\t\t\t<\/div>\n\t\t<\/div>\n\t\t\t\t\t<\/div>\n\t\t<\/section>\n\t\t\t\t<section class=\"elementor-section elementor-top-section elementor-element elementor-element-17ccace elementor-section-boxed elementor-section-height-default elementor-section-height-default\" data-id=\"17ccace\" data-element_type=\"section\" data-e-type=\"section\">\n\t\t\t\t\t\t<div class=\"elementor-container elementor-column-gap-default\">\n\t\t\t\t\t<div class=\"elementor-column elementor-col-33 elementor-top-column elementor-element elementor-element-19e3747\" data-id=\"19e3747\" data-element_type=\"column\" data-e-type=\"column\">\n\t\t\t<div class=\"elementor-widget-wrap elementor-element-populated\">\n\t\t\t\t\t\t<div class=\"elementor-element elementor-element-eada3fd elementor-arrows-position-inside elementor-pagination-position-outside elementor-widget elementor-widget-image-carousel\" data-id=\"eada3fd\" data-element_type=\"widget\" data-e-type=\"widget\" data-settings=\"{&quot;slides_to_show&quot;:&quot;1&quot;,&quot;navigation&quot;:&quot;both&quot;,&quot;autoplay&quot;:&quot;yes&quot;,&quot;pause_on_hover&quot;:&quot;yes&quot;,&quot;pause_on_interaction&quot;:&quot;yes&quot;,&quot;autoplay_speed&quot;:5000,&quot;infinite&quot;:&quot;yes&quot;,&quot;effect&quot;:&quot;slide&quot;,&quot;speed&quot;:500}\" data-widget_type=\"image-carousel.default\">\n\t\t\t\t<div class=\"elementor-widget-container\">\n\t\t\t\t\t\t\t<div class=\"elementor-image-carousel-wrapper swiper\" role=\"region\" aria-roledescription=\"carousel\" aria-label=\"H\u00ecnh \u1ea3nh b\u0103ng chuy\u1ec1n\" dir=\"ltr\" data-no-translation-aria-label=\"\">\n\t\t\t<div class=\"elementor-image-carousel swiper-wrapper swiper-image-stretch\" aria-live=\"off\">\n\t\t\t\t\t\t\t\t<div class=\"swiper-slide\" role=\"group\" aria-roledescription=\"slide\" aria-label=\"1 tr\u00ean 16\" data-no-translation-aria-label=\"\"><figure class=\"swiper-slide-inner\"><img decoding=\"async\" class=\"swiper-slide-image\" src=\"https:\/\/searasports.zestdevelopment.com\/wp-content\/uploads\/2021\/12\/Customer-Service-1.jpg\" alt=\"Customer Service 1\" \/><\/figure><\/div><div class=\"swiper-slide\" role=\"group\" aria-roledescription=\"slide\" aria-label=\"2 tr\u00ean 16\" data-no-translation-aria-label=\"\"><figure class=\"swiper-slide-inner\"><img decoding=\"async\" class=\"swiper-slide-image\" src=\"https:\/\/searasports.zestdevelopment.com\/wp-content\/uploads\/2021\/12\/Customer-Service-2.jpg\" alt=\"Customer Service 2\" \/><\/figure><\/div><div class=\"swiper-slide\" role=\"group\" aria-roledescription=\"slide\" aria-label=\"3 tr\u00ean 16\" data-no-translation-aria-label=\"\"><figure class=\"swiper-slide-inner\"><img decoding=\"async\" class=\"swiper-slide-image\" src=\"https:\/\/searasports.zestdevelopment.com\/wp-content\/uploads\/2021\/12\/Customer-Service-3.jpg\" alt=\"Customer Service 3\" \/><\/figure><\/div><div class=\"swiper-slide\" role=\"group\" aria-roledescription=\"slide\" aria-label=\"4 tr\u00ean 16\" data-no-translation-aria-label=\"\"><figure class=\"swiper-slide-inner\"><img decoding=\"async\" class=\"swiper-slide-image\" src=\"https:\/\/searasports.zestdevelopment.com\/wp-content\/uploads\/2021\/12\/Customer-Service-4.jpg\" alt=\"Customer Service 4\" \/><\/figure><\/div><div class=\"swiper-slide\" role=\"group\" aria-roledescription=\"slide\" aria-label=\"5 tr\u00ean 16\" data-no-translation-aria-label=\"\"><figure class=\"swiper-slide-inner\"><img decoding=\"async\" class=\"swiper-slide-image\" src=\"https:\/\/searasports.zestdevelopment.com\/wp-content\/uploads\/2021\/12\/Customer-Service-5.jpg\" alt=\"Customer Service 5\" \/><\/figure><\/div><div class=\"swiper-slide\" role=\"group\" aria-roledescription=\"slide\" aria-label=\"6 tr\u00ean 16\" data-no-translation-aria-label=\"\"><figure class=\"swiper-slide-inner\"><img decoding=\"async\" class=\"swiper-slide-image\" src=\"https:\/\/searasports.zestdevelopment.com\/wp-content\/uploads\/2021\/12\/Customer-Service-6.jpg\" alt=\"Customer Service 6\" \/><\/figure><\/div><div class=\"swiper-slide\" role=\"group\" aria-roledescription=\"slide\" aria-label=\"7 tr\u00ean 16\" data-no-translation-aria-label=\"\"><figure class=\"swiper-slide-inner\"><img decoding=\"async\" class=\"swiper-slide-image\" src=\"https:\/\/searasports.zestdevelopment.com\/wp-content\/uploads\/2021\/12\/Customer-Service-7.jpg\" alt=\"Customer Service 7\" \/><\/figure><\/div><div class=\"swiper-slide\" role=\"group\" aria-roledescription=\"slide\" aria-label=\"8 tr\u00ean 16\" data-no-translation-aria-label=\"\"><figure class=\"swiper-slide-inner\"><img decoding=\"async\" class=\"swiper-slide-image\" src=\"https:\/\/searasports.zestdevelopment.com\/wp-content\/uploads\/2021\/12\/Customer-Service-8.jpg\" alt=\"Customer Service 8\" \/><\/figure><\/div><div class=\"swiper-slide\" role=\"group\" aria-roledescription=\"slide\" aria-label=\"9 tr\u00ean 16\" data-no-translation-aria-label=\"\"><figure class=\"swiper-slide-inner\"><img decoding=\"async\" class=\"swiper-slide-image\" src=\"https:\/\/searasports.zestdevelopment.com\/wp-content\/uploads\/2021\/12\/Customer-Service-9.jpg\" alt=\"Customer Service 9\" \/><\/figure><\/div><div class=\"swiper-slide\" role=\"group\" aria-roledescription=\"slide\" aria-label=\"10 tr\u00ean 16\" data-no-translation-aria-label=\"\"><figure class=\"swiper-slide-inner\"><img decoding=\"async\" class=\"swiper-slide-image\" src=\"https:\/\/searasports.zestdevelopment.com\/wp-content\/uploads\/2021\/12\/Customer-Service-10.jpg\" alt=\"Customer Service 10\" \/><\/figure><\/div><div class=\"swiper-slide\" role=\"group\" aria-roledescription=\"slide\" aria-label=\"11 tr\u00ean 16\" data-no-translation-aria-label=\"\"><figure class=\"swiper-slide-inner\"><img decoding=\"async\" class=\"swiper-slide-image\" src=\"https:\/\/searasports.zestdevelopment.com\/wp-content\/uploads\/2021\/12\/Customer-Service-11.jpg\" alt=\"Customer Service 11\" \/><\/figure><\/div><div class=\"swiper-slide\" role=\"group\" aria-roledescription=\"slide\" aria-label=\"12 tr\u00ean 16\" data-no-translation-aria-label=\"\"><figure class=\"swiper-slide-inner\"><img decoding=\"async\" class=\"swiper-slide-image\" src=\"https:\/\/searasports.zestdevelopment.com\/wp-content\/uploads\/2021\/12\/Customer-Service-12.jpg\" alt=\"Customer Service 12\" \/><\/figure><\/div><div class=\"swiper-slide\" role=\"group\" aria-roledescription=\"slide\" aria-label=\"13 tr\u00ean 16\" data-no-translation-aria-label=\"\"><figure class=\"swiper-slide-inner\"><img decoding=\"async\" class=\"swiper-slide-image\" src=\"https:\/\/searasports.zestdevelopment.com\/wp-content\/uploads\/2021\/12\/Customer-Service-13.jpg\" alt=\"Customer Service 13\" \/><\/figure><\/div><div class=\"swiper-slide\" role=\"group\" aria-roledescription=\"slide\" aria-label=\"14 tr\u00ean 16\" data-no-translation-aria-label=\"\"><figure class=\"swiper-slide-inner\"><img decoding=\"async\" class=\"swiper-slide-image\" src=\"https:\/\/searasports.zestdevelopment.com\/wp-content\/uploads\/2021\/12\/Customer-Service-14.jpg\" alt=\"Customer Service 14\" \/><\/figure><\/div><div class=\"swiper-slide\" role=\"group\" aria-roledescription=\"slide\" aria-label=\"15 tr\u00ean 16\" data-no-translation-aria-label=\"\"><figure class=\"swiper-slide-inner\"><img decoding=\"async\" class=\"swiper-slide-image\" src=\"https:\/\/searasports.zestdevelopment.com\/wp-content\/uploads\/2021\/12\/Customer-Service-15.jpg\" alt=\"Customer Service 15\" \/><\/figure><\/div><div class=\"swiper-slide\" role=\"group\" aria-roledescription=\"slide\" aria-label=\"16 tr\u00ean 16\" data-no-translation-aria-label=\"\"><figure class=\"swiper-slide-inner\"><img decoding=\"async\" class=\"swiper-slide-image\" src=\"https:\/\/searasports.zestdevelopment.com\/wp-content\/uploads\/2021\/12\/Customer-Service-16.jpg\" alt=\"Customer Service 16\" \/><\/figure><\/div>\t\t\t<\/div>\n\t\t\t\t\t\t\t\t\t\t\t\t<div class=\"elementor-swiper-button elementor-swiper-button-prev\" role=\"button\" tabindex=\"0\">\n\t\t\t\t\t\t<i aria-hidden=\"true\" class=\"eicon-chevron-left\"><\/i>\t\t\t\t\t<\/div>\n\t\t\t\t\t<div class=\"elementor-swiper-button elementor-swiper-button-next\" role=\"button\" tabindex=\"0\">\n\t\t\t\t\t\t<i aria-hidden=\"true\" class=\"eicon-chevron-right\"><\/i>\t\t\t\t\t<\/div>\n\t\t\t\t\n\t\t\t\t\t\t\t\t\t<div class=\"swiper-pagination\"><\/div>\n\t\t\t\t\t\t\t\t\t<\/div>\n\t\t\t\t\t\t<\/div>\n\t\t\t\t<\/div>\n\t\t\t\t\t<\/div>\n\t\t<\/div>\n\t\t\t\t<div class=\"elementor-column elementor-col-66 elementor-top-column elementor-element elementor-element-2f8e213\" data-id=\"2f8e213\" data-element_type=\"column\" data-e-type=\"column\">\n\t\t\t<div class=\"elementor-widget-wrap elementor-element-populated\">\n\t\t\t\t\t\t<div class=\"elementor-element elementor-element-23ebf62 elementor-widget elementor-widget-text-editor\" data-id=\"23ebf62\" data-element_type=\"widget\" data-e-type=\"widget\" data-widget_type=\"text-editor.default\">\n\t\t\t\t<div class=\"elementor-widget-container\">\n\t\t\t\t\t\t\t\t\t<p>Seara qu\u1ea3n l\u00fd t\u1ed5 ch\u1ee9c d\u1ecbch v\u1ee5 kh\u00e1ch h\u00e0ng l\u1edbn nh\u1ea5t trong ng\u00e0nh y t\u1ebf, th\u1ec3 d\u1ee5c v\u00e0 gi\u1ea3i tr\u00ed \u1edf Ch\u00e2u \u00c1. M\u1ea1ng l\u01b0\u1edbi n\u00e0y \u0111\u01b0\u1ee3c qu\u1ea3n l\u00fd b\u1edfi h\u1ec7 th\u1ed1ng Sales Force  v\u00e0  SAP t\u00f9y ch\u1ec9nh v\u00e0 h\u1ec7 th\u1ed1ng qu\u1ea3n l\u00fd kho tr\u00ean n\u1ec1n t\u1ea3ng \u0111i\u1ec7n to\u00e1n \u0111\u00e1m m\u00e2y \u0111\u1ec3 ph\u1ee5c v\u1ee5 h\u1eadu c\u1ea7n v\u00e0 n\u1eafm gi\u1eef h\u00e0ng t\u1ed3n kho chi\u1ebfn l\u01b0\u1ee3c. Th\u01b0\u1eddng th\u00ec c\u00e1c linh ki\u1ec7n ti\u00eau th\u1ee5 nhanh s\u1ebd \u0111\u01b0\u1ee3c gi\u1eef t\u1ea1i c\u00e1c chi nh\u00e1nh ho\u1ea1t \u0111\u1ed9ng \u1edf m\u1ed7i th\u1ecb tr\u01b0\u1eddng. Nh\u1eefng ph\u1ee5 t\u00f9ng  kh\u00f4ng thu\u1ed9c nh\u00f3m tr\u00ean s\u1ebd ngay l\u1eadp t\u1ee9c \u0111\u01b0\u1ee3c v\u1eadn chuy\u1ec3n \u0111i kh\u1ecfi c\u00e1c kho h\u00e0ng \u0111\u1eb7t t\u1ea1i Khu c\u00f4ng nghi\u1ec7p Bang Ple ph\u00eda \u0111\u00f4ng Bangkok b\u1eb1ng d\u1ecbch v\u1ee5 chuy\u1ec3n ph\u00e1t nhanh.<\/p><p>C\u00e1c k\u1ef9 thu\u1eadt vi\u00ean c\u00f3 th\u1ec3 tr\u1ef1c ti\u1ebfp g\u1eedi h\u00ecnh \u1ea3nh v\u00e0 ph\u1ee5 t\u00f9ng y\u00eau c\u1ea7u t\u1eeb b\u1ea5t k\u1ef3 \u0111\u1ecba \u0111i\u1ec3m th\u1ef1c \u0111\u1ecba n\u00e0o cho qu\u1ea3n l\u00fd c\u1ee7a h\u1ecd \u0111\u1ec3 nh\u1eefng ng\u01b0\u1eddi n\u00e0y \u0111\u00e1nh gi\u00e1 t\u00ecnh tr\u1ea1ng c\u00f2n h\u00e0ng v\u00e0 ti\u1ebfn \u0111\u1ed9 h\u00e0ng \u0111\u1ebfn c\u01a1 s\u1edf c\u1ee7a kh\u00e1ch h\u00e0ng. M\u1ed7i k\u1ef9 thu\u1eadt vi\u00ean n\u00e0y s\u1ebd tham gia kh\u00f3a \u0111\u00e0o t\u1ea1o h\u00e0ng n\u0103m c\u1ee7a nh\u00e0 s\u1ea3n xu\u1ea5t v\u1ec1 x\u1eed l\u00fd s\u1ef1 c\u1ed1 d\u1ecbch v\u1ee5 v\u00e0 c\u00e1c m\u1eabu s\u1ea3n ph\u1ea9m m\u1edbi. Trong n\u1ed9i b\u1ed9 Seara, ch\u00fang t\u00f4i s\u1ebd gi\u00e1m s\u00e1t \u0111\u1ec3 xem li\u1ec7u c\u00e1c ti\u1ebfn \u0111\u1ed9 \u0111\u1ea7u ti\u00ean \u0111\u01b0\u1ee3c \u1ea5n \u0111\u1ecbnh c\u00f3 \u0111ang duy tr\u00ec ho\u1eb7c c\u1ea3i thi\u1ec7n KPI m\u1ee5c ti\u00eau hay kh\u00f4ng, nh\u1eb1m \u0111\u1ea3m b\u1ea3o 'h\u00e0nh tr\u00ecnh' ph\u1ee5c v\u1ee5 kh\u00e1ch h\u00e0ng v\u01b0\u1ee3t ti\u00eau chu\u1ea9n ng\u00e0nh.<\/p>\t\t\t\t\t\t\t\t<\/div>\n\t\t\t\t<\/div>\n\t\t\t\t\t<\/div>\n\t\t<\/div>\n\t\t\t\t\t<\/div>\n\t\t<\/section>\n\t\t\t\t<\/div>","protected":false},"excerpt":{"rendered":"<p>Customer Service Whether in a large commercial facility, or in a private home, Seara understands the value of maintaining customer assets \u2013 efficiently &amp; seamlessly. Cost of ownership and response time forms the key moments of connection with our customers. Seara is a multi-brand supplier. Therefore, we take great care to ensure that all of [&hellip;]<\/p>","protected":false},"author":1,"featured_media":7764,"parent":0,"menu_order":0,"comment_status":"closed","ping_status":"closed","template":"","meta":{"footnotes":""},"class_list":["post-359","page","type-page","status-publish","has-post-thumbnail","hentry"],"_links":{"self":[{"href":"https:\/\/searasports.zestdevelopment.com\/vi\/wp-json\/wp\/v2\/pages\/359","targetHints":{"allow":["GET"]}}],"collection":[{"href":"https:\/\/searasports.zestdevelopment.com\/vi\/wp-json\/wp\/v2\/pages"}],"about":[{"href":"https:\/\/searasports.zestdevelopment.com\/vi\/wp-json\/wp\/v2\/types\/page"}],"author":[{"embeddable":true,"href":"https:\/\/searasports.zestdevelopment.com\/vi\/wp-json\/wp\/v2\/users\/1"}],"replies":[{"embeddable":true,"href":"https:\/\/searasports.zestdevelopment.com\/vi\/wp-json\/wp\/v2\/comments?post=359"}],"version-history":[{"count":0,"href":"https:\/\/searasports.zestdevelopment.com\/vi\/wp-json\/wp\/v2\/pages\/359\/revisions"}],"wp:featuredmedia":[{"embeddable":true,"href":"https:\/\/searasports.zestdevelopment.com\/vi\/wp-json\/wp\/v2\/media\/7764"}],"wp:attachment":[{"href":"https:\/\/searasports.zestdevelopment.com\/vi\/wp-json\/wp\/v2\/media?parent=359"}],"curies":[{"name":"wp","href":"https:\/\/api.w.org\/{rel}","templated":true}]}}