{"id":4978,"date":"2021-11-22T11:43:11","date_gmt":"2021-11-22T11:43:11","guid":{"rendered":"http:\/\/searasportscom.codeorange.codeorange.host\/?page_id=4978"},"modified":"2022-09-29T12:43:32","modified_gmt":"2022-09-29T05:43:32","slug":"medical","status":"publish","type":"page","link":"https:\/\/searasports.zestdevelopment.com\/vi\/portfolio\/medical\/","title":{"rendered":"Trung T\u00e2m Y T\u1ebf"},"content":{"rendered":"<div data-elementor-type=\"wp-page\" data-elementor-id=\"4978\" class=\"elementor elementor-4978\" data-elementor-post-type=\"page\">\n\t\t\t\t\t\t<section class=\"elementor-section elementor-top-section elementor-element elementor-element-4723dea1 elementor-section-height-min-height elementor-section-boxed elementor-section-height-default elementor-section-items-middle\" data-id=\"4723dea1\" data-element_type=\"section\" data-e-type=\"section\" data-settings=\"{&quot;background_background&quot;:&quot;classic&quot;}\">\n\t\t\t\t\t\t<div class=\"elementor-container elementor-column-gap-default\">\n\t\t\t\t\t<div class=\"elementor-column elementor-col-100 elementor-top-column elementor-element elementor-element-652a154\" data-id=\"652a154\" data-element_type=\"column\" data-e-type=\"column\">\n\t\t\t<div class=\"elementor-widget-wrap elementor-element-populated\">\n\t\t\t\t\t\t<div class=\"elementor-element elementor-element-3f3b85bf elementor-widget elementor-widget-heading\" data-id=\"3f3b85bf\" data-element_type=\"widget\" data-e-type=\"widget\" data-widget_type=\"heading.default\">\n\t\t\t\t<div class=\"elementor-widget-container\">\n\t\t\t\t\t<h2 class=\"elementor-heading-title elementor-size-default\">Trung T\u00e2m Y T\u1ebf<\/h2>\t\t\t\t<\/div>\n\t\t\t\t<\/div>\n\t\t\t\t\t<\/div>\n\t\t<\/div>\n\t\t\t\t\t<\/div>\n\t\t<\/section>\n\t\t\t\t<section class=\"elementor-section elementor-top-section elementor-element elementor-element-7688ef95 elementor-section-boxed elementor-section-height-default elementor-section-height-default\" data-id=\"7688ef95\" data-element_type=\"section\" data-e-type=\"section\">\n\t\t\t\t\t\t<div class=\"elementor-container elementor-column-gap-default\">\n\t\t\t\t\t<div class=\"elementor-column elementor-col-33 elementor-top-column elementor-element elementor-element-28598bed\" data-id=\"28598bed\" data-element_type=\"column\" data-e-type=\"column\">\n\t\t\t<div class=\"elementor-widget-wrap elementor-element-populated\">\n\t\t\t\t\t\t<div class=\"elementor-element elementor-element-77582fb2 elementor-widget elementor-widget-heading\" data-id=\"77582fb2\" data-element_type=\"widget\" data-e-type=\"widget\" data-widget_type=\"heading.default\">\n\t\t\t\t<div class=\"elementor-widget-container\">\n\t\t\t\t\t<h3 class=\"elementor-heading-title elementor-size-default\">Trung T\u00e2m Y T\u1ebf<\/h3>\t\t\t\t<\/div>\n\t\t\t\t<\/div>\n\t\t\t\t<div class=\"elementor-element elementor-element-29ac23f5 elementor-widget-divider--view-line elementor-widget elementor-widget-divider\" data-id=\"29ac23f5\" data-element_type=\"widget\" data-e-type=\"widget\" data-widget_type=\"divider.default\">\n\t\t\t\t<div class=\"elementor-widget-container\">\n\t\t\t\t\t\t\t<div class=\"elementor-divider\">\n\t\t\t<span class=\"elementor-divider-separator\">\n\t\t\t\t\t\t<\/span>\n\t\t<\/div>\n\t\t\t\t\t\t<\/div>\n\t\t\t\t<\/div>\n\t\t\t\t\t<\/div>\n\t\t<\/div>\n\t\t\t\t<div class=\"elementor-column elementor-col-66 elementor-top-column elementor-element elementor-element-59a985db\" data-id=\"59a985db\" data-element_type=\"column\" data-e-type=\"column\">\n\t\t\t<div class=\"elementor-widget-wrap elementor-element-populated\">\n\t\t\t\t\t\t<div class=\"elementor-element elementor-element-2ac42d52 elementor-widget elementor-widget-text-editor\" data-id=\"2ac42d52\" data-element_type=\"widget\" data-e-type=\"widget\" data-widget_type=\"text-editor.default\">\n\t\t\t\t<div class=\"elementor-widget-container\">\n\t\t\t\t\t\t\t\t\t<p>Seara l\u00e0 nh\u00e0 cung c\u1ea5p c\u1ee7a nhi\u1ec1u th\u01b0\u01a1ng hi\u1ec7u chuy\u00ean v\u1ec1 thi\u1ebft b\u1ecb y t\u1ebf v\u00e0 ph\u1ee5c h\u1ed3i ch\u1ee9c n\u0103ng ho\u1eb7c cung c\u1ea5p c\u00e1c m\u1eabu thi\u1ebft b\u1ecb c\u1ee5 th\u1ec3 trong ph\u1ea1m vi danh m\u1ee5c m\u1eabu c\u1ee7a c\u00e1c th\u01b0\u01a1ng hi\u1ec7u n\u00e0y, ch\u1ee7 y\u1ebfu \u0111\u01b0\u1ee3c s\u1eed d\u1ee5ng trong c\u00e1c c\u01a1 s\u1edf y t\u1ebf v\u00e0 ph\u1ee5c h\u1ed3i ch\u1ee9c n\u0103ng. C\u00e1c th\u01b0\u01a1ng hi\u1ec7u nh\u01b0 SciFit, Life Fitness, Gym 80 s\u1ea3n xu\u1ea5t c\u00e1c thi\u1ebft b\u1ecb chuy\u00ean d\u1ee5ng, h\u1ecd h\u1ee3p t\u00e1c v\u1edbi c\u00e1c chuy\u00ean gia ch\u0103m s\u00f3c s\u1ee9c kh\u1ecfe nh\u1eb1m th\u1ef1c hi\u1ec7n c\u00e1c ch\u01b0\u01a1ng tr\u00ecnh h\u1ed7 tr\u1ee3 s\u1ee9c kh\u1ecfe v\u00e0 tim m\u1ea1ch cho b\u1ec7nh nh\u00e2n.<\/p><p>Seara c\u00f3 th\u1ec3 k\u1ebft h\u1ee3p thi\u1ebft b\u1ecb y t\u1ebf truy\u1ec1n th\u1ed1ng v\u1edbi c\u00e1c thi\u1ebft b\u1ecb chuy\u00ean d\u1ee5ng \u0111\u1ec3 t\u1ea1o ra c\u00e1c thi\u1ebft b\u1ecb \u0111a n\u0103ng ho\u1eb7c \u0111a m\u1ee5c \u0111\u00edch \u1edf nh\u1eefng n\u01a1i c\u00f3 ng\u01b0\u1eddi s\u1eed d\u1ee5ng c\u00f3 nhu c\u1ea7u v\u00e0 kh\u1ea3 n\u0103ng kh\u00e1c nhau c\u00f3 th\u1ec3 d\u00f9ng chung thi\u1ebft b\u1ecb.<\/p>\t\t\t\t\t\t\t\t<\/div>\n\t\t\t\t<\/div>\n\t\t\t\t\t<\/div>\n\t\t<\/div>\n\t\t\t\t\t<\/div>\n\t\t<\/section>\n\t\t\t\t<section class=\"elementor-section elementor-top-section elementor-element elementor-element-97981f9 elementor-section-boxed elementor-section-height-default elementor-section-height-default\" data-id=\"97981f9\" data-element_type=\"section\" data-e-type=\"section\">\n\t\t\t\t\t\t<div class=\"elementor-container elementor-column-gap-default\">\n\t\t\t\t\t<div class=\"elementor-column elementor-col-100 elementor-top-column elementor-element elementor-element-c63e3f9\" data-id=\"c63e3f9\" data-element_type=\"column\" data-e-type=\"column\">\n\t\t\t<div class=\"elementor-widget-wrap elementor-element-populated\">\n\t\t\t\t\t\t<div class=\"elementor-element elementor-element-2bcbd03 elementor-skin-carousel elementor-arrows-yes elementor-pagination-type-bullets elementor-pagination-position-outside elementor-widget elementor-widget-media-carousel\" data-id=\"2bcbd03\" data-element_type=\"widget\" data-e-type=\"widget\" data-settings=\"{&quot;slides_per_view&quot;:&quot;5&quot;,&quot;skin&quot;:&quot;carousel&quot;,&quot;effect&quot;:&quot;slide&quot;,&quot;show_arrows&quot;:&quot;yes&quot;,&quot;pagination&quot;:&quot;bullets&quot;,&quot;speed&quot;:500,&quot;autoplay&quot;:&quot;yes&quot;,&quot;autoplay_speed&quot;:5000,&quot;loop&quot;:&quot;yes&quot;,&quot;pause_on_hover&quot;:&quot;yes&quot;,&quot;pause_on_interaction&quot;:&quot;yes&quot;,&quot;space_between&quot;:{&quot;unit&quot;:&quot;px&quot;,&quot;size&quot;:10,&quot;sizes&quot;:[]},&quot;space_between_tablet&quot;:{&quot;unit&quot;:&quot;px&quot;,&quot;size&quot;:10,&quot;sizes&quot;:[]},&quot;space_between_mobile&quot;:{&quot;unit&quot;:&quot;px&quot;,&quot;size&quot;:10,&quot;sizes&quot;:[]}}\" data-widget_type=\"media-carousel.default\">\n\t\t\t\t<div class=\"elementor-widget-container\">\n\t\t\t\t\t\t\t\t\t<div class=\"elementor-swiper\">\r\n\t\t\t\t\t<div class=\"elementor-main-swiper swiper\" role=\"region\" aria-roledescription=\"carousel\" aria-label=\"Slides\">\r\n\t\t\t\t<div class=\"swiper-wrapper\">\r\n\t\t\t\t\t\t\t\t\t\t\t<div class=\"swiper-slide\" role=\"group\" aria-roledescription=\"slide\">\r\n\t\t\t\t\t\t\t<a href=\"http:\/\/searasportscom.codeorange.codeorange.host\/portfolio\/education\">\t\t<div class=\"elementor-carousel-image\" role=\"img\" aria-label=\"C\u01a1 S\u1edf Gi\u00e1o D\u1ee5c\" style=\"background-image: url(&#039;https:\/\/searasports.zestdevelopment.com\/wp-content\/uploads\/2021\/11\/Education.jpg&#039;)\">\r\n\r\n\t\t\t\r\n\t\t\t\t\t<\/div>\r\n\t\t\t\t\t<div class=\"elementor-carousel-image-overlay e-overlay-animation-fade\">\r\n\t\t\t\tC\u01a1 S\u1edf Gi\u00e1o D\u1ee5c\t\t\t<\/div>\r\n\t\t\t<\/a>\t\t\t\t\t\t<\/div>\r\n\t\t\t\t\t\t\t\t\t\t\t<div class=\"swiper-slide\" role=\"group\" aria-roledescription=\"slide\">\r\n\t\t\t\t\t\t\t<a href=\"http:\/\/searasportscom.codeorange.codeorange.host\/portfolio\/residential\">\t\t<div class=\"elementor-carousel-image\" role=\"img\" aria-label=\"B\u1ea5t \u0110\u1ed9ng S\u1ea3n Nh\u00e0 \u1ede\" style=\"background-image: url(&#039;https:\/\/searasports.zestdevelopment.com\/wp-content\/uploads\/2021\/11\/Residential.jpg&#039;)\">\r\n\r\n\t\t\t\r\n\t\t\t\t\t<\/div>\r\n\t\t\t\t\t<div class=\"elementor-carousel-image-overlay e-overlay-animation-fade\">\r\n\t\t\t\tB\u1ea5t \u0110\u1ed9ng S\u1ea3n Nh\u00e0 \u1ede\t\t\t<\/div>\r\n\t\t\t<\/a>\t\t\t\t\t\t<\/div>\r\n\t\t\t\t\t\t\t\t\t\t\t<div class=\"swiper-slide\" role=\"group\" aria-roledescription=\"slide\">\r\n\t\t\t\t\t\t\t<a href=\"http:\/\/searasportscom.codeorange.codeorange.host\/portfolio\/hospitality\">\t\t<div class=\"elementor-carousel-image\" role=\"img\" aria-label=\"Kh\u00e1ch S\u1ea1n\" style=\"background-image: url(&#039;https:\/\/searasports.zestdevelopment.com\/wp-content\/uploads\/2021\/11\/Hospitality.jpg&#039;)\">\r\n\r\n\t\t\t\r\n\t\t\t\t\t<\/div>\r\n\t\t\t\t\t<div class=\"elementor-carousel-image-overlay e-overlay-animation-fade\">\r\n\t\t\t\tKh\u00e1ch S\u1ea1n\t\t\t<\/div>\r\n\t\t\t<\/a>\t\t\t\t\t\t<\/div>\r\n\t\t\t\t\t\t\t\t\t\t\t<div class=\"swiper-slide\" role=\"group\" aria-roledescription=\"slide\">\r\n\t\t\t\t\t\t\t<a href=\"http:\/\/searasportscom.codeorange.codeorange.host\/portfolio\/fitness-centers\">\t\t<div class=\"elementor-carousel-image\" role=\"img\" aria-label=\"Trung T\u00e2m Th\u1ec3 D\u1ee5c\" style=\"background-image: url(&#039;https:\/\/searasports.zestdevelopment.com\/wp-content\/uploads\/2021\/11\/Fitness-Centers.jpg&#039;)\">\r\n\r\n\t\t\t\r\n\t\t\t\t\t<\/div>\r\n\t\t\t\t\t<div class=\"elementor-carousel-image-overlay e-overlay-animation-fade\">\r\n\t\t\t\tTrung T\u00e2m Th\u1ec3 D\u1ee5c\t\t\t<\/div>\r\n\t\t\t<\/a>\t\t\t\t\t\t<\/div>\r\n\t\t\t\t\t\t\t\t\t\t\t<div class=\"swiper-slide\" role=\"group\" aria-roledescription=\"slide\">\r\n\t\t\t\t\t\t\t<a href=\"http:\/\/searasportscom.codeorange.codeorange.host\/portfolio\/medical\">\t\t<div class=\"elementor-carousel-image\" role=\"img\" aria-label=\"Trung T\u00e2m Y T\u1ebf\" style=\"background-image: url(&#039;https:\/\/searasports.zestdevelopment.com\/wp-content\/uploads\/2021\/11\/Medical.jpg&#039;)\">\r\n\r\n\t\t\t\r\n\t\t\t\t\t<\/div>\r\n\t\t\t\t\t<div class=\"elementor-carousel-image-overlay e-overlay-animation-fade\">\r\n\t\t\t\tTrung T\u00e2m Y T\u1ebf\t\t\t<\/div>\r\n\t\t\t<\/a>\t\t\t\t\t\t<\/div>\r\n\t\t\t\t\t\t\t\t\t\t\t<div class=\"swiper-slide\" role=\"group\" aria-roledescription=\"slide\">\r\n\t\t\t\t\t\t\t<a href=\"http:\/\/searasportscom.codeorange.codeorange.host\/portfolio\/corporate\">\t\t<div class=\"elementor-carousel-image\" role=\"img\" aria-label=\"Doanh Nghi\u1ec7pDoanh Nghi\u1ec7p\" style=\"background-image: url(&#039;https:\/\/searasports.zestdevelopment.com\/wp-content\/uploads\/2021\/11\/Corporate.jpg&#039;)\">\r\n\r\n\t\t\t\r\n\t\t\t\t\t<\/div>\r\n\t\t\t\t\t<div class=\"elementor-carousel-image-overlay e-overlay-animation-fade\">\r\n\t\t\t\tDoanh Nghi\u1ec7pDoanh Nghi\u1ec7p\t\t\t<\/div>\r\n\t\t\t<\/a>\t\t\t\t\t\t<\/div>\r\n\t\t\t\t\t\t\t\t\t\t\t<div class=\"swiper-slide\" role=\"group\" aria-roledescription=\"slide\">\r\n\t\t\t\t\t\t\t<a href=\"http:\/\/searasportscom.codeorange.codeorange.host\/portfolio\/training-studio\/\">\t\t<div class=\"elementor-carousel-image\" role=\"img\" aria-label=\"Studios and Boutiques\" style=\"background-image: url(&#039;https:\/\/searasports.zestdevelopment.com\/wp-content\/uploads\/2021\/11\/Studios-and-Boutiques.jpg&#039;)\">\r\n\r\n\t\t\t\r\n\t\t\t\t\t<\/div>\r\n\t\t\t\t\t<div class=\"elementor-carousel-image-overlay e-overlay-animation-fade\">\r\n\t\t\t\tStudios and Boutiques\t\t\t<\/div>\r\n\t\t\t<\/a>\t\t\t\t\t\t<\/div>\r\n\t\t\t\t\t\t\t\t\t\t\t<div class=\"swiper-slide\" role=\"group\" aria-roledescription=\"slide\">\r\n\t\t\t\t\t\t\t<a href=\"http:\/\/searasportscom.codeorange.codeorange.host\/portfolio\/home-fitness\">\t\t<div class=\"elementor-carousel-image\" role=\"img\" aria-label=\"Ph\u00f2ng T\u1eadp Th\u1ec3 D\u1ee5c T\u1ea1i Nh\u00e0\" style=\"background-image: url(&#039;https:\/\/searasports.zestdevelopment.com\/wp-content\/uploads\/2021\/11\/Home-Fitness-1.jpg&#039;)\">\r\n\r\n\t\t\t\r\n\t\t\t\t\t<\/div>\r\n\t\t\t\t\t<div class=\"elementor-carousel-image-overlay e-overlay-animation-fade\">\r\n\t\t\t\tPh\u00f2ng T\u1eadp Th\u1ec3 D\u1ee5c T\u1ea1i Nh\u00e0\t\t\t<\/div>\r\n\t\t\t<\/a>\t\t\t\t\t\t<\/div>\r\n\t\t\t\t\t\t\t\t\t\t\t<div class=\"swiper-slide\" role=\"group\" aria-roledescription=\"slide\">\r\n\t\t\t\t\t\t\t<a href=\"http:\/\/searasportscom.codeorange.codeorange.host\/portfolio\/brunswick\">\t\t<div class=\"elementor-carousel-image\" role=\"img\" aria-label=\"Brunswick\" style=\"background-image: url(&#039;https:\/\/searasports.zestdevelopment.com\/wp-content\/uploads\/2021\/11\/Brunswick.jpg&#039;)\">\r\n\r\n\t\t\t\r\n\t\t\t\t\t<\/div>\r\n\t\t\t\t\t<div class=\"elementor-carousel-image-overlay e-overlay-animation-fade\">\r\n\t\t\t\tBrunswick\t\t\t<\/div>\r\n\t\t\t<\/a>\t\t\t\t\t\t<\/div>\r\n\t\t\t\t\t\t\t\t\t<\/div>\r\n\t\t\t\t\t\t\t\t\t\t\t\t\t\t\t<div class=\"elementor-swiper-button elementor-swiper-button-prev\" role=\"button\" tabindex=\"0\" aria-label=\"Previous\" data-no-translation-aria-label=\"\">\r\n\t\t\t\t\t\t\t<i aria-hidden=\"true\" class=\"eicon-chevron-left\"><\/i>\t\t\t\t\t\t<\/div>\r\n\t\t\t\t\t\t<div class=\"elementor-swiper-button elementor-swiper-button-next\" role=\"button\" tabindex=\"0\" aria-label=\"Next\" data-no-translation-aria-label=\"\">\r\n\t\t\t\t\t\t\t<i aria-hidden=\"true\" class=\"eicon-chevron-right\"><\/i>\t\t\t\t\t\t<\/div>\r\n\t\t\t\t\t\t\t\t\t\t\t\t\t\t\t\t<div class=\"swiper-pagination\"><\/div>\r\n\t\t\t\t\t\t\t\t\t\t\t\t<\/div>\r\n\t\t\t\t<\/div>\r\n\t\t\t\t\t\t\t\t<\/div>\n\t\t\t\t<\/div>\n\t\t\t\t<div class=\"elementor-element elementor-element-224f0d0b elementor-grid-3 elementor-grid-tablet-2 elementor-grid-mobile-1 elementor-widget elementor-widget-portfolio\" data-id=\"224f0d0b\" data-element_type=\"widget\" data-e-type=\"widget\" data-settings=\"{&quot;row_gap&quot;:{&quot;unit&quot;:&quot;px&quot;,&quot;size&quot;:30,&quot;sizes&quot;:[]},&quot;columns&quot;:&quot;3&quot;,&quot;columns_tablet&quot;:&quot;2&quot;,&quot;columns_mobile&quot;:&quot;1&quot;,&quot;item_ratio&quot;:{&quot;unit&quot;:&quot;px&quot;,&quot;size&quot;:0.66,&quot;sizes&quot;:[]},&quot;item_gap&quot;:{&quot;unit&quot;:&quot;px&quot;,&quot;size&quot;:&quot;&quot;,&quot;sizes&quot;:[]}}\" data-widget_type=\"portfolio.default\">\n\t\t\t\t<div class=\"elementor-widget-container\">\n\t\t\t\t\t\t\t<ul class=\"elementor-portfolio__filters\">\r\n\t\t\t<li class=\"elementor-portfolio__filter elementor-active\" tabindex=\"0\" data-filter=\"__all\">All<\/li>\r\n\t\t\t\t\t\t\t<li class=\"elementor-portfolio__filter\" tabindex=\"0\" data-filter=\"8\">Th\u1ec3 Thao Chuy\u00ean Nghi\u1ec7p<\/li>\r\n\t\t\t\t\t\t\t<li class=\"elementor-portfolio__filter\" tabindex=\"0\" data-filter=\"9\">X\u00e2y D\u1ef1ng Trung T\u00e2m Th\u1ec3 Thao<\/li>\r\n\t\t\t\t\t<\/ul>\r\n\t\t\t\t<div class=\"elementor-portfolio elementor-grid elementor-posts-container\" role=\"list\">\r\n\t\t\t\t<article class=\"elementor-portfolio-item elementor-post elementor-filter-8 post-620 projects type-projects status-publish has-post-thumbnail hentry sectors-medical solution-commercial-fitness\" role=\"listitem\">\r\n\t\t\t<a class=\"elementor-post__thumbnail__link\" href=\"https:\/\/searasports.zestdevelopment.com\/vi\/projects\/cnmi-hospital\/\">\r\n\t\t\t\t<div class=\"elementor-portfolio-item__img elementor-post__thumbnail\">\r\n\t\t\t<img fetchpriority=\"high\" decoding=\"async\" width=\"300\" height=\"200\" src=\"https:\/\/searasports.zestdevelopment.com\/wp-content\/uploads\/2021\/11\/CNMI-Hospital-1-300x200.jpg\" class=\"attachment-medium size-medium wp-image-621\" alt=\"CNMI Hospital 1\" srcset=\"https:\/\/searasports.zestdevelopment.com\/wp-content\/uploads\/2021\/11\/CNMI-Hospital-1-300x200.jpg 300w, https:\/\/searasports.zestdevelopment.com\/wp-content\/uploads\/2021\/11\/CNMI-Hospital-1-1024x683.jpg 1024w, https:\/\/searasports.zestdevelopment.com\/wp-content\/uploads\/2021\/11\/CNMI-Hospital-1-768x512.jpg 768w, https:\/\/searasports.zestdevelopment.com\/wp-content\/uploads\/2021\/11\/CNMI-Hospital-1-18x12.jpg 18w, https:\/\/searasports.zestdevelopment.com\/wp-content\/uploads\/2021\/11\/CNMI-Hospital-1.jpg 1200w\" sizes=\"(max-width: 300px) 100vw, 300px\" \/>\t\t<\/div>\r\n\t\t\t\t<div class=\"elementor-portfolio-item__overlay\">\r\n\t\t\t\t<h4 class=\"elementor-portfolio-item__title\">\r\n\t\tCNMI Hospital\t\t<\/h4>\r\n\t\t\t\t<\/div>\r\n\t\t\t\t<\/a>\r\n\t\t<\/article>\r\n\t\t\t\t<article class=\"elementor-portfolio-item elementor-post elementor-filter-8 post-641 projects type-projects status-publish has-post-thumbnail hentry sectors-medical solution-commercial-fitness\" role=\"listitem\">\r\n\t\t\t<a class=\"elementor-post__thumbnail__link\" href=\"https:\/\/searasports.zestdevelopment.com\/vi\/projects\/ramathibodhi-hospital\/\">\r\n\t\t\t\t<div class=\"elementor-portfolio-item__img elementor-post__thumbnail\">\r\n\t\t\t<img decoding=\"async\" width=\"300\" height=\"200\" src=\"https:\/\/searasports.zestdevelopment.com\/wp-content\/uploads\/2021\/11\/Ramathibodhi-Hospital-1-300x200.jpg\" class=\"attachment-medium size-medium wp-image-642\" alt=\"Ramathibodhi Hospital 1\" srcset=\"https:\/\/searasports.zestdevelopment.com\/wp-content\/uploads\/2021\/11\/Ramathibodhi-Hospital-1-300x200.jpg 300w, https:\/\/searasports.zestdevelopment.com\/wp-content\/uploads\/2021\/11\/Ramathibodhi-Hospital-1-1024x683.jpg 1024w, https:\/\/searasports.zestdevelopment.com\/wp-content\/uploads\/2021\/11\/Ramathibodhi-Hospital-1-768x512.jpg 768w, https:\/\/searasports.zestdevelopment.com\/wp-content\/uploads\/2021\/11\/Ramathibodhi-Hospital-1-18x12.jpg 18w, https:\/\/searasports.zestdevelopment.com\/wp-content\/uploads\/2021\/11\/Ramathibodhi-Hospital-1.jpg 1200w\" sizes=\"(max-width: 300px) 100vw, 300px\" \/>\t\t<\/div>\r\n\t\t\t\t<div class=\"elementor-portfolio-item__overlay\">\r\n\t\t\t\t<h4 class=\"elementor-portfolio-item__title\">\r\n\t\tRamathibodhi Hospital\t\t<\/h4>\r\n\t\t\t\t<\/div>\r\n\t\t\t\t<\/a>\r\n\t\t<\/article>\r\n\t\t\t\t<article class=\"elementor-portfolio-item elementor-post elementor-filter-8 elementor-filter-9 post-618 projects type-projects status-publish has-post-thumbnail hentry sectors-medical solution-commercial-fitness solution-sports-construction\" role=\"listitem\">\r\n\t\t\t<a class=\"elementor-post__thumbnail__link\" href=\"https:\/\/searasports.zestdevelopment.com\/vi\/projects\/samitivej-hospital\/\">\r\n\t\t\t\t<div class=\"elementor-portfolio-item__img elementor-post__thumbnail\">\r\n\t\t\t<img decoding=\"async\" width=\"300\" height=\"200\" src=\"https:\/\/searasports.zestdevelopment.com\/wp-content\/uploads\/2021\/11\/Samitivej-Hospital-1-300x200.jpg\" class=\"attachment-medium size-medium wp-image-619\" alt=\"Samitivej Hospital 1\" srcset=\"https:\/\/searasports.zestdevelopment.com\/wp-content\/uploads\/2021\/11\/Samitivej-Hospital-1-300x200.jpg 300w, https:\/\/searasports.zestdevelopment.com\/wp-content\/uploads\/2021\/11\/Samitivej-Hospital-1-1024x683.jpg 1024w, https:\/\/searasports.zestdevelopment.com\/wp-content\/uploads\/2021\/11\/Samitivej-Hospital-1-768x512.jpg 768w, https:\/\/searasports.zestdevelopment.com\/wp-content\/uploads\/2021\/11\/Samitivej-Hospital-1-18x12.jpg 18w, https:\/\/searasports.zestdevelopment.com\/wp-content\/uploads\/2021\/11\/Samitivej-Hospital-1.jpg 1200w\" sizes=\"(max-width: 300px) 100vw, 300px\" \/>\t\t<\/div>\r\n\t\t\t\t<div class=\"elementor-portfolio-item__overlay\">\r\n\t\t\t\t<h4 class=\"elementor-portfolio-item__title\">\r\n\t\tSamitivej Hospital\t\t<\/h4>\r\n\t\t\t\t<\/div>\r\n\t\t\t\t<\/a>\r\n\t\t<\/article>\r\n\t\t\t\t<article class=\"elementor-portfolio-item elementor-post elementor-filter-8 post-626 projects type-projects status-publish has-post-thumbnail hentry sectors-fitness-centers sectors-medical solution-commercial-fitness\" role=\"listitem\">\r\n\t\t\t<a class=\"elementor-post__thumbnail__link\" href=\"https:\/\/searasports.zestdevelopment.com\/vi\/projects\/srisawan-hospital\/\">\r\n\t\t\t\t<div class=\"elementor-portfolio-item__img elementor-post__thumbnail\">\r\n\t\t\t<img loading=\"lazy\" decoding=\"async\" width=\"300\" height=\"200\" src=\"https:\/\/searasports.zestdevelopment.com\/wp-content\/uploads\/2023\/11\/Srisawan-Hospital-1-300x200.jpg\" class=\"attachment-medium size-medium wp-image-15123\" alt=\"Sriswan Hospital\" srcset=\"https:\/\/searasports.zestdevelopment.com\/wp-content\/uploads\/2023\/11\/Srisawan-Hospital-1-300x200.jpg 300w, https:\/\/searasports.zestdevelopment.com\/wp-content\/uploads\/2023\/11\/Srisawan-Hospital-1-1024x683.jpg 1024w, https:\/\/searasports.zestdevelopment.com\/wp-content\/uploads\/2023\/11\/Srisawan-Hospital-1-768x512.jpg 768w, https:\/\/searasports.zestdevelopment.com\/wp-content\/uploads\/2023\/11\/Srisawan-Hospital-1-18x12.jpg 18w, https:\/\/searasports.zestdevelopment.com\/wp-content\/uploads\/2023\/11\/Srisawan-Hospital-1.jpg 1200w\" sizes=\"(max-width: 300px) 100vw, 300px\" \/>\t\t<\/div>\r\n\t\t\t\t<div class=\"elementor-portfolio-item__overlay\">\r\n\t\t\t\t<h4 class=\"elementor-portfolio-item__title\">\r\n\t\tSriswan Hospital\t\t<\/h4>\r\n\t\t\t\t<\/div>\r\n\t\t\t\t<\/a>\r\n\t\t<\/article>\r\n\t\t\t\t<\/div>\r\n\t\t\t\t\t\t<\/div>\n\t\t\t\t<\/div>\n\t\t\t\t\t<\/div>\n\t\t<\/div>\n\t\t\t\t\t<\/div>\n\t\t<\/section>\n\t\t\t\t<\/div>","protected":false},"excerpt":{"rendered":"<p>Medical Seara is a provider of many brands that either specialize in medical and rehabilitation equipment or provide specific models within their model range which are primarily used in medical and rehabilitation facilities. Brands such as SciFit, Life Fitness, Gym 80, manufacture equipment specifically to work with health professionals and their patient\u2019s strength and cardiovascular [&hellip;]<\/p>","protected":false},"author":1,"featured_media":167,"parent":291,"menu_order":0,"comment_status":"closed","ping_status":"closed","template":"","meta":{"footnotes":""},"class_list":["post-4978","page","type-page","status-publish","has-post-thumbnail","hentry"],"_links":{"self":[{"href":"https:\/\/searasports.zestdevelopment.com\/vi\/wp-json\/wp\/v2\/pages\/4978","targetHints":{"allow":["GET"]}}],"collection":[{"href":"https:\/\/searasports.zestdevelopment.com\/vi\/wp-json\/wp\/v2\/pages"}],"about":[{"href":"https:\/\/searasports.zestdevelopment.com\/vi\/wp-json\/wp\/v2\/types\/page"}],"author":[{"embeddable":true,"href":"https:\/\/searasports.zestdevelopment.com\/vi\/wp-json\/wp\/v2\/users\/1"}],"replies":[{"embeddable":true,"href":"https:\/\/searasports.zestdevelopment.com\/vi\/wp-json\/wp\/v2\/comments?post=4978"}],"version-history":[{"count":0,"href":"https:\/\/searasports.zestdevelopment.com\/vi\/wp-json\/wp\/v2\/pages\/4978\/revisions"}],"up":[{"embeddable":true,"href":"https:\/\/searasports.zestdevelopment.com\/vi\/wp-json\/wp\/v2\/pages\/291"}],"wp:featuredmedia":[{"embeddable":true,"href":"https:\/\/searasports.zestdevelopment.com\/vi\/wp-json\/wp\/v2\/media\/167"}],"wp:attachment":[{"href":"https:\/\/searasports.zestdevelopment.com\/vi\/wp-json\/wp\/v2\/media?parent=4978"}],"curies":[{"name":"wp","href":"https:\/\/api.w.org\/{rel}","templated":true}]}}